{"id":2287,"date":"2018-08-30T10:09:57","date_gmt":"2018-08-30T08:09:57","guid":{"rendered":"https:\/\/www.hotel-napoleon.it\/pagina-di-esempio\/"},"modified":"2025-12-05T14:41:34","modified_gmt":"2025-12-05T13:41:34","slug":"pagina-di-esempio","status":"publish","type":"page","link":"https:\/\/www.hotel-napoleon.it\/de\/","title":{"rendered":"3-Stern-Hotel Gabicce direkt am Meer"},"content":{"rendered":"<p><strong>Bereit f\u00fcr den Sommer 2026!<\/strong><\/p>\n<p>Hotel in Gabicce Mare in den Marken, modernes und komfortables 3-Sterne-Hotel f\u00fcr Familien, direkt am Meer gelegen, ohne Zwischenstra\u00dfe, die das Hotel vom Strand trennt, und im Zentrum der angenehmen Fu\u00dfg\u00e4ngerzone am Abend. Es verf\u00fcgt \u00fcber komfortable, helle und ruhige Zimmer, alle mit Klimaanlage, Minibar, Radio, Farbfernseher, Safe und Balkon. Herrlicher Panoramapool auf der obersten Etage mit Whirlpool und gro\u00dfen Terrassen mit Blick auf die Bucht. Moderne Parkpl\u00e4tze und private Garage nur wenige Schritte vom Hotel entfernt. F\u00fcr eingefleischte Internetnutzer steht der WLAN-Service auch am Strand vor dem Hotel zur Verf\u00fcgung!!!!! Das Hotel wird von den Eigent\u00fcmern, der Familie SILVAGNI, mit Sorgfalt und Professionalit\u00e4t gef\u00fchrt und geleitet. W\u00e4hlen Sie unser 3-Sterne-Hotel in Gabicce und Sie werden die vielen Dienstleistungen und die Gastfreundschaft entdecken, die wir allen unseren G\u00e4sten bieten<\/p>\n","protected":false},"excerpt":{"rendered":"<p>Bereit f\u00fcr den Sommer 2026! Hotel in Gabicce Mare in den Marken, modernes und komfortables 3-Sterne-Hotel f\u00fcr Familien, direkt am Meer gelegen, ohne Zwischenstra\u00dfe, die das Hotel vom Strand trennt, und im Zentrum der angenehmen Fu\u00dfg\u00e4ngerzone am Abend. Es verf\u00fcgt \u00fcber komfortable, helle und ruhige Zimmer, alle mit Klimaanlage, Minibar, Radio, Farbfernseher, Safe und Balkon. Herrlicher Panoramapool auf der obersten Etage mit Whirlpool und gro\u00dfen Terrassen mit Blick auf die &#8230;<\/p>\n","protected":false},"author":1,"featured_media":0,"parent":0,"menu_order":0,"comment_status":"closed","ping_status":"open","template":"","meta":{"_acf_changed":false},"class_list":["post-2287","page","type-page","status-publish","hentry"],"acf":[],"_links":{"self":[{"href":"https:\/\/www.hotel-napoleon.it\/de\/wp-json\/wp\/v2\/pages\/2287","targetHints":{"allow":["GET"]}}],"collection":[{"href":"https:\/\/www.hotel-napoleon.it\/de\/wp-json\/wp\/v2\/pages"}],"about":[{"href":"https:\/\/www.hotel-napoleon.it\/de\/wp-json\/wp\/v2\/types\/page"}],"author":[{"embeddable":true,"href":"https:\/\/www.hotel-napoleon.it\/de\/wp-json\/wp\/v2\/users\/1"}],"replies":[{"embeddable":true,"href":"https:\/\/www.hotel-napoleon.it\/de\/wp-json\/wp\/v2\/comments?post=2287"}],"version-history":[{"count":0,"href":"https:\/\/www.hotel-napoleon.it\/de\/wp-json\/wp\/v2\/pages\/2287\/revisions"}],"wp:attachment":[{"href":"https:\/\/www.hotel-napoleon.it\/de\/wp-json\/wp\/v2\/media?parent=2287"}],"curies":[{"name":"wp","href":"https:\/\/api.w.org\/{rel}","templated":true}]}}