{"id":2335,"date":"2017-12-11T10:19:45","date_gmt":"2017-12-11T09:19:45","guid":{"rendered":"https:\/\/www.hotel-napoleon.it\/hotel-gabicce-con-piscina-solarium-e-parcheggio\/"},"modified":"2023-12-04T16:10:10","modified_gmt":"2023-12-04T15:10:10","slug":"service","status":"publish","type":"page","link":"https:\/\/www.hotel-napoleon.it\/de\/service\/","title":{"rendered":"Hotel Gabicce mit einem &#8222;Meer&#8220; von Dienstleistungen"},"content":{"rendered":"<h3><strong>Parken&#8230; KEIN STRESS<\/strong><\/h3>\n<p>Sehr oft wird in Badeorten, besonders w\u00e4hrend der Sommersaison, die Suche nach einem Parkplatz f\u00fcr Ihr Auto zu einer wahren Odyssee. F\u00fcr die G\u00e4ste des Hotels Napoleon ist das Parken kein Problem und wird nie eine Quelle von Stress sein, da ihnen nur wenige Schritte vom Hotel entfernt ein gro\u00dfer privater und eingez\u00e4unter Parkplatz und eine brandneue GARAGE zur Verf\u00fcgung stehen (auf Anfrage).<\/p>\n<p><strong>Panoramaschwimmbad in der obersten Etage mit herrlichem Blick auf den Golf.<\/strong><\/p>\n<p>Ausgestattet mit einer Gegenstromanlage und zwei gro\u00dfen Terrassen. Beheiztes Jacuzzi-Schwimmbad*. UVA-Strahlen-Solarium.<\/p>\n<p><strong>Im Urlaub auch am Tisch&#8230;<\/strong><\/p>\n<p>Das Hotel bietet auch eine besonders raffinierte K\u00fcche, die Fischspezialit\u00e4ten, typisch italienische und internationale Gerichte bietet, angereichert durch ein Buffet mit Salaten und frischem Gem\u00fcse zu jeder Mahlzeit.<\/p>\n<p><strong>Ein Meer von Dienstleistungen &#8230;<\/strong><\/p>\n<p>Das Hotel bietet seinen G\u00e4sten gro\u00dfe Wohnzimmer f\u00fcr angenehme Momente der Entspannung, Besprechungen und Lekt\u00fcre; TV-Ecke auch mit Satellitenempfang.<\/p>\n<p>Die gut sortierte Bar mit Blick auf die Abendpromenade kann die anspruchsvollsten Kunden zufriedenstellen, f\u00fcr die das Napoleon Hotel eine nette und am\u00fcsante periodische Unterhaltung* bietet. Kostenloser Fahrradverleih f\u00fcr G\u00e4ste zum Spazierengehen und Einkaufen.<\/p>\n<p><strong>Internet Point und Wi-Fi<\/strong><\/p>\n<p>F\u00fcr diejenigen, die im Internet surfen, ihre E-Mails lesen, chatten oder Informationen suchen m\u00f6chten, steht den Hotelg\u00e4sten ein Internet Point sowie ein drahtloses Netzwerk im gesamten Hotel zur Verf\u00fcgung, und der Service steht eingefleischten Internetnutzern sogar am Strand zur Verf\u00fcgung vor dem Hotel!!!!!<\/p>\n<p>* In diesem Sommer k\u00f6nnen einige Hotelleistungen in \u00dcbereinstimmung mit den geltenden Vorschriften zur sozialen Distanzierung ge\u00e4ndert oder eingeschr\u00e4nkt werden, um dies zu gew\u00e4hrleisten<br \/>\nMaximale Sicherheit f\u00fcr unsere G\u00e4ste, insbesondere die Kleinen. Gesundheit geht vor\u2026<br \/>\nSicherlich Ihres Verst\u00e4ndnisses danken wir Ihnen im Voraus.<\/p>\n<div id='gallery-1' class='gallery galleryid-2335  gallery-size-full'><div class='owl-carousel owl-carousel-multiple-carousel-style'\n\t\t\t\t\t\t\tdata-owl-navigation='true'\n\t\t\t\t\t\t\tdata-owl-slide-speed='300'\n\t\t\t\t\t\t\tdata-owl-autoplay='false'\n\t\t\t\t\t\t\tdata-owl-dots='false'\n\t\t\t\t\t\t\tdata-owl-dots-speed='300'\n\t\t\t\t\t\t\tdata-owl-items-xs='1'data-owl-items-sm='2'data-owl-items-md='3'data-owl-items-lg='3'data-owl-items-xl='3'\n\t\t\t\t\t\t><figure class='gallery-item'>\n\t\t\t\t<div class='gallery-icon landscape'>\n\t\t\t\t\t<a href='https:\/\/www.hotel-napoleon.it\/wp-content\/uploads\/2019\/07\/Gallery-Servizi-02-Hotel-Napoleon-Gabicce.jpg' data-size=\"1000x700\"><img loading=\"lazy\" decoding=\"async\" width=\"1000\" height=\"700\" src=\"https:\/\/www.hotel-napoleon.it\/wp-content\/uploads\/2019\/07\/Gallery-Servizi-02-Hotel-Napoleon-Gabicce.jpg\" class=\"attachment-full size-full\" alt=\"Hotel-Napoleon-Gabicce hall reception\" srcset=\"https:\/\/www.hotel-napoleon.it\/wp-content\/uploads\/2019\/07\/Gallery-Servizi-02-Hotel-Napoleon-Gabicce.jpg 1000w, https:\/\/www.hotel-napoleon.it\/wp-content\/uploads\/2019\/07\/Gallery-Servizi-02-Hotel-Napoleon-Gabicce-768x538.jpg 768w, https:\/\/www.hotel-napoleon.it\/wp-content\/uploads\/2019\/07\/Gallery-Servizi-02-Hotel-Napoleon-Gabicce-57x40.jpg 57w, https:\/\/www.hotel-napoleon.it\/wp-content\/uploads\/2019\/07\/Gallery-Servizi-02-Hotel-Napoleon-Gabicce-72x50.jpg 72w, https:\/\/www.hotel-napoleon.it\/wp-content\/uploads\/2019\/07\/Gallery-Servizi-02-Hotel-Napoleon-Gabicce-114x80.jpg 114w, https:\/\/www.hotel-napoleon.it\/wp-content\/uploads\/2019\/07\/Gallery-Servizi-02-Hotel-Napoleon-Gabicce-144x101.jpg 144w\" sizes=\"auto, (max-width: 1000px) 100vw, 1000px\" \/><\/a>\n\t\t\t\t<\/div><\/figure><figure class='gallery-item'>\n\t\t\t\t<div class='gallery-icon landscape'>\n\t\t\t\t\t<a href='https:\/\/www.hotel-napoleon.it\/wp-content\/uploads\/2019\/07\/Gallery-Servizi-03-Hotel-Napoleon-Gabicce.jpg' data-size=\"1000x700\"><img loading=\"lazy\" decoding=\"async\" width=\"1000\" height=\"700\" src=\"https:\/\/www.hotel-napoleon.it\/wp-content\/uploads\/2019\/07\/Gallery-Servizi-03-Hotel-Napoleon-Gabicce.jpg\" class=\"attachment-full size-full\" alt=\"Hotel-Napoleon-Gabicce Bar\" srcset=\"https:\/\/www.hotel-napoleon.it\/wp-content\/uploads\/2019\/07\/Gallery-Servizi-03-Hotel-Napoleon-Gabicce.jpg 1000w, https:\/\/www.hotel-napoleon.it\/wp-content\/uploads\/2019\/07\/Gallery-Servizi-03-Hotel-Napoleon-Gabicce-768x538.jpg 768w, https:\/\/www.hotel-napoleon.it\/wp-content\/uploads\/2019\/07\/Gallery-Servizi-03-Hotel-Napoleon-Gabicce-57x40.jpg 57w, https:\/\/www.hotel-napoleon.it\/wp-content\/uploads\/2019\/07\/Gallery-Servizi-03-Hotel-Napoleon-Gabicce-72x50.jpg 72w, https:\/\/www.hotel-napoleon.it\/wp-content\/uploads\/2019\/07\/Gallery-Servizi-03-Hotel-Napoleon-Gabicce-114x80.jpg 114w, https:\/\/www.hotel-napoleon.it\/wp-content\/uploads\/2019\/07\/Gallery-Servizi-03-Hotel-Napoleon-Gabicce-144x101.jpg 144w\" sizes=\"auto, (max-width: 1000px) 100vw, 1000px\" \/><\/a>\n\t\t\t\t<\/div><\/figure><figure class='gallery-item'>\n\t\t\t\t<div class='gallery-icon landscape'>\n\t\t\t\t\t<a href='https:\/\/www.hotel-napoleon.it\/wp-content\/uploads\/2019\/07\/Gallery-Piscina-01-Hotel-Napoleon-Gabicce.jpg' data-size=\"1000x700\"><img loading=\"lazy\" decoding=\"async\" width=\"1000\" height=\"700\" src=\"https:\/\/www.hotel-napoleon.it\/wp-content\/uploads\/2019\/07\/Gallery-Piscina-01-Hotel-Napoleon-Gabicce.jpg\" class=\"attachment-full size-full\" alt=\"Hotel Gabicce con piscina\" srcset=\"https:\/\/www.hotel-napoleon.it\/wp-content\/uploads\/2019\/07\/Gallery-Piscina-01-Hotel-Napoleon-Gabicce.jpg 1000w, https:\/\/www.hotel-napoleon.it\/wp-content\/uploads\/2019\/07\/Gallery-Piscina-01-Hotel-Napoleon-Gabicce-768x538.jpg 768w, https:\/\/www.hotel-napoleon.it\/wp-content\/uploads\/2019\/07\/Gallery-Piscina-01-Hotel-Napoleon-Gabicce-57x40.jpg 57w, https:\/\/www.hotel-napoleon.it\/wp-content\/uploads\/2019\/07\/Gallery-Piscina-01-Hotel-Napoleon-Gabicce-72x50.jpg 72w, https:\/\/www.hotel-napoleon.it\/wp-content\/uploads\/2019\/07\/Gallery-Piscina-01-Hotel-Napoleon-Gabicce-114x80.jpg 114w, https:\/\/www.hotel-napoleon.it\/wp-content\/uploads\/2019\/07\/Gallery-Piscina-01-Hotel-Napoleon-Gabicce-144x101.jpg 144w\" sizes=\"auto, (max-width: 1000px) 100vw, 1000px\" \/><\/a>\n\t\t\t\t<\/div><\/figure><figure class='gallery-item'>\n\t\t\t\t<div class='gallery-icon landscape'>\n\t\t\t\t\t<a href='https:\/\/www.hotel-napoleon.it\/wp-content\/uploads\/2019\/07\/Gallery-Benessere-02-Hotel-Napoleon-Gabicce.jpg' data-size=\"1000x700\"><img loading=\"lazy\" decoding=\"async\" width=\"1000\" height=\"700\" src=\"https:\/\/www.hotel-napoleon.it\/wp-content\/uploads\/2019\/07\/Gallery-Benessere-02-Hotel-Napoleon-Gabicce.jpg\" class=\"attachment-full size-full\" alt=\"Hotel con idromassaggio benessere Gabicce\" aria-describedby=\"gallery-1-2023\" srcset=\"https:\/\/www.hotel-napoleon.it\/wp-content\/uploads\/2019\/07\/Gallery-Benessere-02-Hotel-Napoleon-Gabicce.jpg 1000w, https:\/\/www.hotel-napoleon.it\/wp-content\/uploads\/2019\/07\/Gallery-Benessere-02-Hotel-Napoleon-Gabicce-768x538.jpg 768w, https:\/\/www.hotel-napoleon.it\/wp-content\/uploads\/2019\/07\/Gallery-Benessere-02-Hotel-Napoleon-Gabicce-57x40.jpg 57w, https:\/\/www.hotel-napoleon.it\/wp-content\/uploads\/2019\/07\/Gallery-Benessere-02-Hotel-Napoleon-Gabicce-72x50.jpg 72w, https:\/\/www.hotel-napoleon.it\/wp-content\/uploads\/2019\/07\/Gallery-Benessere-02-Hotel-Napoleon-Gabicce-114x80.jpg 114w, https:\/\/www.hotel-napoleon.it\/wp-content\/uploads\/2019\/07\/Gallery-Benessere-02-Hotel-Napoleon-Gabicce-144x101.jpg 144w\" sizes=\"auto, (max-width: 1000px) 100vw, 1000px\" \/><\/a>\n\t\t\t\t<\/div>\n\t\t\t\t\t<figcaption class='wp-caption-text gallery-caption' id='gallery-1-2023'>\n\t\t\t\t\t\n\t\t\t\t\t<\/figcaption><\/figure><figure class='gallery-item'>\n\t\t\t\t<div class='gallery-icon landscape'>\n\t\t\t\t\t<a href='https:\/\/www.hotel-napoleon.it\/wp-content\/uploads\/2019\/07\/Gallery-Servizi-01-Hotel-Napoleon-Gabicce.jpg' data-size=\"1000x700\"><img loading=\"lazy\" decoding=\"async\" width=\"1000\" height=\"700\" src=\"https:\/\/www.hotel-napoleon.it\/wp-content\/uploads\/2019\/07\/Gallery-Servizi-01-Hotel-Napoleon-Gabicce.jpg\" class=\"attachment-full size-full\" alt=\"Hotel-Napoleon-Gabicce sala giochi bambini\" srcset=\"https:\/\/www.hotel-napoleon.it\/wp-content\/uploads\/2019\/07\/Gallery-Servizi-01-Hotel-Napoleon-Gabicce.jpg 1000w, https:\/\/www.hotel-napoleon.it\/wp-content\/uploads\/2019\/07\/Gallery-Servizi-01-Hotel-Napoleon-Gabicce-768x538.jpg 768w, https:\/\/www.hotel-napoleon.it\/wp-content\/uploads\/2019\/07\/Gallery-Servizi-01-Hotel-Napoleon-Gabicce-57x40.jpg 57w, https:\/\/www.hotel-napoleon.it\/wp-content\/uploads\/2019\/07\/Gallery-Servizi-01-Hotel-Napoleon-Gabicce-72x50.jpg 72w, https:\/\/www.hotel-napoleon.it\/wp-content\/uploads\/2019\/07\/Gallery-Servizi-01-Hotel-Napoleon-Gabicce-114x80.jpg 114w, https:\/\/www.hotel-napoleon.it\/wp-content\/uploads\/2019\/07\/Gallery-Servizi-01-Hotel-Napoleon-Gabicce-144x101.jpg 144w\" sizes=\"auto, (max-width: 1000px) 100vw, 1000px\" \/><\/a>\n\t\t\t\t<\/div><\/figure><figure class='gallery-item'>\n\t\t\t\t<div class='gallery-icon landscape'>\n\t\t\t\t\t<a href='https:\/\/www.hotel-napoleon.it\/wp-content\/uploads\/2019\/07\/Gallery-Benessere-03-Hotel-Napoleon-Gabicce.jpg' data-size=\"1000x700\"><img loading=\"lazy\" decoding=\"async\" width=\"1000\" height=\"700\" src=\"https:\/\/www.hotel-napoleon.it\/wp-content\/uploads\/2019\/07\/Gallery-Benessere-03-Hotel-Napoleon-Gabicce.jpg\" class=\"attachment-full size-full\" alt=\"Hotel con palestra Gabicce Mare\" srcset=\"https:\/\/www.hotel-napoleon.it\/wp-content\/uploads\/2019\/07\/Gallery-Benessere-03-Hotel-Napoleon-Gabicce.jpg 1000w, https:\/\/www.hotel-napoleon.it\/wp-content\/uploads\/2019\/07\/Gallery-Benessere-03-Hotel-Napoleon-Gabicce-768x538.jpg 768w, https:\/\/www.hotel-napoleon.it\/wp-content\/uploads\/2019\/07\/Gallery-Benessere-03-Hotel-Napoleon-Gabicce-57x40.jpg 57w, https:\/\/www.hotel-napoleon.it\/wp-content\/uploads\/2019\/07\/Gallery-Benessere-03-Hotel-Napoleon-Gabicce-72x50.jpg 72w, https:\/\/www.hotel-napoleon.it\/wp-content\/uploads\/2019\/07\/Gallery-Benessere-03-Hotel-Napoleon-Gabicce-114x80.jpg 114w, https:\/\/www.hotel-napoleon.it\/wp-content\/uploads\/2019\/07\/Gallery-Benessere-03-Hotel-Napoleon-Gabicce-144x101.jpg 144w\" sizes=\"auto, (max-width: 1000px) 100vw, 1000px\" \/><\/a>\n\t\t\t\t<\/div><\/figure><figure class='gallery-item'>\n\t\t\t\t<div class='gallery-icon landscape'>\n\t\t\t\t\t<a href='https:\/\/www.hotel-napoleon.it\/wp-content\/uploads\/2019\/07\/Gallery-Ristorante-03-Hotel-Napoleon-Gabicce.jpg' data-size=\"1000x700\"><img loading=\"lazy\" decoding=\"async\" width=\"1000\" height=\"700\" src=\"https:\/\/www.hotel-napoleon.it\/wp-content\/uploads\/2019\/07\/Gallery-Ristorante-03-Hotel-Napoleon-Gabicce.jpg\" class=\"attachment-full size-full\" alt=\"Hotel Napoleon Gabicce piatti di pesce\" srcset=\"https:\/\/www.hotel-napoleon.it\/wp-content\/uploads\/2019\/07\/Gallery-Ristorante-03-Hotel-Napoleon-Gabicce.jpg 1000w, https:\/\/www.hotel-napoleon.it\/wp-content\/uploads\/2019\/07\/Gallery-Ristorante-03-Hotel-Napoleon-Gabicce-768x538.jpg 768w, https:\/\/www.hotel-napoleon.it\/wp-content\/uploads\/2019\/07\/Gallery-Ristorante-03-Hotel-Napoleon-Gabicce-57x40.jpg 57w, https:\/\/www.hotel-napoleon.it\/wp-content\/uploads\/2019\/07\/Gallery-Ristorante-03-Hotel-Napoleon-Gabicce-72x50.jpg 72w, https:\/\/www.hotel-napoleon.it\/wp-content\/uploads\/2019\/07\/Gallery-Ristorante-03-Hotel-Napoleon-Gabicce-114x80.jpg 114w, https:\/\/www.hotel-napoleon.it\/wp-content\/uploads\/2019\/07\/Gallery-Ristorante-03-Hotel-Napoleon-Gabicce-144x101.jpg 144w\" sizes=\"auto, (max-width: 1000px) 100vw, 1000px\" \/><\/a>\n\t\t\t\t<\/div><\/figure><figure class='gallery-item'>\n\t\t\t\t<div class='gallery-icon landscape'>\n\t\t\t\t\t<a href='https:\/\/www.hotel-napoleon.it\/wp-content\/uploads\/2019\/07\/Gallery-Piscina-04-Hotel-Napoleon-Gabicce.jpg' data-size=\"1000x700\"><img loading=\"lazy\" decoding=\"async\" width=\"1000\" height=\"700\" src=\"https:\/\/www.hotel-napoleon.it\/wp-content\/uploads\/2019\/07\/Gallery-Piscina-04-Hotel-Napoleon-Gabicce.jpg\" class=\"attachment-full size-full\" alt=\"Hotel vista mare Gabicce\" srcset=\"https:\/\/www.hotel-napoleon.it\/wp-content\/uploads\/2019\/07\/Gallery-Piscina-04-Hotel-Napoleon-Gabicce.jpg 1000w, https:\/\/www.hotel-napoleon.it\/wp-content\/uploads\/2019\/07\/Gallery-Piscina-04-Hotel-Napoleon-Gabicce-768x538.jpg 768w, https:\/\/www.hotel-napoleon.it\/wp-content\/uploads\/2019\/07\/Gallery-Piscina-04-Hotel-Napoleon-Gabicce-57x40.jpg 57w, https:\/\/www.hotel-napoleon.it\/wp-content\/uploads\/2019\/07\/Gallery-Piscina-04-Hotel-Napoleon-Gabicce-72x50.jpg 72w, https:\/\/www.hotel-napoleon.it\/wp-content\/uploads\/2019\/07\/Gallery-Piscina-04-Hotel-Napoleon-Gabicce-114x80.jpg 114w, https:\/\/www.hotel-napoleon.it\/wp-content\/uploads\/2019\/07\/Gallery-Piscina-04-Hotel-Napoleon-Gabicce-144x101.jpg 144w\" sizes=\"auto, (max-width: 1000px) 100vw, 1000px\" \/><\/a>\n\t\t\t\t<\/div><\/figure><figure class='gallery-item'>\n\t\t\t\t<div class='gallery-icon landscape'>\n\t\t\t\t\t<a href='https:\/\/www.hotel-napoleon.it\/wp-content\/uploads\/2022\/12\/DSC9673-scaled.jpg' data-size=\"2560x1639\"><img loading=\"lazy\" decoding=\"async\" width=\"2560\" height=\"1639\" src=\"https:\/\/www.hotel-napoleon.it\/wp-content\/uploads\/2022\/12\/DSC9673-scaled.jpg\" class=\"attachment-full size-full\" alt=\"\" srcset=\"https:\/\/www.hotel-napoleon.it\/wp-content\/uploads\/2022\/12\/DSC9673-scaled.jpg 2560w, https:\/\/www.hotel-napoleon.it\/wp-content\/uploads\/2022\/12\/DSC9673-768x492.jpg 768w, https:\/\/www.hotel-napoleon.it\/wp-content\/uploads\/2022\/12\/DSC9673-1536x983.jpg 1536w, https:\/\/www.hotel-napoleon.it\/wp-content\/uploads\/2022\/12\/DSC9673-2048x1311.jpg 2048w, https:\/\/www.hotel-napoleon.it\/wp-content\/uploads\/2022\/12\/DSC9673-57x36.jpg 57w, https:\/\/www.hotel-napoleon.it\/wp-content\/uploads\/2022\/12\/DSC9673-72x46.jpg 72w, https:\/\/www.hotel-napoleon.it\/wp-content\/uploads\/2022\/12\/DSC9673-114x73.jpg 114w, https:\/\/www.hotel-napoleon.it\/wp-content\/uploads\/2022\/12\/DSC9673-144x92.jpg 144w\" sizes=\"auto, (max-width: 2560px) 100vw, 2560px\" \/><\/a>\n\t\t\t\t<\/div><\/figure>\n\t\t\t<\/div>\n<\/div>\n\n","protected":false},"excerpt":{"rendered":"<p>Parken&#8230; KEIN STRESS Sehr oft wird in Badeorten, besonders w\u00e4hrend der Sommersaison, die Suche nach einem Parkplatz f\u00fcr Ihr Auto zu einer wahren Odyssee. F\u00fcr die G\u00e4ste des Hotels Napoleon ist das Parken kein Problem und wird nie eine Quelle von Stress sein, da ihnen nur wenige Schritte vom Hotel entfernt ein gro\u00dfer privater und eingez\u00e4unter Parkplatz und eine brandneue GARAGE zur Verf\u00fcgung stehen (auf Anfrage). Panoramaschwimmbad in der obersten &#8230;<\/p>\n","protected":false},"author":1,"featured_media":0,"parent":0,"menu_order":0,"comment_status":"closed","ping_status":"closed","template":"","meta":{"_acf_changed":false},"class_list":["post-2335","page","type-page","status-publish","hentry"],"acf":[],"_links":{"self":[{"href":"https:\/\/www.hotel-napoleon.it\/de\/wp-json\/wp\/v2\/pages\/2335","targetHints":{"allow":["GET"]}}],"collection":[{"href":"https:\/\/www.hotel-napoleon.it\/de\/wp-json\/wp\/v2\/pages"}],"about":[{"href":"https:\/\/www.hotel-napoleon.it\/de\/wp-json\/wp\/v2\/types\/page"}],"author":[{"embeddable":true,"href":"https:\/\/www.hotel-napoleon.it\/de\/wp-json\/wp\/v2\/users\/1"}],"replies":[{"embeddable":true,"href":"https:\/\/www.hotel-napoleon.it\/de\/wp-json\/wp\/v2\/comments?post=2335"}],"version-history":[{"count":0,"href":"https:\/\/www.hotel-napoleon.it\/de\/wp-json\/wp\/v2\/pages\/2335\/revisions"}],"wp:attachment":[{"href":"https:\/\/www.hotel-napoleon.it\/de\/wp-json\/wp\/v2\/media?parent=2335"}],"curies":[{"name":"wp","href":"https:\/\/api.w.org\/{rel}","templated":true}]}}