{"id":2353,"date":"2019-07-16T17:18:08","date_gmt":"2019-07-16T15:18:08","guid":{"rendered":"https:\/\/www.hotel-napoleon.it\/hotel-ristorante-gabicce-sul-mare\/"},"modified":"2022-12-13T17:15:02","modified_gmt":"2022-12-13T16:15:02","slug":"die-kuche","status":"publish","type":"page","link":"https:\/\/www.hotel-napoleon.it\/de\/die-kuche\/","title":{"rendered":"Hotel Restaurant Gabicce am Meer"},"content":{"rendered":"<h2>Der Panorama-Speisesaal ist klimatisiert<\/h2>\n<p>Der <strong>klimatisierte Speisesaal<\/strong> befindet sich im ersten Stock mit <strong>Panoramablick auf das Meer<\/strong><\/p>\n<p>Die K\u00fcche und der Service sind <strong>sehr gepflegt<\/strong>. T\u00e4glich Buffet mit Beilagen und Salaten, Fleischmen\u00fc nach Wahl oder Fischspezialit\u00e4ten. Fr\u00fchst\u00fccksbuffet, Mittag- und Abendessen am Tisch serviert (Halbpension mit Abendessen). Gut sortierte Bar mit <strong>Blick auf die Promenade<\/strong>.<\/p>\n<p>Im Urlaub ist es sch\u00f6n, auch die Freuden des Tisches zu genie\u00dfen, und unser Restaurant wird alles tun, damit Sie die Aromen dieses gro\u00dfz\u00fcgigen Landes schmecken k\u00f6nnen, Gerichte auf der Basis von <strong>frischem Fisch und Fleisch<\/strong>, um Ihre Tage zu versch\u00f6nern und Sie mit unserer allseits bekannten K\u00fcche bekannt zu machen.<\/p>\n<div id='gallery-1' class='gallery galleryid-2353  gallery-size-full'><div class='owl-carousel owl-carousel-multiple-carousel-style'\n\t\t\t\t\t\t\tdata-owl-navigation='true'\n\t\t\t\t\t\t\tdata-owl-slide-speed='300'\n\t\t\t\t\t\t\tdata-owl-autoplay='false'\n\t\t\t\t\t\t\tdata-owl-dots='false'\n\t\t\t\t\t\t\tdata-owl-dots-speed='300'\n\t\t\t\t\t\t\tdata-owl-items-xs='1'data-owl-items-sm='2'data-owl-items-md='3'data-owl-items-lg='3'data-owl-items-xl='3'\n\t\t\t\t\t\t><figure class='gallery-item'>\n\t\t\t\t<div class='gallery-icon landscape'>\n\t\t\t\t\t<a href='https:\/\/www.hotel-napoleon.it\/wp-content\/uploads\/2022\/12\/P1000254-scaled.jpg' data-size=\"2560x1920\"><img loading=\"lazy\" decoding=\"async\" width=\"2560\" height=\"1920\" src=\"https:\/\/www.hotel-napoleon.it\/wp-content\/uploads\/2022\/12\/P1000254-scaled.jpg\" class=\"attachment-full size-full\" alt=\"\" srcset=\"https:\/\/www.hotel-napoleon.it\/wp-content\/uploads\/2022\/12\/P1000254-scaled.jpg 2560w, https:\/\/www.hotel-napoleon.it\/wp-content\/uploads\/2022\/12\/P1000254-768x576.jpg 768w, https:\/\/www.hotel-napoleon.it\/wp-content\/uploads\/2022\/12\/P1000254-1536x1152.jpg 1536w, https:\/\/www.hotel-napoleon.it\/wp-content\/uploads\/2022\/12\/P1000254-2048x1536.jpg 2048w, https:\/\/www.hotel-napoleon.it\/wp-content\/uploads\/2022\/12\/P1000254-57x43.jpg 57w, https:\/\/www.hotel-napoleon.it\/wp-content\/uploads\/2022\/12\/P1000254-72x54.jpg 72w, https:\/\/www.hotel-napoleon.it\/wp-content\/uploads\/2022\/12\/P1000254-114x86.jpg 114w, https:\/\/www.hotel-napoleon.it\/wp-content\/uploads\/2022\/12\/P1000254-144x108.jpg 144w, https:\/\/www.hotel-napoleon.it\/wp-content\/uploads\/2022\/12\/P1000254-600x450.jpg 600w\" sizes=\"auto, (max-width: 2560px) 100vw, 2560px\" \/><\/a>\n\t\t\t\t<\/div><\/figure><figure class='gallery-item'>\n\t\t\t\t<div class='gallery-icon landscape'>\n\t\t\t\t\t<a href='https:\/\/www.hotel-napoleon.it\/wp-content\/uploads\/2022\/12\/P4110014-2.jpg' data-size=\"2048x1536\"><img loading=\"lazy\" decoding=\"async\" width=\"2048\" height=\"1536\" src=\"https:\/\/www.hotel-napoleon.it\/wp-content\/uploads\/2022\/12\/P4110014-2.jpg\" class=\"attachment-full size-full\" alt=\"\" srcset=\"https:\/\/www.hotel-napoleon.it\/wp-content\/uploads\/2022\/12\/P4110014-2.jpg 2048w, https:\/\/www.hotel-napoleon.it\/wp-content\/uploads\/2022\/12\/P4110014-2-768x576.jpg 768w, https:\/\/www.hotel-napoleon.it\/wp-content\/uploads\/2022\/12\/P4110014-2-1536x1152.jpg 1536w, https:\/\/www.hotel-napoleon.it\/wp-content\/uploads\/2022\/12\/P4110014-2-57x43.jpg 57w, https:\/\/www.hotel-napoleon.it\/wp-content\/uploads\/2022\/12\/P4110014-2-72x54.jpg 72w, https:\/\/www.hotel-napoleon.it\/wp-content\/uploads\/2022\/12\/P4110014-2-114x86.jpg 114w, https:\/\/www.hotel-napoleon.it\/wp-content\/uploads\/2022\/12\/P4110014-2-144x108.jpg 144w, https:\/\/www.hotel-napoleon.it\/wp-content\/uploads\/2022\/12\/P4110014-2-600x450.jpg 600w\" sizes=\"auto, (max-width: 2048px) 100vw, 2048px\" \/><\/a>\n\t\t\t\t<\/div><\/figure><figure class='gallery-item'>\n\t\t\t\t<div class='gallery-icon landscape'>\n\t\t\t\t\t<a href='https:\/\/www.hotel-napoleon.it\/wp-content\/uploads\/2022\/12\/20170803_124640-scaled.jpg' data-size=\"2560x1920\"><img loading=\"lazy\" decoding=\"async\" width=\"2560\" height=\"1920\" src=\"https:\/\/www.hotel-napoleon.it\/wp-content\/uploads\/2022\/12\/20170803_124640-scaled.jpg\" class=\"attachment-full size-full\" alt=\"\" srcset=\"https:\/\/www.hotel-napoleon.it\/wp-content\/uploads\/2022\/12\/20170803_124640-scaled.jpg 2560w, https:\/\/www.hotel-napoleon.it\/wp-content\/uploads\/2022\/12\/20170803_124640-768x576.jpg 768w, https:\/\/www.hotel-napoleon.it\/wp-content\/uploads\/2022\/12\/20170803_124640-1536x1152.jpg 1536w, https:\/\/www.hotel-napoleon.it\/wp-content\/uploads\/2022\/12\/20170803_124640-2048x1536.jpg 2048w, https:\/\/www.hotel-napoleon.it\/wp-content\/uploads\/2022\/12\/20170803_124640-57x43.jpg 57w, https:\/\/www.hotel-napoleon.it\/wp-content\/uploads\/2022\/12\/20170803_124640-72x54.jpg 72w, https:\/\/www.hotel-napoleon.it\/wp-content\/uploads\/2022\/12\/20170803_124640-114x86.jpg 114w, https:\/\/www.hotel-napoleon.it\/wp-content\/uploads\/2022\/12\/20170803_124640-144x108.jpg 144w, https:\/\/www.hotel-napoleon.it\/wp-content\/uploads\/2022\/12\/20170803_124640-600x450.jpg 600w\" sizes=\"auto, (max-width: 2560px) 100vw, 2560px\" \/><\/a>\n\t\t\t\t<\/div><\/figure><figure class='gallery-item'>\n\t\t\t\t<div class='gallery-icon landscape'>\n\t\t\t\t\t<a href='https:\/\/www.hotel-napoleon.it\/wp-content\/uploads\/2022\/12\/P1010837-scaled.jpg' data-size=\"2560x1920\"><img loading=\"lazy\" decoding=\"async\" width=\"2560\" height=\"1920\" src=\"https:\/\/www.hotel-napoleon.it\/wp-content\/uploads\/2022\/12\/P1010837-scaled.jpg\" class=\"attachment-full size-full\" alt=\"\" srcset=\"https:\/\/www.hotel-napoleon.it\/wp-content\/uploads\/2022\/12\/P1010837-scaled.jpg 2560w, https:\/\/www.hotel-napoleon.it\/wp-content\/uploads\/2022\/12\/P1010837-768x576.jpg 768w, https:\/\/www.hotel-napoleon.it\/wp-content\/uploads\/2022\/12\/P1010837-1536x1152.jpg 1536w, https:\/\/www.hotel-napoleon.it\/wp-content\/uploads\/2022\/12\/P1010837-2048x1536.jpg 2048w, https:\/\/www.hotel-napoleon.it\/wp-content\/uploads\/2022\/12\/P1010837-57x43.jpg 57w, https:\/\/www.hotel-napoleon.it\/wp-content\/uploads\/2022\/12\/P1010837-72x54.jpg 72w, https:\/\/www.hotel-napoleon.it\/wp-content\/uploads\/2022\/12\/P1010837-114x86.jpg 114w, https:\/\/www.hotel-napoleon.it\/wp-content\/uploads\/2022\/12\/P1010837-144x108.jpg 144w, https:\/\/www.hotel-napoleon.it\/wp-content\/uploads\/2022\/12\/P1010837-600x450.jpg 600w\" sizes=\"auto, (max-width: 2560px) 100vw, 2560px\" \/><\/a>\n\t\t\t\t<\/div><\/figure><figure class='gallery-item'>\n\t\t\t\t<div class='gallery-icon landscape'>\n\t\t\t\t\t<a href='https:\/\/www.hotel-napoleon.it\/wp-content\/uploads\/2022\/12\/20170702_192113-scaled.jpg' data-size=\"2560x1920\"><img loading=\"lazy\" decoding=\"async\" width=\"2560\" height=\"1920\" src=\"https:\/\/www.hotel-napoleon.it\/wp-content\/uploads\/2022\/12\/20170702_192113-scaled.jpg\" class=\"attachment-full size-full\" alt=\"\" srcset=\"https:\/\/www.hotel-napoleon.it\/wp-content\/uploads\/2022\/12\/20170702_192113-scaled.jpg 2560w, https:\/\/www.hotel-napoleon.it\/wp-content\/uploads\/2022\/12\/20170702_192113-768x576.jpg 768w, https:\/\/www.hotel-napoleon.it\/wp-content\/uploads\/2022\/12\/20170702_192113-1536x1152.jpg 1536w, https:\/\/www.hotel-napoleon.it\/wp-content\/uploads\/2022\/12\/20170702_192113-2048x1536.jpg 2048w, https:\/\/www.hotel-napoleon.it\/wp-content\/uploads\/2022\/12\/20170702_192113-57x43.jpg 57w, https:\/\/www.hotel-napoleon.it\/wp-content\/uploads\/2022\/12\/20170702_192113-72x54.jpg 72w, https:\/\/www.hotel-napoleon.it\/wp-content\/uploads\/2022\/12\/20170702_192113-114x86.jpg 114w, https:\/\/www.hotel-napoleon.it\/wp-content\/uploads\/2022\/12\/20170702_192113-144x108.jpg 144w, https:\/\/www.hotel-napoleon.it\/wp-content\/uploads\/2022\/12\/20170702_192113-600x450.jpg 600w\" sizes=\"auto, (max-width: 2560px) 100vw, 2560px\" \/><\/a>\n\t\t\t\t<\/div><\/figure><figure class='gallery-item'>\n\t\t\t\t<div class='gallery-icon landscape'>\n\t\t\t\t\t<a href='https:\/\/www.hotel-napoleon.it\/wp-content\/uploads\/2022\/12\/20170706_184656-scaled.jpg' data-size=\"2560x1920\"><img loading=\"lazy\" decoding=\"async\" width=\"2560\" height=\"1920\" src=\"https:\/\/www.hotel-napoleon.it\/wp-content\/uploads\/2022\/12\/20170706_184656-scaled.jpg\" class=\"attachment-full size-full\" alt=\"\" srcset=\"https:\/\/www.hotel-napoleon.it\/wp-content\/uploads\/2022\/12\/20170706_184656-scaled.jpg 2560w, https:\/\/www.hotel-napoleon.it\/wp-content\/uploads\/2022\/12\/20170706_184656-768x576.jpg 768w, https:\/\/www.hotel-napoleon.it\/wp-content\/uploads\/2022\/12\/20170706_184656-1536x1152.jpg 1536w, https:\/\/www.hotel-napoleon.it\/wp-content\/uploads\/2022\/12\/20170706_184656-2048x1536.jpg 2048w, https:\/\/www.hotel-napoleon.it\/wp-content\/uploads\/2022\/12\/20170706_184656-57x43.jpg 57w, https:\/\/www.hotel-napoleon.it\/wp-content\/uploads\/2022\/12\/20170706_184656-72x54.jpg 72w, https:\/\/www.hotel-napoleon.it\/wp-content\/uploads\/2022\/12\/20170706_184656-114x86.jpg 114w, https:\/\/www.hotel-napoleon.it\/wp-content\/uploads\/2022\/12\/20170706_184656-144x108.jpg 144w, https:\/\/www.hotel-napoleon.it\/wp-content\/uploads\/2022\/12\/20170706_184656-600x450.jpg 600w\" sizes=\"auto, (max-width: 2560px) 100vw, 2560px\" \/><\/a>\n\t\t\t\t<\/div><\/figure><figure class='gallery-item'>\n\t\t\t\t<div class='gallery-icon landscape'>\n\t\t\t\t\t<a href='https:\/\/www.hotel-napoleon.it\/wp-content\/uploads\/2022\/12\/20210815_120151-scaled.jpg' data-size=\"2560x1440\"><img loading=\"lazy\" decoding=\"async\" width=\"2560\" height=\"1440\" src=\"https:\/\/www.hotel-napoleon.it\/wp-content\/uploads\/2022\/12\/20210815_120151-scaled.jpg\" class=\"attachment-full size-full\" alt=\"\" srcset=\"https:\/\/www.hotel-napoleon.it\/wp-content\/uploads\/2022\/12\/20210815_120151-scaled.jpg 2560w, https:\/\/www.hotel-napoleon.it\/wp-content\/uploads\/2022\/12\/20210815_120151-768x432.jpg 768w, https:\/\/www.hotel-napoleon.it\/wp-content\/uploads\/2022\/12\/20210815_120151-1536x864.jpg 1536w, https:\/\/www.hotel-napoleon.it\/wp-content\/uploads\/2022\/12\/20210815_120151-2048x1152.jpg 2048w, https:\/\/www.hotel-napoleon.it\/wp-content\/uploads\/2022\/12\/20210815_120151-57x32.jpg 57w, https:\/\/www.hotel-napoleon.it\/wp-content\/uploads\/2022\/12\/20210815_120151-72x41.jpg 72w, https:\/\/www.hotel-napoleon.it\/wp-content\/uploads\/2022\/12\/20210815_120151-114x64.jpg 114w, https:\/\/www.hotel-napoleon.it\/wp-content\/uploads\/2022\/12\/20210815_120151-144x81.jpg 144w\" sizes=\"auto, (max-width: 2560px) 100vw, 2560px\" \/><\/a>\n\t\t\t\t<\/div><\/figure><figure class='gallery-item'>\n\t\t\t\t<div class='gallery-icon landscape'>\n\t\t\t\t\t<a href='https:\/\/www.hotel-napoleon.it\/wp-content\/uploads\/2022\/12\/20220320_151731-scaled.jpg' data-size=\"2560x1440\"><img loading=\"lazy\" decoding=\"async\" width=\"2560\" height=\"1440\" src=\"https:\/\/www.hotel-napoleon.it\/wp-content\/uploads\/2022\/12\/20220320_151731-scaled.jpg\" class=\"attachment-full size-full\" alt=\"\" srcset=\"https:\/\/www.hotel-napoleon.it\/wp-content\/uploads\/2022\/12\/20220320_151731-scaled.jpg 2560w, https:\/\/www.hotel-napoleon.it\/wp-content\/uploads\/2022\/12\/20220320_151731-768x432.jpg 768w, https:\/\/www.hotel-napoleon.it\/wp-content\/uploads\/2022\/12\/20220320_151731-1536x864.jpg 1536w, https:\/\/www.hotel-napoleon.it\/wp-content\/uploads\/2022\/12\/20220320_151731-2048x1152.jpg 2048w, https:\/\/www.hotel-napoleon.it\/wp-content\/uploads\/2022\/12\/20220320_151731-57x32.jpg 57w, https:\/\/www.hotel-napoleon.it\/wp-content\/uploads\/2022\/12\/20220320_151731-72x41.jpg 72w, https:\/\/www.hotel-napoleon.it\/wp-content\/uploads\/2022\/12\/20220320_151731-114x64.jpg 114w, https:\/\/www.hotel-napoleon.it\/wp-content\/uploads\/2022\/12\/20220320_151731-144x81.jpg 144w\" sizes=\"auto, (max-width: 2560px) 100vw, 2560px\" \/><\/a>\n\t\t\t\t<\/div><\/figure><figure class='gallery-item'>\n\t\t\t\t<div class='gallery-icon landscape'>\n\t\t\t\t\t<a href='https:\/\/www.hotel-napoleon.it\/wp-content\/uploads\/2022\/12\/20210522_131528-scaled.jpg' data-size=\"2560x1440\"><img loading=\"lazy\" decoding=\"async\" width=\"2560\" height=\"1440\" src=\"https:\/\/www.hotel-napoleon.it\/wp-content\/uploads\/2022\/12\/20210522_131528-scaled.jpg\" class=\"attachment-full size-full\" alt=\"\" srcset=\"https:\/\/www.hotel-napoleon.it\/wp-content\/uploads\/2022\/12\/20210522_131528-scaled.jpg 2560w, https:\/\/www.hotel-napoleon.it\/wp-content\/uploads\/2022\/12\/20210522_131528-768x432.jpg 768w, https:\/\/www.hotel-napoleon.it\/wp-content\/uploads\/2022\/12\/20210522_131528-1536x864.jpg 1536w, https:\/\/www.hotel-napoleon.it\/wp-content\/uploads\/2022\/12\/20210522_131528-2048x1152.jpg 2048w, https:\/\/www.hotel-napoleon.it\/wp-content\/uploads\/2022\/12\/20210522_131528-57x32.jpg 57w, https:\/\/www.hotel-napoleon.it\/wp-content\/uploads\/2022\/12\/20210522_131528-72x41.jpg 72w, https:\/\/www.hotel-napoleon.it\/wp-content\/uploads\/2022\/12\/20210522_131528-114x64.jpg 114w, https:\/\/www.hotel-napoleon.it\/wp-content\/uploads\/2022\/12\/20210522_131528-144x81.jpg 144w\" sizes=\"auto, (max-width: 2560px) 100vw, 2560px\" \/><\/a>\n\t\t\t\t<\/div><\/figure><figure class='gallery-item'>\n\t\t\t\t<div class='gallery-icon landscape'>\n\t\t\t\t\t<a href='https:\/\/www.hotel-napoleon.it\/wp-content\/uploads\/2022\/12\/DSC02414-scaled.jpg' data-size=\"2560x1441\"><img loading=\"lazy\" decoding=\"async\" width=\"2560\" height=\"1441\" src=\"https:\/\/www.hotel-napoleon.it\/wp-content\/uploads\/2022\/12\/DSC02414-scaled.jpg\" class=\"attachment-full size-full\" alt=\"\" srcset=\"https:\/\/www.hotel-napoleon.it\/wp-content\/uploads\/2022\/12\/DSC02414-scaled.jpg 2560w, https:\/\/www.hotel-napoleon.it\/wp-content\/uploads\/2022\/12\/DSC02414-768x432.jpg 768w, https:\/\/www.hotel-napoleon.it\/wp-content\/uploads\/2022\/12\/DSC02414-1536x865.jpg 1536w, https:\/\/www.hotel-napoleon.it\/wp-content\/uploads\/2022\/12\/DSC02414-2048x1153.jpg 2048w, https:\/\/www.hotel-napoleon.it\/wp-content\/uploads\/2022\/12\/DSC02414-57x32.jpg 57w, https:\/\/www.hotel-napoleon.it\/wp-content\/uploads\/2022\/12\/DSC02414-72x41.jpg 72w, https:\/\/www.hotel-napoleon.it\/wp-content\/uploads\/2022\/12\/DSC02414-114x64.jpg 114w, https:\/\/www.hotel-napoleon.it\/wp-content\/uploads\/2022\/12\/DSC02414-144x81.jpg 144w\" sizes=\"auto, (max-width: 2560px) 100vw, 2560px\" \/><\/a>\n\t\t\t\t<\/div><\/figure><figure class='gallery-item'>\n\t\t\t\t<div class='gallery-icon landscape'>\n\t\t\t\t\t<a href='https:\/\/www.hotel-napoleon.it\/wp-content\/uploads\/2022\/12\/20200723_073730-scaled.jpg' data-size=\"2560x1440\"><img loading=\"lazy\" decoding=\"async\" width=\"2560\" height=\"1440\" src=\"https:\/\/www.hotel-napoleon.it\/wp-content\/uploads\/2022\/12\/20200723_073730-scaled.jpg\" class=\"attachment-full size-full\" alt=\"\" srcset=\"https:\/\/www.hotel-napoleon.it\/wp-content\/uploads\/2022\/12\/20200723_073730-scaled.jpg 2560w, https:\/\/www.hotel-napoleon.it\/wp-content\/uploads\/2022\/12\/20200723_073730-768x432.jpg 768w, https:\/\/www.hotel-napoleon.it\/wp-content\/uploads\/2022\/12\/20200723_073730-1536x864.jpg 1536w, https:\/\/www.hotel-napoleon.it\/wp-content\/uploads\/2022\/12\/20200723_073730-2048x1152.jpg 2048w, https:\/\/www.hotel-napoleon.it\/wp-content\/uploads\/2022\/12\/20200723_073730-57x32.jpg 57w, https:\/\/www.hotel-napoleon.it\/wp-content\/uploads\/2022\/12\/20200723_073730-72x41.jpg 72w, https:\/\/www.hotel-napoleon.it\/wp-content\/uploads\/2022\/12\/20200723_073730-114x64.jpg 114w, https:\/\/www.hotel-napoleon.it\/wp-content\/uploads\/2022\/12\/20200723_073730-144x81.jpg 144w\" sizes=\"auto, (max-width: 2560px) 100vw, 2560px\" \/><\/a>\n\t\t\t\t<\/div><\/figure><figure class='gallery-item'>\n\t\t\t\t<div class='gallery-icon landscape'>\n\t\t\t\t\t<a href='https:\/\/www.hotel-napoleon.it\/wp-content\/uploads\/2022\/12\/20200723_073736-scaled.jpg' data-size=\"2560x1440\"><img loading=\"lazy\" decoding=\"async\" width=\"2560\" height=\"1440\" src=\"https:\/\/www.hotel-napoleon.it\/wp-content\/uploads\/2022\/12\/20200723_073736-scaled.jpg\" class=\"attachment-full size-full\" alt=\"\" srcset=\"https:\/\/www.hotel-napoleon.it\/wp-content\/uploads\/2022\/12\/20200723_073736-scaled.jpg 2560w, https:\/\/www.hotel-napoleon.it\/wp-content\/uploads\/2022\/12\/20200723_073736-768x432.jpg 768w, https:\/\/www.hotel-napoleon.it\/wp-content\/uploads\/2022\/12\/20200723_073736-1536x864.jpg 1536w, https:\/\/www.hotel-napoleon.it\/wp-content\/uploads\/2022\/12\/20200723_073736-2048x1152.jpg 2048w, https:\/\/www.hotel-napoleon.it\/wp-content\/uploads\/2022\/12\/20200723_073736-57x32.jpg 57w, https:\/\/www.hotel-napoleon.it\/wp-content\/uploads\/2022\/12\/20200723_073736-72x41.jpg 72w, https:\/\/www.hotel-napoleon.it\/wp-content\/uploads\/2022\/12\/20200723_073736-114x64.jpg 114w, https:\/\/www.hotel-napoleon.it\/wp-content\/uploads\/2022\/12\/20200723_073736-144x81.jpg 144w\" sizes=\"auto, (max-width: 2560px) 100vw, 2560px\" \/><\/a>\n\t\t\t\t<\/div><\/figure>\n\t\t\t<\/div>\n<\/div>\n\n<p>In diesem Sommer k\u00f6nnen einige Hotelleistungen in \u00dcbereinstimmung mit den geltenden Vorschriften zur sozialen Distanzierung ge\u00e4ndert oder eingeschr\u00e4nkt werden, um maximale Sicherheit f\u00fcr unsere G\u00e4ste, insbesondere die Kleinen, zu gew\u00e4hrleisten. <strong>Gesundheit geht vor\u2026<\/strong><\/p>\n<p><strong>Sicherlich Ihres Verst\u00e4ndnisses danken wir Ihnen im Voraus.<\/strong><\/p>\n","protected":false},"excerpt":{"rendered":"<p>Der Panorama-Speisesaal ist klimatisiert Der klimatisierte Speisesaal befindet sich im ersten Stock mit Panoramablick auf das Meer Die K\u00fcche und der Service sind sehr gepflegt. T\u00e4glich Buffet mit Beilagen und Salaten, Fleischmen\u00fc nach Wahl oder Fischspezialit\u00e4ten. Fr\u00fchst\u00fccksbuffet, Mittag- und Abendessen am Tisch serviert (Halbpension mit Abendessen). Gut sortierte Bar mit Blick auf die Promenade. Im Urlaub ist es sch\u00f6n, auch die Freuden des Tisches zu genie\u00dfen, und unser Restaurant wird &#8230;<\/p>\n","protected":false},"author":1,"featured_media":0,"parent":0,"menu_order":0,"comment_status":"closed","ping_status":"closed","template":"","meta":{"_acf_changed":false},"class_list":["post-2353","page","type-page","status-publish","hentry"],"acf":[],"_links":{"self":[{"href":"https:\/\/www.hotel-napoleon.it\/de\/wp-json\/wp\/v2\/pages\/2353","targetHints":{"allow":["GET"]}}],"collection":[{"href":"https:\/\/www.hotel-napoleon.it\/de\/wp-json\/wp\/v2\/pages"}],"about":[{"href":"https:\/\/www.hotel-napoleon.it\/de\/wp-json\/wp\/v2\/types\/page"}],"author":[{"embeddable":true,"href":"https:\/\/www.hotel-napoleon.it\/de\/wp-json\/wp\/v2\/users\/1"}],"replies":[{"embeddable":true,"href":"https:\/\/www.hotel-napoleon.it\/de\/wp-json\/wp\/v2\/comments?post=2353"}],"version-history":[{"count":0,"href":"https:\/\/www.hotel-napoleon.it\/de\/wp-json\/wp\/v2\/pages\/2353\/revisions"}],"wp:attachment":[{"href":"https:\/\/www.hotel-napoleon.it\/de\/wp-json\/wp\/v2\/media?parent=2353"}],"curies":[{"name":"wp","href":"https:\/\/api.w.org\/{rel}","templated":true}]}}