{"id":2359,"date":"2019-07-17T09:57:24","date_gmt":"2019-07-17T07:57:24","guid":{"rendered":"https:\/\/www.hotel-napoleon.it\/piscina-panoramica\/"},"modified":"2022-12-13T15:33:33","modified_gmt":"2022-12-13T14:33:33","slug":"panorama-pool","status":"publish","type":"page","link":"https:\/\/www.hotel-napoleon.it\/de\/panorama-pool\/","title":{"rendered":"Hotel Gabicce Mare mit Panoramaschwimmbad"},"content":{"rendered":"<h2>Ein Bad im Pool* mit Blick auf die ganze K\u00fcste<\/h2>\n<p>An hei\u00dfen Sonnentagen k\u00f6nnen Sie nach vielen Stunden am Strand ein <strong>erfrischendes Bad im herrlichen Panorama-Swimmingpool*<\/strong> des Hotels genie\u00dfen. Auf dem Dach des Hotels gelegen, ist das Schwimmbad der ideale Ort, um angenehme Momente der Entspannung zu verbringen, von hier aus k\u00f6nnen Sie eine <strong>atemberaubende Aussicht<\/strong> genie\u00dfen, die vom nahen Monte San Bartolo \u00fcber die gesamte K\u00fcste bis nach Cesenatico reicht.<\/p>\n<p>Dort finden Sie auch unsere charakteristische <strong>&#8222;LOUNGE BAR&#8220;<\/strong>, wo Sie Ihren Aperitif am Pool genie\u00dfen k\u00f6nnen.<\/p>\n<div id='gallery-1' class='gallery galleryid-2359  gallery-size-full'><div class='owl-carousel owl-carousel-multiple-carousel-style'\n\t\t\t\t\t\t\tdata-owl-navigation='true'\n\t\t\t\t\t\t\tdata-owl-slide-speed='300'\n\t\t\t\t\t\t\tdata-owl-autoplay='false'\n\t\t\t\t\t\t\tdata-owl-dots='false'\n\t\t\t\t\t\t\tdata-owl-dots-speed='300'\n\t\t\t\t\t\t\tdata-owl-items-xs='1'data-owl-items-sm='2'data-owl-items-md='3'data-owl-items-lg='3'data-owl-items-xl='3'\n\t\t\t\t\t\t><figure class='gallery-item'>\n\t\t\t\t<div class='gallery-icon landscape'>\n\t\t\t\t\t<a href='https:\/\/www.hotel-napoleon.it\/wp-content\/uploads\/2022\/12\/FOTO_BARPISCINA.jpg' data-size=\"2000x1500\"><img loading=\"lazy\" decoding=\"async\" width=\"2000\" height=\"1500\" src=\"https:\/\/www.hotel-napoleon.it\/wp-content\/uploads\/2022\/12\/FOTO_BARPISCINA.jpg\" class=\"attachment-full size-full\" alt=\"\" srcset=\"https:\/\/www.hotel-napoleon.it\/wp-content\/uploads\/2022\/12\/FOTO_BARPISCINA.jpg 2000w, https:\/\/www.hotel-napoleon.it\/wp-content\/uploads\/2022\/12\/FOTO_BARPISCINA-768x576.jpg 768w, https:\/\/www.hotel-napoleon.it\/wp-content\/uploads\/2022\/12\/FOTO_BARPISCINA-1536x1152.jpg 1536w, https:\/\/www.hotel-napoleon.it\/wp-content\/uploads\/2022\/12\/FOTO_BARPISCINA-57x43.jpg 57w, https:\/\/www.hotel-napoleon.it\/wp-content\/uploads\/2022\/12\/FOTO_BARPISCINA-72x54.jpg 72w, https:\/\/www.hotel-napoleon.it\/wp-content\/uploads\/2022\/12\/FOTO_BARPISCINA-114x86.jpg 114w, https:\/\/www.hotel-napoleon.it\/wp-content\/uploads\/2022\/12\/FOTO_BARPISCINA-144x108.jpg 144w, https:\/\/www.hotel-napoleon.it\/wp-content\/uploads\/2022\/12\/FOTO_BARPISCINA-600x450.jpg 600w\" sizes=\"auto, (max-width: 2000px) 100vw, 2000px\" \/><\/a>\n\t\t\t\t<\/div><\/figure><figure class='gallery-item'>\n\t\t\t\t<div class='gallery-icon landscape'>\n\t\t\t\t\t<a href='https:\/\/www.hotel-napoleon.it\/wp-content\/uploads\/2020\/11\/20180501_072955w.jpg' data-size=\"2000x1500\"><img loading=\"lazy\" decoding=\"async\" width=\"2000\" height=\"1500\" src=\"https:\/\/www.hotel-napoleon.it\/wp-content\/uploads\/2020\/11\/20180501_072955w.jpg\" class=\"attachment-full size-full\" alt=\"\" srcset=\"https:\/\/www.hotel-napoleon.it\/wp-content\/uploads\/2020\/11\/20180501_072955w.jpg 2000w, https:\/\/www.hotel-napoleon.it\/wp-content\/uploads\/2020\/11\/20180501_072955w-768x576.jpg 768w, https:\/\/www.hotel-napoleon.it\/wp-content\/uploads\/2020\/11\/20180501_072955w-1536x1152.jpg 1536w, https:\/\/www.hotel-napoleon.it\/wp-content\/uploads\/2020\/11\/20180501_072955w-57x43.jpg 57w, https:\/\/www.hotel-napoleon.it\/wp-content\/uploads\/2020\/11\/20180501_072955w-72x54.jpg 72w, https:\/\/www.hotel-napoleon.it\/wp-content\/uploads\/2020\/11\/20180501_072955w-114x86.jpg 114w, https:\/\/www.hotel-napoleon.it\/wp-content\/uploads\/2020\/11\/20180501_072955w-144x108.jpg 144w, https:\/\/www.hotel-napoleon.it\/wp-content\/uploads\/2020\/11\/20180501_072955w-600x450.jpg 600w\" sizes=\"auto, (max-width: 2000px) 100vw, 2000px\" \/><\/a>\n\t\t\t\t<\/div><\/figure><figure class='gallery-item'>\n\t\t\t\t<div class='gallery-icon landscape'>\n\t\t\t\t\t<a href='https:\/\/www.hotel-napoleon.it\/wp-content\/uploads\/2020\/11\/20190815_115202-w.jpg' data-size=\"2000x1500\"><img loading=\"lazy\" decoding=\"async\" width=\"2000\" height=\"1500\" src=\"https:\/\/www.hotel-napoleon.it\/wp-content\/uploads\/2020\/11\/20190815_115202-w.jpg\" class=\"attachment-full size-full\" alt=\"\" srcset=\"https:\/\/www.hotel-napoleon.it\/wp-content\/uploads\/2020\/11\/20190815_115202-w.jpg 2000w, https:\/\/www.hotel-napoleon.it\/wp-content\/uploads\/2020\/11\/20190815_115202-w-768x576.jpg 768w, https:\/\/www.hotel-napoleon.it\/wp-content\/uploads\/2020\/11\/20190815_115202-w-1536x1152.jpg 1536w, https:\/\/www.hotel-napoleon.it\/wp-content\/uploads\/2020\/11\/20190815_115202-w-57x43.jpg 57w, https:\/\/www.hotel-napoleon.it\/wp-content\/uploads\/2020\/11\/20190815_115202-w-72x54.jpg 72w, https:\/\/www.hotel-napoleon.it\/wp-content\/uploads\/2020\/11\/20190815_115202-w-114x86.jpg 114w, https:\/\/www.hotel-napoleon.it\/wp-content\/uploads\/2020\/11\/20190815_115202-w-144x108.jpg 144w, https:\/\/www.hotel-napoleon.it\/wp-content\/uploads\/2020\/11\/20190815_115202-w-600x450.jpg 600w\" sizes=\"auto, (max-width: 2000px) 100vw, 2000px\" \/><\/a>\n\t\t\t\t<\/div><\/figure><figure class='gallery-item'>\n\t\t\t\t<div class='gallery-icon landscape'>\n\t\t\t\t\t<a href='https:\/\/www.hotel-napoleon.it\/wp-content\/uploads\/2019\/11\/piscina-vista-mare-1.jpg' data-size=\"1000x700\"><img loading=\"lazy\" decoding=\"async\" width=\"1000\" height=\"700\" src=\"https:\/\/www.hotel-napoleon.it\/wp-content\/uploads\/2019\/11\/piscina-vista-mare-1.jpg\" class=\"attachment-full size-full\" alt=\"\" srcset=\"https:\/\/www.hotel-napoleon.it\/wp-content\/uploads\/2019\/11\/piscina-vista-mare-1.jpg 1000w, https:\/\/www.hotel-napoleon.it\/wp-content\/uploads\/2019\/11\/piscina-vista-mare-1-768x538.jpg 768w, https:\/\/www.hotel-napoleon.it\/wp-content\/uploads\/2019\/11\/piscina-vista-mare-1-57x40.jpg 57w, https:\/\/www.hotel-napoleon.it\/wp-content\/uploads\/2019\/11\/piscina-vista-mare-1-72x50.jpg 72w, https:\/\/www.hotel-napoleon.it\/wp-content\/uploads\/2019\/11\/piscina-vista-mare-1-114x80.jpg 114w, https:\/\/www.hotel-napoleon.it\/wp-content\/uploads\/2019\/11\/piscina-vista-mare-1-144x101.jpg 144w\" sizes=\"auto, (max-width: 1000px) 100vw, 1000px\" \/><\/a>\n\t\t\t\t<\/div><\/figure><figure class='gallery-item'>\n\t\t\t\t<div class='gallery-icon landscape'>\n\t\t\t\t\t<a href='https:\/\/www.hotel-napoleon.it\/wp-content\/uploads\/2019\/07\/Gallery-Piscina-03-Hotel-Napoleon-Gabicce.jpg' data-size=\"1000x700\"><img loading=\"lazy\" decoding=\"async\" width=\"1000\" height=\"700\" src=\"https:\/\/www.hotel-napoleon.it\/wp-content\/uploads\/2019\/07\/Gallery-Piscina-03-Hotel-Napoleon-Gabicce.jpg\" class=\"attachment-full size-full\" alt=\"Hotel con idromassaggio Gabicce Mare\" srcset=\"https:\/\/www.hotel-napoleon.it\/wp-content\/uploads\/2019\/07\/Gallery-Piscina-03-Hotel-Napoleon-Gabicce.jpg 1000w, https:\/\/www.hotel-napoleon.it\/wp-content\/uploads\/2019\/07\/Gallery-Piscina-03-Hotel-Napoleon-Gabicce-768x538.jpg 768w, https:\/\/www.hotel-napoleon.it\/wp-content\/uploads\/2019\/07\/Gallery-Piscina-03-Hotel-Napoleon-Gabicce-57x40.jpg 57w, https:\/\/www.hotel-napoleon.it\/wp-content\/uploads\/2019\/07\/Gallery-Piscina-03-Hotel-Napoleon-Gabicce-72x50.jpg 72w, https:\/\/www.hotel-napoleon.it\/wp-content\/uploads\/2019\/07\/Gallery-Piscina-03-Hotel-Napoleon-Gabicce-114x80.jpg 114w, https:\/\/www.hotel-napoleon.it\/wp-content\/uploads\/2019\/07\/Gallery-Piscina-03-Hotel-Napoleon-Gabicce-144x101.jpg 144w\" sizes=\"auto, (max-width: 1000px) 100vw, 1000px\" \/><\/a>\n\t\t\t\t<\/div><\/figure><figure class='gallery-item'>\n\t\t\t\t<div class='gallery-icon landscape'>\n\t\t\t\t\t<a href='https:\/\/www.hotel-napoleon.it\/wp-content\/uploads\/2019\/07\/Gallery-Piscina-04-Hotel-Napoleon-Gabicce.jpg' data-size=\"1000x700\"><img loading=\"lazy\" decoding=\"async\" width=\"1000\" height=\"700\" src=\"https:\/\/www.hotel-napoleon.it\/wp-content\/uploads\/2019\/07\/Gallery-Piscina-04-Hotel-Napoleon-Gabicce.jpg\" class=\"attachment-full size-full\" alt=\"Hotel vista mare Gabicce\" srcset=\"https:\/\/www.hotel-napoleon.it\/wp-content\/uploads\/2019\/07\/Gallery-Piscina-04-Hotel-Napoleon-Gabicce.jpg 1000w, https:\/\/www.hotel-napoleon.it\/wp-content\/uploads\/2019\/07\/Gallery-Piscina-04-Hotel-Napoleon-Gabicce-768x538.jpg 768w, https:\/\/www.hotel-napoleon.it\/wp-content\/uploads\/2019\/07\/Gallery-Piscina-04-Hotel-Napoleon-Gabicce-57x40.jpg 57w, https:\/\/www.hotel-napoleon.it\/wp-content\/uploads\/2019\/07\/Gallery-Piscina-04-Hotel-Napoleon-Gabicce-72x50.jpg 72w, https:\/\/www.hotel-napoleon.it\/wp-content\/uploads\/2019\/07\/Gallery-Piscina-04-Hotel-Napoleon-Gabicce-114x80.jpg 114w, https:\/\/www.hotel-napoleon.it\/wp-content\/uploads\/2019\/07\/Gallery-Piscina-04-Hotel-Napoleon-Gabicce-144x101.jpg 144w\" sizes=\"auto, (max-width: 1000px) 100vw, 1000px\" \/><\/a>\n\t\t\t\t<\/div><\/figure>\n\t\t\t<\/div>\n<\/div>\n\n<p>Ein gro\u00dfes privates Solarium mit Panoramapool, das direkt vom Hotel aus zug\u00e4nglich ist, um sich angenehme Momente der Entspannung zu g\u00f6nnen und dabei die gesamte K\u00fcste zu bewundern. Die Aussicht vom Pool aus ist wirklich einzigartig und eindrucksvoll, perfekt zum Entspannen zwischen einem erfrischenden Bad und dem n\u00e4chsten.<\/p>\n<p>* Der Zugang zum Schwimmbad kann in \u00dcbereinstimmung mit den geltenden Vorschriften zur sozialen Distanzierung eingeschr\u00e4nkt werden, um maximale Sicherheit f\u00fcr unsere G\u00e4ste, insbesondere die Kleinen, zu gew\u00e4hrleisten.<\/p>\n<p>Die Gesundheit unserer G\u00e4ste liegt uns am Herzen\u2026<\/p>\n","protected":false},"excerpt":{"rendered":"<p>Ein Bad im Pool* mit Blick auf die ganze K\u00fcste An hei\u00dfen Sonnentagen k\u00f6nnen Sie nach vielen Stunden am Strand ein erfrischendes Bad im herrlichen Panorama-Swimmingpool* des Hotels genie\u00dfen. Auf dem Dach des Hotels gelegen, ist das Schwimmbad der ideale Ort, um angenehme Momente der Entspannung zu verbringen, von hier aus k\u00f6nnen Sie eine atemberaubende Aussicht genie\u00dfen, die vom nahen Monte San Bartolo \u00fcber die gesamte K\u00fcste bis nach Cesenatico &#8230;<\/p>\n","protected":false},"author":1,"featured_media":0,"parent":0,"menu_order":0,"comment_status":"closed","ping_status":"closed","template":"","meta":{"_acf_changed":false},"class_list":["post-2359","page","type-page","status-publish","hentry"],"acf":[],"_links":{"self":[{"href":"https:\/\/www.hotel-napoleon.it\/de\/wp-json\/wp\/v2\/pages\/2359","targetHints":{"allow":["GET"]}}],"collection":[{"href":"https:\/\/www.hotel-napoleon.it\/de\/wp-json\/wp\/v2\/pages"}],"about":[{"href":"https:\/\/www.hotel-napoleon.it\/de\/wp-json\/wp\/v2\/types\/page"}],"author":[{"embeddable":true,"href":"https:\/\/www.hotel-napoleon.it\/de\/wp-json\/wp\/v2\/users\/1"}],"replies":[{"embeddable":true,"href":"https:\/\/www.hotel-napoleon.it\/de\/wp-json\/wp\/v2\/comments?post=2359"}],"version-history":[{"count":0,"href":"https:\/\/www.hotel-napoleon.it\/de\/wp-json\/wp\/v2\/pages\/2359\/revisions"}],"wp:attachment":[{"href":"https:\/\/www.hotel-napoleon.it\/de\/wp-json\/wp\/v2\/media?parent=2359"}],"curies":[{"name":"wp","href":"https:\/\/api.w.org\/{rel}","templated":true}]}}