{"id":2365,"date":"2019-07-17T10:51:55","date_gmt":"2019-07-17T08:51:55","guid":{"rendered":"https:\/\/www.hotel-napoleon.it\/direttamente-sul-mare\/"},"modified":"2025-07-04T14:10:10","modified_gmt":"2025-07-04T12:10:10","slug":"direkt-am-meer","status":"publish","type":"page","link":"https:\/\/www.hotel-napoleon.it\/de\/direkt-am-meer\/","title":{"rendered":"Direkt am meer"},"content":{"rendered":"<h2>Nur ein paar Schritte vom Strand entfernt, mit Blick aufs Meer<\/h2>\n<p>Alle <strong>Komfort<\/strong> der Aufenthalt in einem <strong>Strandhotel<\/strong> mit <strong>direktem Eintritt zum Strand<\/strong>. Im Hotel Napoleon bedeutet Urlaub\u00a0 Komfort und Entspannung, <strong>in einer privilegierten<\/strong> <strong>Lage<\/strong>.<\/p>\n<p>Direkt am Strand, mit einer einzigartigen Aussicht und abends <strong>im Zentrum der Fu\u00dfg\u00e4ngerzone<\/strong>, erm\u00f6glicht Ihnen die Lage des Hotels, alle Aktivit\u00e4ten und Dienstleistungen von Gabicce Mare bei Tag und bei Nacht zu genie\u00dfen.<\/p>\n","protected":false},"excerpt":{"rendered":"<p>Nur ein paar Schritte vom Strand entfernt, mit Blick aufs Meer Alle Komfort der Aufenthalt in einem Strandhotel mit direktem Eintritt zum Strand. Im Hotel Napoleon bedeutet Urlaub\u00a0 Komfort und Entspannung, in einer privilegierten Lage. Direkt am Strand, mit einer einzigartigen Aussicht und abends im Zentrum der Fu\u00dfg\u00e4ngerzone, erm\u00f6glicht Ihnen die Lage des Hotels, alle Aktivit\u00e4ten und Dienstleistungen von Gabicce Mare bei Tag und bei Nacht zu genie\u00dfen.<\/p>\n","protected":false},"author":1,"featured_media":0,"parent":0,"menu_order":0,"comment_status":"closed","ping_status":"closed","template":"","meta":{"_acf_changed":false},"class_list":["post-2365","page","type-page","status-publish","hentry"],"acf":[],"_links":{"self":[{"href":"https:\/\/www.hotel-napoleon.it\/de\/wp-json\/wp\/v2\/pages\/2365","targetHints":{"allow":["GET"]}}],"collection":[{"href":"https:\/\/www.hotel-napoleon.it\/de\/wp-json\/wp\/v2\/pages"}],"about":[{"href":"https:\/\/www.hotel-napoleon.it\/de\/wp-json\/wp\/v2\/types\/page"}],"author":[{"embeddable":true,"href":"https:\/\/www.hotel-napoleon.it\/de\/wp-json\/wp\/v2\/users\/1"}],"replies":[{"embeddable":true,"href":"https:\/\/www.hotel-napoleon.it\/de\/wp-json\/wp\/v2\/comments?post=2365"}],"version-history":[{"count":0,"href":"https:\/\/www.hotel-napoleon.it\/de\/wp-json\/wp\/v2\/pages\/2365\/revisions"}],"wp:attachment":[{"href":"https:\/\/www.hotel-napoleon.it\/de\/wp-json\/wp\/v2\/media?parent=2365"}],"curies":[{"name":"wp","href":"https:\/\/api.w.org\/{rel}","templated":true}]}}