{"id":2372,"date":"2016-12-23T11:10:32","date_gmt":"2016-12-23T10:10:32","guid":{"rendered":"https:\/\/www.hotel-napoleon.it\/offerte-hotel-gabicce\/"},"modified":"2022-12-13T17:39:22","modified_gmt":"2022-12-13T16:39:22","slug":"alle-angebote","status":"publish","type":"page","link":"https:\/\/www.hotel-napoleon.it\/de\/alle-angebote\/","title":{"rendered":"Angebote Hotel Napoleon in Gabicce Mare"},"content":{"rendered":"<h2>Angebote Hotel Napoleon in Gabicce Mare<\/h2>\n<p>Profitieren Sie jetzt von diesen unumg\u00e4nglichen Angeboten, um Ihren Urlaub am Meer zu verbringen. W\u00e4hlen Sie Gabicce Mare und unser Hotel f\u00fcr einen Urlaub voller Entspannung und Spa\u00df. Jetzt buchen und sparen.<\/p>\n","protected":false},"excerpt":{"rendered":"<p>Angebote Hotel Napoleon in Gabicce Mare Profitieren Sie jetzt von diesen unumg\u00e4nglichen Angeboten, um Ihren Urlaub am Meer zu verbringen. W\u00e4hlen Sie Gabicce Mare und unser Hotel f\u00fcr einen Urlaub voller Entspannung und Spa\u00df. Jetzt buchen und sparen.<\/p>\n","protected":false},"author":1,"featured_media":0,"parent":0,"menu_order":0,"comment_status":"closed","ping_status":"closed","template":"template\/template.offerte.php","meta":{"_acf_changed":false},"class_list":["post-2372","page","type-page","status-publish","hentry"],"acf":[],"_links":{"self":[{"href":"https:\/\/www.hotel-napoleon.it\/de\/wp-json\/wp\/v2\/pages\/2372","targetHints":{"allow":["GET"]}}],"collection":[{"href":"https:\/\/www.hotel-napoleon.it\/de\/wp-json\/wp\/v2\/pages"}],"about":[{"href":"https:\/\/www.hotel-napoleon.it\/de\/wp-json\/wp\/v2\/types\/page"}],"author":[{"embeddable":true,"href":"https:\/\/www.hotel-napoleon.it\/de\/wp-json\/wp\/v2\/users\/1"}],"replies":[{"embeddable":true,"href":"https:\/\/www.hotel-napoleon.it\/de\/wp-json\/wp\/v2\/comments?post=2372"}],"version-history":[{"count":0,"href":"https:\/\/www.hotel-napoleon.it\/de\/wp-json\/wp\/v2\/pages\/2372\/revisions"}],"wp:attachment":[{"href":"https:\/\/www.hotel-napoleon.it\/de\/wp-json\/wp\/v2\/media?parent=2372"}],"curies":[{"name":"wp","href":"https:\/\/api.w.org\/{rel}","templated":true}]}}