{"id":2380,"date":"2019-07-17T12:00:23","date_gmt":"2019-07-17T10:00:23","guid":{"rendered":"https:\/\/www.hotel-napoleon.it\/listino-prezzi\/"},"modified":"2024-11-19T15:30:49","modified_gmt":"2024-11-19T14:30:49","slug":"behandlungen-und-ermaessigungen","status":"publish","type":"page","link":"https:\/\/www.hotel-napoleon.it\/de\/behandlungen-und-ermaessigungen\/","title":{"rendered":"Informationen Behandlungen und Erm\u00e4\u00dfigungen"},"content":{"rendered":"<p>Alle Zimmer mit Klimaanlage, eigenem Bad, Haartrockner, Telefon, Sat-TV, Radio, Minibar und Safe.<br \/>\nKurtaxe nicht inbegriffen : \u20ac 2,00 pro Tag und Person, maximal 7 Tage. Kinder bis 14 Jahre frei.<\/p>\n<p><strong><a href=\"https:\/\/www.hotel-napoleon.it\/de\/preisanfrage\/\" target=\"_blank\" rel=\"noopener noreferrer\">FORDERN SIE UNVERBINDLICH IHR INDIVIDUELLES ANGEBOT AN &gt;&gt;<\/a><\/strong><\/p>\n<h3>Zuschl\u00e4ge<\/h3>\n<ul>\n<li><strong>Parkplatz\u00a0 5,00<\/strong> \u20ac pro Tag<\/li>\n<li><strong>Garage 10,00<\/strong> \u20ac pro Tag<\/li>\n<li><strong>Doppelzimmer zur Einzelnutzung <\/strong>50%<\/li>\n<li><strong>ALL-INCLUSIVE \u20ac 18,00 pro Person \/ Tag<\/strong> min. 2 Personen \/ 3 Tage beinhaltet:<br \/>\n\u2013 Unbegrenzte Getr\u00e4nke zu den Mahlzeiten (Mineralwasser, alkoholfreie Getr\u00e4nke und Lokalwein)<br \/>\n\u2013 Strandservice (ab 4. Reihe)<br \/>\n\u2013 Strandtuch mit alle 3 Tage Wechsel (+ 1,00 \u20ac f\u00fcr jede weitere Ver\u00e4nderung)<\/li>\n<li><strong>ALL-INCLUSIVE<\/strong> <strong>f\u00fcr eine Person<\/strong> <strong>\u20ac 22,00 <\/strong>(f\u00fcr mindestens 3 Tage)<\/li>\n<\/ul>\n<p><strong>KINDER (im Zimmer mit zwei Erwachsene): bis 2,99 Jahren \u20ac 20,00 pro Tag.<\/strong><\/p>\n<h3>Erm\u00e4ssigungen:<\/h3>\n<ul>\n<li>Von 3 bis 6 Jahren <strong>-50%<\/strong><\/li>\n<li>Von 7 bis 12 Jahren<strong> -30%<\/strong><\/li>\n<li>Drittes Bett (Erwachsene) <strong><strong>-20%<\/strong><\/strong><\/li>\n<li><strong>Halbpension \u20ac -6,00 pro Person und pro Tag <\/strong>(Halbpension mit Abendessen)<\/li>\n<\/ul>\n<h3>Freie Dienstleistungen<\/h3>\n<ul>\n<li><strong>DIREKT AM MEER und im Zentrum der Fussg\u00e4ngerzone.<\/strong><\/li>\n<li><strong>Schwimmbad, Whirlpool, Sonnenterrasse mit Liegebetten, Fitness, WI-FI, Internet Point, Parkplatz und Fahrr\u00e4der.<\/strong><\/li>\n<li>Zimmer mit <strong>Klimaanlage<\/strong>, Bad, F\u00f6hn, Telefon, Minibar, TV-Sat, Radio,<\/li>\n<li>Tresor und <strong>Balkon<\/strong>.<\/li>\n<li>Vollkommen klimatisiert.<\/li>\n<li><strong>Swimmingpool mit Panoramablick im oberen Stockwerk mit Gegenschwimmanlage, geheitzter Whirlpool Jacuzzi.<\/strong><\/li>\n<li><strong>Drei Terrassen mit sch\u00f6ner Aussicht \u00fcber die Bucht mit Liegen ausgestattet, deren Ben\u00fctzung frei ist.<\/strong><\/li>\n<li><strong>Massagebedienung auf Anfrage, UVA-Solarium.<\/strong><\/li>\n<li><strong>Fitnessraum.<\/strong><\/li>\n<li>Kinderspielraum mit <strong>Animation<\/strong> (Juni&gt;August).<\/li>\n<li><strong>Fahrr\u00e4der zur Verf\u00fcgung.<\/strong><\/li>\n<li><strong>Gem\u00fctlicher Aufenthaltsraum mit TV-Sat und Billard.<\/strong><\/li>\n<li><strong>Internet Point, Wi-Fi im ganzen Hotel und am Strand.<\/strong><\/li>\n<li>Klimatisierter Speisesaal mit Meerblick.<\/li>\n<li><strong>Besonders gepflegte K\u00fcche, Men\u00fcauswahl mit Fisch- und Fleischspezialit\u00e4ten.<\/strong><\/li>\n<li><strong>Kindermen\u00fcs<\/strong> und Men\u00fcs f\u00fcr Z\u00f6liakie.<\/li>\n<li>Salat- und Vorspeisenb\u00fcfett zu den Mahlzeiten.<\/li>\n<li><strong>Fr\u00fchst\u00fccksb\u00fcfett.<\/strong><\/li>\n<li>Gut ausgestattete <strong>Hotelbar<\/strong> an der abendlichen Promenade.<\/li>\n<li>Privater Parkplatz, nur wenige Schritte vom Hotel entfernt, auf Anfrage: <strong>5,00 \u20ac pro Tag<\/strong><\/li>\n<li>Garage wenige Schritte vom Hotel entfernt auf Anfrage <strong>10,00 \u20ac pro Tag<\/strong><\/li>\n<li><strong>Ge\u00f6ffnet von Ostern bis September.<\/strong><\/li>\n<\/ul>\n<p><strong>Die Zimmer sind ab 12.00 Uhr am Tag der Anreise und bis 10.00 Uhr am Tag der Abreise zur Verf\u00fcgung<\/strong>.<br \/>\nNicht eingenommene Mahlzeiten werden nicht erstattet, aber wenn erforderlich, durch ein Lunchpaket ersetzt.<\/p>\n","protected":false},"excerpt":{"rendered":"<p>Alle Zimmer mit Klimaanlage, eigenem Bad, Haartrockner, Telefon, Sat-TV, Radio, Minibar und Safe. Kurtaxe nicht inbegriffen : \u20ac 2,00 pro Tag und Person, maximal 7 Tage. Kinder bis 14 Jahre frei. FORDERN SIE UNVERBINDLICH IHR INDIVIDUELLES ANGEBOT AN &gt;&gt; Zuschl\u00e4ge Parkplatz\u00a0 5,00 \u20ac pro Tag Garage 10,00 \u20ac pro Tag Doppelzimmer zur Einzelnutzung 50% ALL-INCLUSIVE \u20ac 18,00 pro Person \/ Tag min. 2 Personen \/ 3 Tage beinhaltet: \u2013 Unbegrenzte &#8230;<\/p>\n","protected":false},"author":1,"featured_media":0,"parent":0,"menu_order":0,"comment_status":"closed","ping_status":"closed","template":"","meta":{"_acf_changed":false},"class_list":["post-2380","page","type-page","status-publish","hentry"],"acf":[],"_links":{"self":[{"href":"https:\/\/www.hotel-napoleon.it\/de\/wp-json\/wp\/v2\/pages\/2380","targetHints":{"allow":["GET"]}}],"collection":[{"href":"https:\/\/www.hotel-napoleon.it\/de\/wp-json\/wp\/v2\/pages"}],"about":[{"href":"https:\/\/www.hotel-napoleon.it\/de\/wp-json\/wp\/v2\/types\/page"}],"author":[{"embeddable":true,"href":"https:\/\/www.hotel-napoleon.it\/de\/wp-json\/wp\/v2\/users\/1"}],"replies":[{"embeddable":true,"href":"https:\/\/www.hotel-napoleon.it\/de\/wp-json\/wp\/v2\/comments?post=2380"}],"version-history":[{"count":0,"href":"https:\/\/www.hotel-napoleon.it\/de\/wp-json\/wp\/v2\/pages\/2380\/revisions"}],"wp:attachment":[{"href":"https:\/\/www.hotel-napoleon.it\/de\/wp-json\/wp\/v2\/media?parent=2380"}],"curies":[{"name":"wp","href":"https:\/\/api.w.org\/{rel}","templated":true}]}}