{"id":2389,"date":"2019-07-17T12:40:53","date_gmt":"2019-07-17T10:40:53","guid":{"rendered":"https:\/\/www.hotel-napoleon.it\/bike-friendly-hotel\/"},"modified":"2025-12-02T17:49:37","modified_gmt":"2025-12-02T16:49:37","slug":"fahrradfreundliches-hotel","status":"publish","type":"page","link":"https:\/\/www.hotel-napoleon.it\/de\/fahrradfreundliches-hotel\/","title":{"rendered":"Fahrradfreundliches Hotel"},"content":{"rendered":"<h2>Im Hotel Napoleon in Gabicce Mare sind Sportler besondere G\u00e4ste<\/h2>\n<h3>Wenn Sie Ihren Sporturlaub im Hotel Napoleon verbringen, werden Sie folgende Dienstleistungen finden:<\/h3>\n<ul>\n<li><strong>Fahrr\u00e4derraum und Werkstattbereich f\u00fcr kleine Reparaturen.<\/strong><\/li>\n<li>Gef\u00fchrte Ausfahrten mit erfahrene <strong>Bike-Guides<\/strong> f\u00fcr Gruppen von mindestens 5 Personen.<\/li>\n<li><strong>W\u00e4scheservice f\u00fcr technische Bekleidung.<\/strong><\/li>\n<li><strong>Panorama-Swimmingpool mit Gegenstromanlage<\/strong>, Sonnenliegen und beheiztem <strong>Whirlpool<\/strong>.<\/li>\n<li><strong>Badetuch f\u00fcr den Pool.<\/strong><\/li>\n<li>Sondervereinbarungen mit <strong>Fachgesch\u00e4fte f\u00fcr Radfahrer<\/strong><\/li>\n<li><strong>Reichhaltiges Fr\u00fchst\u00fcck.<\/strong><\/li>\n<li><strong>Voll- oder Halbpension inklusive Getr\u00e4nke<\/strong> (Mineralwasser und Wein oder alkoholfreie Getr\u00e4nke zu den Mahlzeiten).<\/li>\n<li><strong>3 Men\u00fcs zur Auswahl und ein reichhaltiges Buffet<\/strong> mit Vorspeisen und Gem\u00fcse.<\/li>\n<li>Nachmittags Snack, s\u00fc\u00df und salzig, bei der R\u00fcckkehr von Radtouren.<\/li>\n<li>Fitnessraum zur Verf\u00fcgung.<\/li>\n<li>Privater Parkplatz oder Garage.<\/li>\n<li>Internet Point und kostenloses Wi-Fi im ganzen Hotel, im Zimmer und am Strand.<\/li>\n<\/ul>\n<h3>Dar\u00fcber hinaus ist es auf Anfrage m\u00f6glich zu finden:<\/h3>\n<ul>\n<li><strong>Sportmassagen<\/strong><\/li>\n<li><strong>Besuch der lokalen Weing\u00fcter<\/strong> \u201eTenuta del Monsignore\u201c, \u201eTempio Antico\u201c \u201eOttaviani\u201c (nur 15 Minuten entfernt) f<strong>\u00fcr Wein, \u00d6l und typische Produkte Verkostung<\/strong><\/li>\n<li><strong>Taxi-Service<\/strong> f\u00fcr\/von Cattolica, Rimini, Pesaro oder vom Flughafen Rimini.<\/li>\n<li><strong><strong>Fahrradverleih in spezialisierten Fahrradl\u00e4den.<\/strong><\/strong><\/li>\n<li><img loading=\"lazy\" decoding=\"async\" class=\"alignnone wp-image-2067\" src=\"https:\/\/www.hotel-napoleon.it\/wp-content\/uploads\/2019\/07\/Slide-Bike-04-Hotel-Napoleon-Gabicce.jpg\" alt=\"Bike Friendly Hotel\" width=\"884\" height=\"299\" data-big-size=\"1920x650\" srcset=\"https:\/\/www.hotel-napoleon.it\/wp-content\/uploads\/2019\/07\/Slide-Bike-04-Hotel-Napoleon-Gabicce.jpg 1920w, https:\/\/www.hotel-napoleon.it\/wp-content\/uploads\/2019\/07\/Slide-Bike-04-Hotel-Napoleon-Gabicce-768x260.jpg 768w, https:\/\/www.hotel-napoleon.it\/wp-content\/uploads\/2019\/07\/Slide-Bike-04-Hotel-Napoleon-Gabicce-57x19.jpg 57w, https:\/\/www.hotel-napoleon.it\/wp-content\/uploads\/2019\/07\/Slide-Bike-04-Hotel-Napoleon-Gabicce-72x24.jpg 72w, https:\/\/www.hotel-napoleon.it\/wp-content\/uploads\/2019\/07\/Slide-Bike-04-Hotel-Napoleon-Gabicce-114x39.jpg 114w, https:\/\/www.hotel-napoleon.it\/wp-content\/uploads\/2019\/07\/Slide-Bike-04-Hotel-Napoleon-Gabicce-144x49.jpg 144w\" sizes=\"auto, (max-width: 884px) 100vw, 884px\" \/>\n<figure id=\"attachment_5945\" aria-describedby=\"caption-attachment-5945\" style=\"width: 886px\" class=\"wp-caption alignnone\"><img loading=\"lazy\" decoding=\"async\" class=\" wp-image-5945\" src=\"https:\/\/www.hotel-napoleon.it\/wp-content\/uploads\/2025\/12\/Arena-Granfondo-Squali-1-1024x858.jpg\" alt=\"Arena-Granfondo-Squali\" width=\"886\" height=\"742\" data-big-size=\"1417x858\" \/><figcaption id=\"caption-attachment-5945\" class=\"wp-caption-text\">Arena-Granfondo-Squali<\/figcaption><\/figure>\n<figure id=\"attachment_5949\" aria-describedby=\"caption-attachment-5949\" style=\"width: 886px\" class=\"wp-caption alignnone\"><img loading=\"lazy\" decoding=\"async\" class=\" wp-image-5949\" src=\"https:\/\/www.hotel-napoleon.it\/wp-content\/uploads\/2025\/12\/Partenza-Squali-r-1024x1024.jpg\" alt=\"Partenza-Squali\" width=\"886\" height=\"886\" data-big-size=\"1800x1200\" srcset=\"https:\/\/www.hotel-napoleon.it\/wp-content\/uploads\/2025\/12\/Partenza-Squali-r-1024x1024.jpg 1024w, https:\/\/www.hotel-napoleon.it\/wp-content\/uploads\/2025\/12\/Partenza-Squali-r-300x300.jpg 300w, https:\/\/www.hotel-napoleon.it\/wp-content\/uploads\/2025\/12\/Partenza-Squali-r-150x150.jpg 150w\" sizes=\"auto, (max-width: 886px) 100vw, 886px\" \/><figcaption id=\"caption-attachment-5949\" class=\"wp-caption-text\">Partenza-Squali<\/figcaption><\/figure>\n<table style=\"border-collapse: collapse; width: 100%;\">\n<tbody>\n<tr>\n<td style=\"width: 33.3333%;\">\n<p><figure id=\"attachment_5937\" aria-describedby=\"caption-attachment-5937\" style=\"width: 245px\" class=\"wp-caption alignleft\"><img loading=\"lazy\" decoding=\"async\" class=\" wp-image-5937\" src=\"https:\/\/www.hotel-napoleon.it\/wp-content\/uploads\/2025\/12\/Panorama-1024x1024.jpg\" alt=\"Panorama\" width=\"245\" height=\"245\" data-big-size=\"1920x1280\" srcset=\"https:\/\/www.hotel-napoleon.it\/wp-content\/uploads\/2025\/12\/Panorama-1024x1024.jpg 1024w, https:\/\/www.hotel-napoleon.it\/wp-content\/uploads\/2025\/12\/Panorama-300x300.jpg 300w, https:\/\/www.hotel-napoleon.it\/wp-content\/uploads\/2025\/12\/Panorama-150x150.jpg 150w\" sizes=\"auto, (max-width: 245px) 100vw, 245px\" \/><figcaption id=\"caption-attachment-5937\" class=\"wp-caption-text\">Panorama<\/figcaption><\/figure><\/td>\n<td style=\"width: 33.3333%;\">\n<p><figure id=\"attachment_5933\" aria-describedby=\"caption-attachment-5933\" style=\"width: 245px\" class=\"wp-caption alignleft\"><img loading=\"lazy\" decoding=\"async\" class=\" wp-image-5933\" src=\"https:\/\/www.hotel-napoleon.it\/wp-content\/uploads\/2025\/12\/territorio-interno-1024x1024.jpg\" alt=\"territorio-interno\" width=\"245\" height=\"245\" data-big-size=\"1800x1200\" srcset=\"https:\/\/www.hotel-napoleon.it\/wp-content\/uploads\/2025\/12\/territorio-interno-1024x1024.jpg 1024w, https:\/\/www.hotel-napoleon.it\/wp-content\/uploads\/2025\/12\/territorio-interno-300x300.jpg 300w, https:\/\/www.hotel-napoleon.it\/wp-content\/uploads\/2025\/12\/territorio-interno-150x150.jpg 150w\" sizes=\"auto, (max-width: 245px) 100vw, 245px\" \/><figcaption id=\"caption-attachment-5933\" class=\"wp-caption-text\">territorio-interno<\/figcaption><\/figure><\/td>\n<td style=\"width: 33.3333%;\">\n<p><figure id=\"attachment_5941\" aria-describedby=\"caption-attachment-5941\" style=\"width: 245px\" class=\"wp-caption alignleft\"><img loading=\"lazy\" decoding=\"async\" class=\" wp-image-5941\" src=\"https:\/\/www.hotel-napoleon.it\/wp-content\/uploads\/2025\/12\/Il-territorio-1024x1024.jpg\" alt=\"Il-territorio\" width=\"245\" height=\"245\" data-big-size=\"1920x1280\" srcset=\"https:\/\/www.hotel-napoleon.it\/wp-content\/uploads\/2025\/12\/Il-territorio-1024x1024.jpg 1024w, https:\/\/www.hotel-napoleon.it\/wp-content\/uploads\/2025\/12\/Il-territorio-300x300.jpg 300w, https:\/\/www.hotel-napoleon.it\/wp-content\/uploads\/2025\/12\/Il-territorio-150x150.jpg 150w\" sizes=\"auto, (max-width: 245px) 100vw, 245px\" \/><figcaption id=\"caption-attachment-5941\" class=\"wp-caption-text\">Il-territorio<\/figcaption><\/figure><\/td>\n<\/tr>\n<\/tbody>\n<\/table>\n<p><img loading=\"lazy\" decoding=\"async\" class=\"alignnone wp-image-2656\" src=\"https:\/\/www.hotel-napoleon.it\/wp-content\/uploads\/2019\/07\/Gallery-Bike-10-Hotel-Napoleon-Gabicce.jpg\" alt=\"\" width=\"884\" height=\"619\" data-big-size=\"1000x700\" srcset=\"https:\/\/www.hotel-napoleon.it\/wp-content\/uploads\/2019\/07\/Gallery-Bike-10-Hotel-Napoleon-Gabicce.jpg 1000w, https:\/\/www.hotel-napoleon.it\/wp-content\/uploads\/2019\/07\/Gallery-Bike-10-Hotel-Napoleon-Gabicce-768x538.jpg 768w, https:\/\/www.hotel-napoleon.it\/wp-content\/uploads\/2019\/07\/Gallery-Bike-10-Hotel-Napoleon-Gabicce-57x40.jpg 57w, https:\/\/www.hotel-napoleon.it\/wp-content\/uploads\/2019\/07\/Gallery-Bike-10-Hotel-Napoleon-Gabicce-72x50.jpg 72w, https:\/\/www.hotel-napoleon.it\/wp-content\/uploads\/2019\/07\/Gallery-Bike-10-Hotel-Napoleon-Gabicce-114x80.jpg 114w, https:\/\/www.hotel-napoleon.it\/wp-content\/uploads\/2019\/07\/Gallery-Bike-10-Hotel-Napoleon-Gabicce-144x101.jpg 144w\" sizes=\"auto, (max-width: 884px) 100vw, 884px\" \/><\/li>\n<\/ul>\n<p><img loading=\"lazy\" decoding=\"async\" class=\"alignnone wp-image-2904\" src=\"https:\/\/www.hotel-napoleon.it\/wp-content\/uploads\/2019\/07\/bike-napoleon-3-w-1024x1024.jpg\" alt=\"\" width=\"891\" height=\"891\" data-big-size=\"1600x1200\" srcset=\"https:\/\/www.hotel-napoleon.it\/wp-content\/uploads\/2019\/07\/bike-napoleon-3-w-1024x1024.jpg 1024w, https:\/\/www.hotel-napoleon.it\/wp-content\/uploads\/2019\/07\/bike-napoleon-3-w-150x150.jpg 150w, https:\/\/www.hotel-napoleon.it\/wp-content\/uploads\/2019\/07\/bike-napoleon-3-w-300x300.jpg 300w\" sizes=\"auto, (max-width: 891px) 100vw, 891px\" \/><\/p>\n<p>&nbsp;<\/p>\n","protected":false},"excerpt":{"rendered":"<p>Im Hotel Napoleon in Gabicce Mare sind Sportler besondere G\u00e4ste Wenn Sie Ihren Sporturlaub im Hotel Napoleon verbringen, werden Sie folgende Dienstleistungen finden: Fahrr\u00e4derraum und Werkstattbereich f\u00fcr kleine Reparaturen. Gef\u00fchrte Ausfahrten mit erfahrene Bike-Guides f\u00fcr Gruppen von mindestens 5 Personen. W\u00e4scheservice f\u00fcr technische Bekleidung. Panorama-Swimmingpool mit Gegenstromanlage, Sonnenliegen und beheiztem Whirlpool. Badetuch f\u00fcr den Pool. Sondervereinbarungen mit Fachgesch\u00e4fte f\u00fcr Radfahrer Reichhaltiges Fr\u00fchst\u00fcck. Voll- oder Halbpension inklusive Getr\u00e4nke (Mineralwasser und Wein &#8230;<\/p>\n","protected":false},"author":1,"featured_media":0,"parent":0,"menu_order":0,"comment_status":"closed","ping_status":"closed","template":"","meta":{"_acf_changed":false},"class_list":["post-2389","page","type-page","status-publish","hentry"],"acf":[],"_links":{"self":[{"href":"https:\/\/www.hotel-napoleon.it\/de\/wp-json\/wp\/v2\/pages\/2389","targetHints":{"allow":["GET"]}}],"collection":[{"href":"https:\/\/www.hotel-napoleon.it\/de\/wp-json\/wp\/v2\/pages"}],"about":[{"href":"https:\/\/www.hotel-napoleon.it\/de\/wp-json\/wp\/v2\/types\/page"}],"author":[{"embeddable":true,"href":"https:\/\/www.hotel-napoleon.it\/de\/wp-json\/wp\/v2\/users\/1"}],"replies":[{"embeddable":true,"href":"https:\/\/www.hotel-napoleon.it\/de\/wp-json\/wp\/v2\/comments?post=2389"}],"version-history":[{"count":0,"href":"https:\/\/www.hotel-napoleon.it\/de\/wp-json\/wp\/v2\/pages\/2389\/revisions"}],"wp:attachment":[{"href":"https:\/\/www.hotel-napoleon.it\/de\/wp-json\/wp\/v2\/media?parent=2389"}],"curies":[{"name":"wp","href":"https:\/\/api.w.org\/{rel}","templated":true}]}}