{"id":2395,"date":"2019-07-17T14:05:45","date_gmt":"2019-07-17T12:05:45","guid":{"rendered":"https:\/\/www.hotel-napoleon.it\/attivita-sportive-gabicce\/"},"modified":"2026-04-28T08:56:41","modified_gmt":"2026-04-28T06:56:41","slug":"aktiv-urlaub-gabicce","status":"publish","type":"page","link":"https:\/\/www.hotel-napoleon.it\/de\/aktiv-urlaub-gabicce\/","title":{"rendered":"Aktiv Urlaub im Gabicce Mare"},"content":{"rendered":"<p><strong><span style=\"font-size: 14pt;\">Segel<\/span><\/strong><br \/>\nWir bieten angenehme Ausfl\u00fcge (an Bord einer B\u00c9N\u00c9TEAU FIRST 41 S 5), auch mit Minisegelkursen.<\/p>\n<p><img loading=\"lazy\" decoding=\"async\" class=\" wp-image-2234\" src=\"https:\/\/www.hotel-napoleon.it\/wp-content\/uploads\/2018\/02\/Offerta-barca-Hotel-Napoleon-Gabicce.jpg\" alt=\"Offerta-barca-Hotel-Napoleon-Gabicce\" width=\"401\" height=\"267\" data-big-size=\"600x400\" srcset=\"https:\/\/www.hotel-napoleon.it\/wp-content\/uploads\/2018\/02\/Offerta-barca-Hotel-Napoleon-Gabicce.jpg 600w, https:\/\/www.hotel-napoleon.it\/wp-content\/uploads\/2018\/02\/Offerta-barca-Hotel-Napoleon-Gabicce-57x38.jpg 57w, https:\/\/www.hotel-napoleon.it\/wp-content\/uploads\/2018\/02\/Offerta-barca-Hotel-Napoleon-Gabicce-72x48.jpg 72w, https:\/\/www.hotel-napoleon.it\/wp-content\/uploads\/2018\/02\/Offerta-barca-Hotel-Napoleon-Gabicce-114x76.jpg 114w, https:\/\/www.hotel-napoleon.it\/wp-content\/uploads\/2018\/02\/Offerta-barca-Hotel-Napoleon-Gabicce-144x96.jpg 144w\" sizes=\"auto, (max-width: 401px) 100vw, 401px\" \/><\/p>\n<figure id=\"attachment_3945\" aria-describedby=\"caption-attachment-3945\" style=\"width: 650px\" class=\"wp-caption alignnone\"><img loading=\"lazy\" decoding=\"async\" class=\" wp-image-3945\" src=\"https:\/\/www.hotel-napoleon.it\/wp-content\/uploads\/2021\/04\/Locandina-w.jpg\" alt=\"\" width=\"650\" height=\"919\" data-big-size=\"1200x1697\" srcset=\"https:\/\/www.hotel-napoleon.it\/wp-content\/uploads\/2021\/04\/Locandina-w.jpg 1200w, https:\/\/www.hotel-napoleon.it\/wp-content\/uploads\/2021\/04\/Locandina-w-768x1086.jpg 768w, https:\/\/www.hotel-napoleon.it\/wp-content\/uploads\/2021\/04\/Locandina-w-1086x1536.jpg 1086w, https:\/\/www.hotel-napoleon.it\/wp-content\/uploads\/2021\/04\/Locandina-w-40x57.jpg 40w, https:\/\/www.hotel-napoleon.it\/wp-content\/uploads\/2021\/04\/Locandina-w-51x72.jpg 51w, https:\/\/www.hotel-napoleon.it\/wp-content\/uploads\/2021\/04\/Locandina-w-81x114.jpg 81w, https:\/\/www.hotel-napoleon.it\/wp-content\/uploads\/2021\/04\/Locandina-w-102x144.jpg 102w\" sizes=\"auto, (max-width: 650px) 100vw, 650px\" \/><figcaption id=\"caption-attachment-3945\" class=\"wp-caption-text\">All on board<\/figcaption><\/figure>\n<h3>Golf<br \/>\n<img loading=\"lazy\" decoding=\"async\" class=\"alignnone size-full wp-image-3638\" src=\"https:\/\/www.hotel-napoleon.it\/wp-content\/uploads\/2020\/11\/Golf.jpg\" alt=\"\" width=\"236\" height=\"295\" data-big-size=\"236x295\" srcset=\"https:\/\/www.hotel-napoleon.it\/wp-content\/uploads\/2020\/11\/Golf.jpg 236w, https:\/\/www.hotel-napoleon.it\/wp-content\/uploads\/2020\/11\/Golf-46x57.jpg 46w, https:\/\/www.hotel-napoleon.it\/wp-content\/uploads\/2020\/11\/Golf-58x72.jpg 58w, https:\/\/www.hotel-napoleon.it\/wp-content\/uploads\/2020\/11\/Golf-91x114.jpg 91w, https:\/\/www.hotel-napoleon.it\/wp-content\/uploads\/2020\/11\/Golf-115x144.jpg 115w\" sizes=\"auto, (max-width: 236px) 100vw, 236px\" \/><\/h3>\n<p><strong>RIVIERA GOLF<\/strong>, nur 15 Minuten von uns entfernt, ist ein <strong>polyfunktionelles Sportzentrum<\/strong>, das unserer Kundschaft alle Vorteile einer Relax-und Wohlbefinden-Insel anbieten kann.<\/p>\n<h4>Am Riviera Golf finden Sie:<\/h4>\n<ul>\n<li><strong>18 Buche par 7018 Championship L\u00f6cher (PAR 70)<\/strong><\/li>\n<li><strong>\u00dcbungsspielplatz mit 12 Stellungen<\/strong><\/li>\n<li>18 L\u00f6cher-Putting Green<\/li>\n<li><strong>EXECUTUVE 9 L\u00f6cher (PAR 27)<\/strong><\/li>\n<li>Umkleideraum f\u00fcr Damen und Herren<\/li>\n<li><strong>Golfsack-Raum<\/strong><\/li>\n<li>Verleih von Golf Carts, Wagen, S\u00e4cken, Pro Shop<\/li>\n<li>Golf Academy<\/li>\n<li><strong>Club-House (Bar und Restaurant)<\/strong><\/li>\n<li>80 mt langes Schwimmbad (Freibad)<\/li>\n<li><strong>Hallenschwimmbad mit Unterwassermassage<\/strong><\/li>\n<li><strong>Sauna, t\u00fcrkisches Bad, Massagenzentrum<\/strong><\/li>\n<li><strong>Tennisplatz<\/strong><\/li>\n<li><strong>Tennis Academy<\/strong><\/li>\n<\/ul>\n<h3>Tennis<br \/>\n<img loading=\"lazy\" decoding=\"async\" class=\"alignnone size-full wp-image-3630\" src=\"https:\/\/www.hotel-napoleon.it\/wp-content\/uploads\/2020\/11\/Tennis.jpg\" alt=\"\" width=\"236\" height=\"354\" data-big-size=\"236x354\" srcset=\"https:\/\/www.hotel-napoleon.it\/wp-content\/uploads\/2020\/11\/Tennis.jpg 236w, https:\/\/www.hotel-napoleon.it\/wp-content\/uploads\/2020\/11\/Tennis-38x57.jpg 38w, https:\/\/www.hotel-napoleon.it\/wp-content\/uploads\/2020\/11\/Tennis-48x72.jpg 48w, https:\/\/www.hotel-napoleon.it\/wp-content\/uploads\/2020\/11\/Tennis-76x114.jpg 76w, https:\/\/www.hotel-napoleon.it\/wp-content\/uploads\/2020\/11\/Tennis-96x144.jpg 96w\" sizes=\"auto, (max-width: 236px) 100vw, 236px\" \/><\/h3>\n<p>Es ist moeglich <strong>Tenniszu spielen<\/strong>, da Spiel-Plaetze in der unmittelbaren Umgebung zur Verfuegung stehen.<\/p>\n<h3>Trekking &amp; nordik walking<\/h3>\n<p><img loading=\"lazy\" decoding=\"async\" class=\"alignnone wp-image-4210\" src=\"https:\/\/www.hotel-napoleon.it\/wp-content\/uploads\/2022\/01\/Parco-San-Bartolo-1.jpg\" alt=\"\" width=\"651\" height=\"435\" data-big-size=\"1458x974\" srcset=\"https:\/\/www.hotel-napoleon.it\/wp-content\/uploads\/2022\/01\/Parco-San-Bartolo-1.jpg 1458w, https:\/\/www.hotel-napoleon.it\/wp-content\/uploads\/2022\/01\/Parco-San-Bartolo-1-768x513.jpg 768w, https:\/\/www.hotel-napoleon.it\/wp-content\/uploads\/2022\/01\/Parco-San-Bartolo-1-57x38.jpg 57w, https:\/\/www.hotel-napoleon.it\/wp-content\/uploads\/2022\/01\/Parco-San-Bartolo-1-72x48.jpg 72w, https:\/\/www.hotel-napoleon.it\/wp-content\/uploads\/2022\/01\/Parco-San-Bartolo-1-114x76.jpg 114w, https:\/\/www.hotel-napoleon.it\/wp-content\/uploads\/2022\/01\/Parco-San-Bartolo-1-144x96.jpg 144w, https:\/\/www.hotel-napoleon.it\/wp-content\/uploads\/2022\/01\/Parco-San-Bartolo-1-600x400.jpg 600w\" sizes=\"auto, (max-width: 651px) 100vw, 651px\" \/><\/p>\n<p>Der <strong>Naturpark von San Bartolo ist der ideale Ort, um in die Natur einzutauchen<\/strong>. Wanderungen, um fantastische Orte und atemberaubende Aussichten zu entdecken.<\/p>\n<h3>Reiten<br \/>\n<img loading=\"lazy\" decoding=\"async\" class=\"alignnone size-full wp-image-3622\" src=\"https:\/\/www.hotel-napoleon.it\/wp-content\/uploads\/2020\/11\/equitazione.jpg\" alt=\"\" width=\"650\" height=\"537\" data-big-size=\"650x537\" srcset=\"https:\/\/www.hotel-napoleon.it\/wp-content\/uploads\/2020\/11\/equitazione.jpg 650w, https:\/\/www.hotel-napoleon.it\/wp-content\/uploads\/2020\/11\/equitazione-57x47.jpg 57w, https:\/\/www.hotel-napoleon.it\/wp-content\/uploads\/2020\/11\/equitazione-72x59.jpg 72w, https:\/\/www.hotel-napoleon.it\/wp-content\/uploads\/2020\/11\/equitazione-114x94.jpg 114w, https:\/\/www.hotel-napoleon.it\/wp-content\/uploads\/2020\/11\/equitazione-144x119.jpg 144w\" sizes=\"auto, (max-width: 650px) 100vw, 650px\" \/><\/h3>\n<p>Nur 15 Minuten entfernt, beherbergt das <strong>Horses Riviera Resort<\/strong> jedes Jahr gro\u00dfe nationale und internationale Wettbewerbe. Das Hotel liegt in San Giovanni in Marignano, 3 km. von der Autobahnausfahrt Cattolica (A14)<\/p>\n<h3>Radfahren<\/h3>\n<p><img loading=\"lazy\" decoding=\"async\" class=\" wp-image-4021\" src=\"https:\/\/www.hotel-napoleon.it\/wp-content\/uploads\/2021\/11\/20210516_075735-scaled.jpg\" alt=\"\" width=\"656\" height=\"369\" data-big-size=\"2560x1440\" srcset=\"https:\/\/www.hotel-napoleon.it\/wp-content\/uploads\/2021\/11\/20210516_075735-scaled.jpg 2560w, https:\/\/www.hotel-napoleon.it\/wp-content\/uploads\/2021\/11\/20210516_075735-768x432.jpg 768w, https:\/\/www.hotel-napoleon.it\/wp-content\/uploads\/2021\/11\/20210516_075735-1536x864.jpg 1536w, https:\/\/www.hotel-napoleon.it\/wp-content\/uploads\/2021\/11\/20210516_075735-2048x1152.jpg 2048w, https:\/\/www.hotel-napoleon.it\/wp-content\/uploads\/2021\/11\/20210516_075735-57x32.jpg 57w, https:\/\/www.hotel-napoleon.it\/wp-content\/uploads\/2021\/11\/20210516_075735-72x41.jpg 72w, https:\/\/www.hotel-napoleon.it\/wp-content\/uploads\/2021\/11\/20210516_075735-114x64.jpg 114w, https:\/\/www.hotel-napoleon.it\/wp-content\/uploads\/2021\/11\/20210516_075735-144x81.jpg 144w\" sizes=\"auto, (max-width: 656px) 100vw, 656px\" \/><\/p>\n<p><img loading=\"lazy\" decoding=\"async\" class=\"alignnone wp-image-4622\" src=\"https:\/\/www.hotel-napoleon.it\/wp-content\/uploads\/2022\/12\/DSC4873.jpg\" alt=\"\" width=\"659\" height=\"439\" data-big-size=\"1417x945\" srcset=\"https:\/\/www.hotel-napoleon.it\/wp-content\/uploads\/2022\/12\/DSC4873.jpg 1417w, https:\/\/www.hotel-napoleon.it\/wp-content\/uploads\/2022\/12\/DSC4873-768x512.jpg 768w, https:\/\/www.hotel-napoleon.it\/wp-content\/uploads\/2022\/12\/DSC4873-57x38.jpg 57w, https:\/\/www.hotel-napoleon.it\/wp-content\/uploads\/2022\/12\/DSC4873-72x48.jpg 72w, https:\/\/www.hotel-napoleon.it\/wp-content\/uploads\/2022\/12\/DSC4873-114x76.jpg 114w, https:\/\/www.hotel-napoleon.it\/wp-content\/uploads\/2022\/12\/DSC4873-144x96.jpg 144w, https:\/\/www.hotel-napoleon.it\/wp-content\/uploads\/2022\/12\/DSC4873-600x400.jpg 600w\" sizes=\"auto, (max-width: 659px) 100vw, 659px\" \/><\/p>\n<figure id=\"attachment_4618\" aria-describedby=\"caption-attachment-4618\" style=\"width: 660px\" class=\"wp-caption alignnone\"><img loading=\"lazy\" decoding=\"async\" class=\" wp-image-4618\" src=\"https:\/\/www.hotel-napoleon.it\/wp-content\/uploads\/2022\/12\/GIO1443.jpg\" alt=\"Squali trek\" width=\"660\" height=\"440\" data-big-size=\"2048x1365\" srcset=\"https:\/\/www.hotel-napoleon.it\/wp-content\/uploads\/2022\/12\/GIO1443.jpg 2048w, https:\/\/www.hotel-napoleon.it\/wp-content\/uploads\/2022\/12\/GIO1443-768x512.jpg 768w, https:\/\/www.hotel-napoleon.it\/wp-content\/uploads\/2022\/12\/GIO1443-1536x1024.jpg 1536w, https:\/\/www.hotel-napoleon.it\/wp-content\/uploads\/2022\/12\/GIO1443-57x38.jpg 57w, https:\/\/www.hotel-napoleon.it\/wp-content\/uploads\/2022\/12\/GIO1443-72x48.jpg 72w, https:\/\/www.hotel-napoleon.it\/wp-content\/uploads\/2022\/12\/GIO1443-114x76.jpg 114w, https:\/\/www.hotel-napoleon.it\/wp-content\/uploads\/2022\/12\/GIO1443-144x96.jpg 144w, https:\/\/www.hotel-napoleon.it\/wp-content\/uploads\/2022\/12\/GIO1443-600x400.jpg 600w\" sizes=\"auto, (max-width: 660px) 100vw, 660px\" \/><figcaption id=\"caption-attachment-4618\" class=\"wp-caption-text\">Squali trek<\/figcaption><\/figure>\n<p>Unbegrenzte M\u00f6glichkeiten f\u00fcr Radfahrer, alle besonders interessant und mit <strong>unterschiedlichen Schwierigkeitsgraden<\/strong>. Um nur ein paar Routen zu nennen: Nur wenige Minuten von uns entfernt beginnt der ber\u00fchmte <strong>Panoramaweg des Monte San Bartolo<\/strong>, mehrmals der Protagonist des Giro d\u2019Italia; das Hinterland mit <strong>Gradara, Mondaino, Saludecio und Montegridolfo, aber auch Urbino und Carpegna<\/strong>, auch bekannt f\u00fcr alle Liebhaber des Giro.<br \/>\nSammle einzigartige und unvergessliche Erlebnisse!<\/p>\n","protected":false},"excerpt":{"rendered":"<p>Segel Wir bieten angenehme Ausfl\u00fcge (an Bord einer B\u00c9N\u00c9TEAU FIRST 41 S 5), auch mit Minisegelkursen. Golf RIVIERA GOLF, nur 15 Minuten von uns entfernt, ist ein polyfunktionelles Sportzentrum, das unserer Kundschaft alle Vorteile einer Relax-und Wohlbefinden-Insel anbieten kann. Am Riviera Golf finden Sie: 18 Buche par 7018 Championship L\u00f6cher (PAR 70) \u00dcbungsspielplatz mit 12 Stellungen 18 L\u00f6cher-Putting Green EXECUTUVE 9 L\u00f6cher (PAR 27) Umkleideraum f\u00fcr Damen und Herren Golfsack-Raum &#8230;<\/p>\n","protected":false},"author":1,"featured_media":0,"parent":0,"menu_order":0,"comment_status":"closed","ping_status":"closed","template":"","meta":{"_acf_changed":false},"class_list":["post-2395","page","type-page","status-publish","hentry"],"acf":[],"_links":{"self":[{"href":"https:\/\/www.hotel-napoleon.it\/de\/wp-json\/wp\/v2\/pages\/2395","targetHints":{"allow":["GET"]}}],"collection":[{"href":"https:\/\/www.hotel-napoleon.it\/de\/wp-json\/wp\/v2\/pages"}],"about":[{"href":"https:\/\/www.hotel-napoleon.it\/de\/wp-json\/wp\/v2\/types\/page"}],"author":[{"embeddable":true,"href":"https:\/\/www.hotel-napoleon.it\/de\/wp-json\/wp\/v2\/users\/1"}],"replies":[{"embeddable":true,"href":"https:\/\/www.hotel-napoleon.it\/de\/wp-json\/wp\/v2\/comments?post=2395"}],"version-history":[{"count":0,"href":"https:\/\/www.hotel-napoleon.it\/de\/wp-json\/wp\/v2\/pages\/2395\/revisions"}],"wp:attachment":[{"href":"https:\/\/www.hotel-napoleon.it\/de\/wp-json\/wp\/v2\/media?parent=2395"}],"curies":[{"name":"wp","href":"https:\/\/api.w.org\/{rel}","templated":true}]}}