{"id":2401,"date":"2019-07-17T14:48:46","date_gmt":"2019-07-17T12:48:46","guid":{"rendered":"https:\/\/www.hotel-napoleon.it\/entroterra\/"},"modified":"2019-08-29T10:46:13","modified_gmt":"2019-08-29T08:46:13","slug":"hinterland","status":"publish","type":"page","link":"https:\/\/www.hotel-napoleon.it\/de\/hinterland\/","title":{"rendered":"Riviera ist nicht nur Meer"},"content":{"rendered":"<h2>Die K\u00f6nigin der Adria ist von einem wundersch\u00f6nen Hinterland umgeben, das fasziniert und reich an noch wenig bekannter Geschichte ist<\/h2>\n<p>Es gibt eine gro\u00dfe Anzahl von <strong>Schl\u00f6ssern, Burgen und Ortschaften die in wenigen Minuten von der Meeresk\u00fcste<\/strong> aus besucht werden k\u00f6nnen, ideal f\u00fcr diejenigen, die den Kontakt mit der <strong>Natur suchen und die Geschichte, sowie die alten Traditionen lieben<\/strong>. Um eine Pause vom Strandleben einzulegen oder einfach, um sich dem Frieden und Zauber herrlicher Landschaften zu ergeben, die aus wundersch\u00f6nen, in die weite Ferne reichenden landwirtschaftlich bestellten H\u00fcgeln bestehen, kann ein Ausflug in das nahe <strong>Hinterland zwischen den Regionen Romagna und Marken<\/strong> wirklich die ideale L\u00f6sung sein. Unter den Orten, die es zu besuchen lohnt, empfehlen wir:<\/p>\n<div id='gallery-1' class='gallery galleryid-2401  gallery-size-full'><div class='owl-carousel owl-carousel-multiple-carousel-style'\n\t\t\t\t\t\t\tdata-owl-navigation='true'\n\t\t\t\t\t\t\tdata-owl-slide-speed='300'\n\t\t\t\t\t\t\tdata-owl-autoplay='false'\n\t\t\t\t\t\t\tdata-owl-dots='false'\n\t\t\t\t\t\t\tdata-owl-dots-speed='300'\n\t\t\t\t\t\t\tdata-owl-items-xs='1'data-owl-items-sm='2'data-owl-items-md='3'data-owl-items-lg='3'data-owl-items-xl='3'\n\t\t\t\t\t\t><figure class='gallery-item'>\n\t\t\t\t<div class='gallery-icon landscape'>\n\t\t\t\t\t<a href='https:\/\/www.hotel-napoleon.it\/wp-content\/uploads\/2019\/07\/Gallery-Entroterra-03-Hotel-Napoleon-Gabicce.jpg' data-size=\"1000x700\"><img loading=\"lazy\" decoding=\"async\" width=\"1000\" height=\"700\" src=\"https:\/\/www.hotel-napoleon.it\/wp-content\/uploads\/2019\/07\/Gallery-Entroterra-03-Hotel-Napoleon-Gabicce.jpg\" class=\"attachment-full size-full\" alt=\"Vacanze Gabicce Mare\" srcset=\"https:\/\/www.hotel-napoleon.it\/wp-content\/uploads\/2019\/07\/Gallery-Entroterra-03-Hotel-Napoleon-Gabicce.jpg 1000w, https:\/\/www.hotel-napoleon.it\/wp-content\/uploads\/2019\/07\/Gallery-Entroterra-03-Hotel-Napoleon-Gabicce-768x538.jpg 768w, https:\/\/www.hotel-napoleon.it\/wp-content\/uploads\/2019\/07\/Gallery-Entroterra-03-Hotel-Napoleon-Gabicce-57x40.jpg 57w, https:\/\/www.hotel-napoleon.it\/wp-content\/uploads\/2019\/07\/Gallery-Entroterra-03-Hotel-Napoleon-Gabicce-72x50.jpg 72w, https:\/\/www.hotel-napoleon.it\/wp-content\/uploads\/2019\/07\/Gallery-Entroterra-03-Hotel-Napoleon-Gabicce-114x80.jpg 114w, https:\/\/www.hotel-napoleon.it\/wp-content\/uploads\/2019\/07\/Gallery-Entroterra-03-Hotel-Napoleon-Gabicce-144x101.jpg 144w\" sizes=\"auto, (max-width: 1000px) 100vw, 1000px\" \/><\/a>\n\t\t\t\t<\/div><\/figure><figure class='gallery-item'>\n\t\t\t\t<div class='gallery-icon landscape'>\n\t\t\t\t\t<a href='https:\/\/www.hotel-napoleon.it\/wp-content\/uploads\/2019\/07\/Gallery-Entroterra-02-Hotel-Napoleon-Gabicce.jpg' data-size=\"1000x700\"><img loading=\"lazy\" decoding=\"async\" width=\"1000\" height=\"700\" src=\"https:\/\/www.hotel-napoleon.it\/wp-content\/uploads\/2019\/07\/Gallery-Entroterra-02-Hotel-Napoleon-Gabicce.jpg\" class=\"attachment-full size-full\" alt=\"Castello Gradara\" srcset=\"https:\/\/www.hotel-napoleon.it\/wp-content\/uploads\/2019\/07\/Gallery-Entroterra-02-Hotel-Napoleon-Gabicce.jpg 1000w, https:\/\/www.hotel-napoleon.it\/wp-content\/uploads\/2019\/07\/Gallery-Entroterra-02-Hotel-Napoleon-Gabicce-768x538.jpg 768w, https:\/\/www.hotel-napoleon.it\/wp-content\/uploads\/2019\/07\/Gallery-Entroterra-02-Hotel-Napoleon-Gabicce-57x40.jpg 57w, https:\/\/www.hotel-napoleon.it\/wp-content\/uploads\/2019\/07\/Gallery-Entroterra-02-Hotel-Napoleon-Gabicce-72x50.jpg 72w, https:\/\/www.hotel-napoleon.it\/wp-content\/uploads\/2019\/07\/Gallery-Entroterra-02-Hotel-Napoleon-Gabicce-114x80.jpg 114w, https:\/\/www.hotel-napoleon.it\/wp-content\/uploads\/2019\/07\/Gallery-Entroterra-02-Hotel-Napoleon-Gabicce-144x101.jpg 144w\" sizes=\"auto, (max-width: 1000px) 100vw, 1000px\" \/><\/a>\n\t\t\t\t<\/div><\/figure><figure class='gallery-item'>\n\t\t\t\t<div class='gallery-icon landscape'>\n\t\t\t\t\t<a href='https:\/\/www.hotel-napoleon.it\/wp-content\/uploads\/2019\/07\/Gallery-Entroterra-04-Hotel-Napoleon-Gabicce.jpg' data-size=\"1000x700\"><img loading=\"lazy\" decoding=\"async\" width=\"1000\" height=\"700\" src=\"https:\/\/www.hotel-napoleon.it\/wp-content\/uploads\/2019\/07\/Gallery-Entroterra-04-Hotel-Napoleon-Gabicce.jpg\" class=\"attachment-full size-full\" alt=\"Vacanze a Gabicce Mare\" srcset=\"https:\/\/www.hotel-napoleon.it\/wp-content\/uploads\/2019\/07\/Gallery-Entroterra-04-Hotel-Napoleon-Gabicce.jpg 1000w, https:\/\/www.hotel-napoleon.it\/wp-content\/uploads\/2019\/07\/Gallery-Entroterra-04-Hotel-Napoleon-Gabicce-768x538.jpg 768w, https:\/\/www.hotel-napoleon.it\/wp-content\/uploads\/2019\/07\/Gallery-Entroterra-04-Hotel-Napoleon-Gabicce-57x40.jpg 57w, https:\/\/www.hotel-napoleon.it\/wp-content\/uploads\/2019\/07\/Gallery-Entroterra-04-Hotel-Napoleon-Gabicce-72x50.jpg 72w, https:\/\/www.hotel-napoleon.it\/wp-content\/uploads\/2019\/07\/Gallery-Entroterra-04-Hotel-Napoleon-Gabicce-114x80.jpg 114w, https:\/\/www.hotel-napoleon.it\/wp-content\/uploads\/2019\/07\/Gallery-Entroterra-04-Hotel-Napoleon-Gabicce-144x101.jpg 144w\" sizes=\"auto, (max-width: 1000px) 100vw, 1000px\" \/><\/a>\n\t\t\t\t<\/div><\/figure><figure class='gallery-item'>\n\t\t\t\t<div class='gallery-icon landscape'>\n\t\t\t\t\t<a href='https:\/\/www.hotel-napoleon.it\/wp-content\/uploads\/2019\/07\/Gallery-Entroterra-05-Hotel-Napoleon-Gabicce.jpg' data-size=\"1000x700\"><img loading=\"lazy\" decoding=\"async\" width=\"1000\" height=\"700\" src=\"https:\/\/www.hotel-napoleon.it\/wp-content\/uploads\/2019\/07\/Gallery-Entroterra-05-Hotel-Napoleon-Gabicce.jpg\" class=\"attachment-full size-full\" alt=\"Cosa vedere in vacanza Marche\" srcset=\"https:\/\/www.hotel-napoleon.it\/wp-content\/uploads\/2019\/07\/Gallery-Entroterra-05-Hotel-Napoleon-Gabicce.jpg 1000w, https:\/\/www.hotel-napoleon.it\/wp-content\/uploads\/2019\/07\/Gallery-Entroterra-05-Hotel-Napoleon-Gabicce-768x538.jpg 768w, https:\/\/www.hotel-napoleon.it\/wp-content\/uploads\/2019\/07\/Gallery-Entroterra-05-Hotel-Napoleon-Gabicce-57x40.jpg 57w, https:\/\/www.hotel-napoleon.it\/wp-content\/uploads\/2019\/07\/Gallery-Entroterra-05-Hotel-Napoleon-Gabicce-72x50.jpg 72w, https:\/\/www.hotel-napoleon.it\/wp-content\/uploads\/2019\/07\/Gallery-Entroterra-05-Hotel-Napoleon-Gabicce-114x80.jpg 114w, https:\/\/www.hotel-napoleon.it\/wp-content\/uploads\/2019\/07\/Gallery-Entroterra-05-Hotel-Napoleon-Gabicce-144x101.jpg 144w\" sizes=\"auto, (max-width: 1000px) 100vw, 1000px\" \/><\/a>\n\t\t\t\t<\/div><\/figure><figure class='gallery-item'>\n\t\t\t\t<div class='gallery-icon landscape'>\n\t\t\t\t\t<a href='https:\/\/www.hotel-napoleon.it\/wp-content\/uploads\/2019\/07\/Gallery-Entroterra-01-Hotel-Napoleon-Gabicce.jpg' data-size=\"1000x700\"><img loading=\"lazy\" decoding=\"async\" width=\"1000\" height=\"700\" src=\"https:\/\/www.hotel-napoleon.it\/wp-content\/uploads\/2019\/07\/Gallery-Entroterra-01-Hotel-Napoleon-Gabicce.jpg\" class=\"attachment-full size-full\" alt=\"Vacanze a Gabicce Mare Monumenti\" srcset=\"https:\/\/www.hotel-napoleon.it\/wp-content\/uploads\/2019\/07\/Gallery-Entroterra-01-Hotel-Napoleon-Gabicce.jpg 1000w, https:\/\/www.hotel-napoleon.it\/wp-content\/uploads\/2019\/07\/Gallery-Entroterra-01-Hotel-Napoleon-Gabicce-768x538.jpg 768w, https:\/\/www.hotel-napoleon.it\/wp-content\/uploads\/2019\/07\/Gallery-Entroterra-01-Hotel-Napoleon-Gabicce-57x40.jpg 57w, https:\/\/www.hotel-napoleon.it\/wp-content\/uploads\/2019\/07\/Gallery-Entroterra-01-Hotel-Napoleon-Gabicce-72x50.jpg 72w, https:\/\/www.hotel-napoleon.it\/wp-content\/uploads\/2019\/07\/Gallery-Entroterra-01-Hotel-Napoleon-Gabicce-114x80.jpg 114w, https:\/\/www.hotel-napoleon.it\/wp-content\/uploads\/2019\/07\/Gallery-Entroterra-01-Hotel-Napoleon-Gabicce-144x101.jpg 144w\" sizes=\"auto, (max-width: 1000px) 100vw, 1000px\" \/><\/a>\n\t\t\t\t<\/div><\/figure><figure class='gallery-item'>\n\t\t\t\t<div class='gallery-icon landscape'>\n\t\t\t\t\t<a href='https:\/\/www.hotel-napoleon.it\/wp-content\/uploads\/2019\/07\/Gallery-Entroterra-06-Hotel-Napoleon-Gabicce.jpg' data-size=\"1000x700\"><img loading=\"lazy\" decoding=\"async\" width=\"1000\" height=\"700\" src=\"https:\/\/www.hotel-napoleon.it\/wp-content\/uploads\/2019\/07\/Gallery-Entroterra-06-Hotel-Napoleon-Gabicce.jpg\" class=\"attachment-full size-full\" alt=\"Entroterra Riviera Adriatica\" srcset=\"https:\/\/www.hotel-napoleon.it\/wp-content\/uploads\/2019\/07\/Gallery-Entroterra-06-Hotel-Napoleon-Gabicce.jpg 1000w, https:\/\/www.hotel-napoleon.it\/wp-content\/uploads\/2019\/07\/Gallery-Entroterra-06-Hotel-Napoleon-Gabicce-768x538.jpg 768w, https:\/\/www.hotel-napoleon.it\/wp-content\/uploads\/2019\/07\/Gallery-Entroterra-06-Hotel-Napoleon-Gabicce-57x40.jpg 57w, https:\/\/www.hotel-napoleon.it\/wp-content\/uploads\/2019\/07\/Gallery-Entroterra-06-Hotel-Napoleon-Gabicce-72x50.jpg 72w, https:\/\/www.hotel-napoleon.it\/wp-content\/uploads\/2019\/07\/Gallery-Entroterra-06-Hotel-Napoleon-Gabicce-114x80.jpg 114w, https:\/\/www.hotel-napoleon.it\/wp-content\/uploads\/2019\/07\/Gallery-Entroterra-06-Hotel-Napoleon-Gabicce-144x101.jpg 144w\" sizes=\"auto, (max-width: 1000px) 100vw, 1000px\" \/><\/a>\n\t\t\t\t<\/div><\/figure>\n\t\t\t<\/div>\n<\/div>\n\n<h4>Coriano<\/h4>\n<p>Haben Sie Lust auf einen erquickenden Spaziergang zwischen alten <strong>Olivenb\u00e4umen und grenzenlosen Weinbergen<\/strong>, dann ist ein Halt in Coriano das Richtige f\u00fcr Sie: ein ideales Ziel f\u00fcr erquickende Spazierg\u00e4nge im Naturpark des Flusses Marano und im Tal des Rio Melo. Das St\u00e4dtchen ist bekannt f\u00fcr das <strong>Olivenfest<\/strong> im Herbst und das Sangiovese-Weinfest im August.<\/p>\n<h4>Mondaino<\/h4>\n<p>Mondaino <strong>ist durch einen sch\u00f6nen runden Stadtplatz mit klassizistischem Laubengang gekennzeichnet<\/strong>. Hier findet die Veranstaltung statt, durch welchen der Ort ber\u00fchmt geworden ist: der <strong>\u201cPalio del Daino\u201d<\/strong>, der jedes Jahr in der dritten Augustwoche abgehalten wird und in einer <strong>pittoresken mittelalterlichen Parade<\/strong>, die alle Einwohner der Stadt mit einbezieht, besteht. Lassen Sie sich die St. Michaels-Kirche und das Kloster der Klarissinnen des Heiligen Franziskus nicht entgehen.<\/p>\n<h4>Montefiore Conca<\/h4>\n<p>Die Besonderheit des St\u00e4dtchens sind die zahlreichen L\u00e4den und <strong>Werkst\u00e4tte k\u00fcnstlerischen Gewerbes und der Handwerkert\u00e4tigkeiten von einstmals<\/strong>. Die sch\u00f6ne <strong>Malatesta-Burg<\/strong>, die sich \u00fcber dem St\u00e4dtchen erhebt ist einen Besuch wert. Unter den Festen, die man sich nicht entgehen lassen soll, gibt es: <strong>\u2018Salute in Fiera\u2019<\/strong> [= Jahrmarkt der Gesundheit] , im Juli, <strong>\u2018Rocca di Luna\u2019<\/strong> [= Burg im Mondschein], stets im Juli und <strong>\u2018La Sagra della Castagna\u2019<\/strong> [= das Kastanienfest], im Oktober.<\/p>\n<h4>Montegridolfo<\/h4>\n<p>Es handelt sich um ein<strong> bezauberndes mittelalterliches Dorf<\/strong>, das perfekt restrukturiert wurde, mit einem eindrucksvollen <strong>Malatesta-Kastell<\/strong> und einer dem Heiligen Rochus geweihten Kirche, wo ein wertvolles Gem\u00e4lde des Cagnacci aufbewahrt ist. Kosten Sie alle \u00d6lsorten, die den kleinen Ort in der ganzen Halbinsel Italien ber\u00fchmt machen.<\/p>\n<h4>Montescudo<\/h4>\n<p><strong>Die alte Malatesta-Festung<\/strong> Montescudo lohnt einen Besuch, nur schon um das sch\u00f6ne Kruzifix das in der Pfarrkirche der Heiligen Blasius und Simon aufbewaht ist anzusehen. Im August belebt sich Montescudo mit einem pittoresken <strong>\u201csagra della patata\u201d<\/strong> [= Kartoffelfest].<\/p>\n<h4>Saludecio<\/h4>\n<p>Das kleine St\u00e4dtchen ist f\u00fcr zwei Veranstaltungen bekannt, die Ende April und in der ersten Augustwoche stattfinden. Hier ist die Rede von <strong>\u201cSalus Erbae\u201d<\/strong>, eine den Naturprodukten gewidmete Veranstaltung, und vom <strong>Festival im Stil des neunzehnten Jahrhunderts<\/strong>, ein wundersch\u00f6nes Wachrufen der Epoche durch Theater, Musik, Vorstellungen und Enogastronomie.<\/p>\n<h4>San Giovanni in Marignano<\/h4>\n<p>Lassen Sie sich in S.Giovanni das <strong>Theater des neunzehnten Jahrhunderts \u201cTeatro Massari\u201d<\/strong>, die Kirche der Heiligen Lucia und die Kirche des Heiligen Petrus nicht entgehen. Das St\u00e4dtchen ist vor allem f\u00fcr sein charakteristisches Fest <strong>\u201cFesta delle Streghe\u201d<\/strong> [= Hexenfest], das jedes Jahr zum Zeitpunkt der Sommersonnenwende stattfindet, ber\u00fchmt.<\/p>\n<h4>Gradara<\/h4>\n<p>Gradara und seine <strong>mittelalterliche Festung<\/strong> geh\u00f6ren zu den wichtigsten historisch-kulturellen Sehensw\u00fcrdigkeiten der Romagna. Der Ort mit seiner gut erhaltenen <strong>mittelalterlichen Befestigungsanlage<\/strong> liegt nur 10 Autominuten von Gabicce Mare entfernt. Die Burg von Gradara ist auch f\u00fcr die Liebesgeschichte zwischen Paolo Malatesta und Francesca da Rimini bekannt, von der Dante im 5. Gesang der H\u00f6lle erz\u00e4hlt. Jedes Jahr im Sommer findet das Festival <strong>Gradara Magic Castle<\/strong> statt, bei dem sich alles um M\u00e4rchen und fabelhafte Wesen dreht.<\/p>\n<h4>Urbino<\/h4>\n<p>Das im Herzen der Marken gelegene Urbino ist nicht nur in Bezug auf seine architektonische An-lage <strong>reinster Ausdruck der italienischen Renais-sance<\/strong>, sondern beherbergt auch zahlreiche Kunstsch\u00e4tze aus dieser Zeit. Insbesondere sei dabei der <strong>Herzogspalast erw\u00e4hnt, in dem sich die Nationalgalerie der Marken befindet<\/strong>. Er wurde von Federico da Montefeltro errichtet und enth\u00e4lt unter anderem das ber\u00fchmte Studier-zimmer des Herzogs, das bis in die heute Zeit ori-ginal erhalten blieb. Seine W\u00e4nde sind komplett mit Holzintarsien geschm\u00fcckt, die faszinierende optische T\u00e4uschungen enthalten.<\/p>\n<h4>San Leo<\/h4>\n<p>San Leo in der Provinz Rimini erhebt sich auf ei-nem <strong>Felsausl\u00e4ufer, der das darunterliegende Valmarecchia \u00fcberragt<\/strong>. Die Festung geht bis auf die R\u00f6merzeit zur\u00fcck und ist von gro\u00dfem histori-schen Interesse. Der <strong>Bergfried und der gotische Eingang sind die \u00e4ltesten Teile der Festungsanlage<\/strong>, die Wacht\u00fcrme wurden in sp\u00e4terer Zeit er-richtet. San Leo ist das ideale Ziel f\u00fcr einen ein-drucksvollen Kulturausflug ins Hinterland der Ro-magna.<\/p>\n<h4>San Marino<\/h4>\n<p>San Marino ist die <strong>\u00e4lteste Republik der Welt<\/strong> und sowohl aus historischer als auch kultureller Sicht von gro\u00dfem Interesse. Ein Ausflugsziel, das bei keinem Urlaub an der Riviera Romagnola fehlen darf. San Marino, dessen H\u00e4user sich eng an den <strong>Monte Titano<\/strong> schmiegen, entf\u00fchrt die Besucher mit seinem <strong>mittelalterlichen, mit Zinnen versehenen<\/strong> T\u00fcrmen auf eine faszinierende Reise durch die Geschichte.<\/p>\n","protected":false},"excerpt":{"rendered":"<p>Die K\u00f6nigin der Adria ist von einem wundersch\u00f6nen Hinterland umgeben, das fasziniert und reich an noch wenig bekannter Geschichte ist Es gibt eine gro\u00dfe Anzahl von Schl\u00f6ssern, Burgen und Ortschaften die in wenigen Minuten von der Meeresk\u00fcste aus besucht werden k\u00f6nnen, ideal f\u00fcr diejenigen, die den Kontakt mit der Natur suchen und die Geschichte, sowie die alten Traditionen lieben. Um eine Pause vom Strandleben einzulegen oder einfach, um sich dem &#8230;<\/p>\n","protected":false},"author":1,"featured_media":0,"parent":0,"menu_order":0,"comment_status":"closed","ping_status":"closed","template":"","meta":{"_acf_changed":false},"class_list":["post-2401","page","type-page","status-publish","hentry"],"acf":[],"_links":{"self":[{"href":"https:\/\/www.hotel-napoleon.it\/de\/wp-json\/wp\/v2\/pages\/2401","targetHints":{"allow":["GET"]}}],"collection":[{"href":"https:\/\/www.hotel-napoleon.it\/de\/wp-json\/wp\/v2\/pages"}],"about":[{"href":"https:\/\/www.hotel-napoleon.it\/de\/wp-json\/wp\/v2\/types\/page"}],"author":[{"embeddable":true,"href":"https:\/\/www.hotel-napoleon.it\/de\/wp-json\/wp\/v2\/users\/1"}],"replies":[{"embeddable":true,"href":"https:\/\/www.hotel-napoleon.it\/de\/wp-json\/wp\/v2\/comments?post=2401"}],"version-history":[{"count":0,"href":"https:\/\/www.hotel-napoleon.it\/de\/wp-json\/wp\/v2\/pages\/2401\/revisions"}],"wp:attachment":[{"href":"https:\/\/www.hotel-napoleon.it\/de\/wp-json\/wp\/v2\/media?parent=2401"}],"curies":[{"name":"wp","href":"https:\/\/api.w.org\/{rel}","templated":true}]}}