{"id":2674,"date":"2019-07-22T14:41:24","date_gmt":"2019-07-22T12:41:24","guid":{"rendered":"https:\/\/www.hotel-napoleon.it\/newsletter\/"},"modified":"2019-07-22T14:52:57","modified_gmt":"2019-07-22T12:52:57","slug":"newsletter","status":"publish","type":"page","link":"https:\/\/www.hotel-napoleon.it\/de\/newsletter\/","title":{"rendered":"Newsletter"},"content":{"rendered":"<p><strong>DATENSCHUTZERKL\u00c4RUNG<\/strong><br \/>\n<strong>Art. 13-14 EU-Verordnung 2016\/679<\/strong><\/p>\n<p><strong>Betroffene Personen: Benutzer, Dienstleistungs- und Newsletterempf\u00e4nger<\/strong><br \/>\n<strong>HOTEL NAPOLEON DI SILVAGNI GIORGIO E SILVAGNI VALERIO E C. SNC.<\/strong> mit Rechtssitz in <strong>Via Vittorio Veneto, n. 151, PLZ 61011 Gabicce Mare, Steuernummer und UID IT00970810412<\/strong> m\u00f6chte Sie hiermit als Verantwortlicher der Verarbeitung Ihrer personenbezogenen Daten laut und kraft EU-Verordnung 2016\/679 (nachfolgend \u201eDSGVO\u201c genannt) informieren, dass die zitierte Verordnung den Schutz der personenbezogenen Daten der betroffenen Personen regelt und dass die Verarbeitung basierend auf den Grunds\u00e4tzen von Treu und Glauben, der Rechtm\u00e4\u00dfigkeit, der Transparenz und des Schutzes Ihrer Rechte und Privatsph\u00e4re erfolgt.<br \/>\nIhre personenbezogenen Daten werden gem\u00e4\u00df den Bestimmungen der oben genannten Verordnung und den darin vorgesehenen Vertraulichkeitspflichten verarbeitet.<br \/>\n<strong>Zweck der Datenverarbeitung:<\/strong><br \/>\nErbringung der Dienstleistung: Ihre Daten werden f\u00fcr die Beantwortung eventueller Anfragen verwendet, die Sie \u00fcber Formulare auf unserer Internetseite oder per E-Mail an uns stellen.<br \/>\n<strong>Rechtsgrundlage:<\/strong><br \/>\nDie Rechtsgrundlage der Verarbeitung ist die Erf\u00fcllung einer Vertragspflicht, da es sich dabei um die Beantwortung einer Informationsanfrage handelt.<br \/>\n<strong>Marketing<\/strong> \u2013 Newsletterdienst: Ihre personenbezogenen Daten werden nach Ihrer freiwilligen Zustimmung f\u00fcr die Versendung von Newslettern verwendet. Hierzu m\u00fcssen Sie Ihre E-Mail-Adresse in das vorgesehene Textfeld f\u00fcr die Newsletteranmeldung eingeben oder das entsprechende K\u00e4stchen mit der Angabe \u201eAnmeldung zum Newsletter\u201c in einem Formular ausw\u00e4hlen\/abhaken.<br \/>\n<strong>Rechtsgrundlage<\/strong>: Die Rechtsgrundlage der Verarbeitung ist die Einwilligung der betroffenen Person.<br \/>\nObligatorische oder freiwillige Mitteilung der Daten:<br \/>\nDie Mitteilung der Daten durch Sie ist in Bezug auf die oben genannten Dienste absolut freiwillig. Falls die eventuell mit einem Sternchen markierten Pflichtfelder nicht ausgef\u00fcllt werden, kann zwar die Informationsanfrage nicht fortgesetzt werden, doch hat Ihre eventuelle Verweigerung der Zustimmung keine Auswirkungen auf die Fortsetzung des Vertragsverh\u00e4ltnisses oder die ordnungsgem\u00e4\u00dfe Durchf\u00fchrung der Verarbeitung.<br \/>\nDie Einwilligung in eine Verarbeitung zu Marketingzwecken ist frei, unabh\u00e4ngig und freiwillig. Eine eventuelle Verweigerung hat keinerlei Auswirkungen auf die Nutzung der Internetseite und die Erbringung der gew\u00fcnschten Dienstleistungen.<br \/>\n<strong>Modalit\u00e4ten der Datenverarbeitung<\/strong>:<br \/>\nIhre personenbezogenen Daten k\u00f6nnen vorrangig mit elektronischen und telematischen Hilfsmitteln verarbeitet werden, wie bspw.:<br \/>\n\u2022 elektronische Rechner mit von Dritten verwalteten Softwaresystemen;<br \/>\n\u2022 elektronische Rechner mit direkt verwalteten oder programmierten Softwaresystemen;<br \/>\n\u2022 vor\u00fcbergehende Verarbeitung in anonymisierter und aggregierter Form.<br \/>\nJede Verarbeitung erfolgt mit den Modalit\u00e4ten gem\u00e4\u00df Artikel 6 und 32 der DSGVO sowie unter Anwendung angemessener Sicherheitsma\u00dfnahmen.<br \/>\n<strong>\u00dcbermittlung:<\/strong><br \/>\nIhre Daten werden ausschlie\u00dflich an kompetente Personen weitergegeben, die speziell f\u00fcr die Durchf\u00fchrung der f\u00fcr eine korrekte Verwaltung des Gesch\u00e4ftsverh\u00e4ltnisses notwendigen Dienste ernannt wurden und f\u00fcr den Schutz der Rechte der betroffenen Person garantieren.<br \/>\nIhre Daten werden nur durch ausdr\u00fccklich vom Verantwortlichen der Datenverarbeitung erm\u00e4chtigten Personen verarbeitet, die insbesondere f\u00fcr die Pflege und Aktualisierung der Internetseite zust\u00e4ndig sind, sowie \u2013 falls notwendig \u2013 f\u00fcr Marketingmitteilungen.<br \/>\n<strong>Empf\u00e4nger:<\/strong><br \/>\nSonstiges technisches Personal, das f\u00fcr die Aus\u00fcbung seiner Aufgaben, wie beispielsweise die korrekte Verarbeitung von Newsletteranmeldungen, Kenntnis von den Daten erlangen kann.<br \/>\n<strong>Drittl\u00e4nder:<\/strong><br \/>\nIhre Daten werden nicht an Nicht-EU-L\u00e4nder \u00fcbermittelt.<br \/>\nVerbreitung: Ihre personenbezogenen Daten werden in keiner Weise weiterverbreitet.<br \/>\n<strong>Speicherfrist<\/strong><br \/>\nHiermit m\u00f6chten wir Ihnen mitteilen, dass Ihre personenbezogenen Daten gem\u00e4\u00df den Grunds\u00e4tzen der Rechtm\u00e4\u00dfigkeit, Zweckbindung und Datenminimierung laut Art. 5 der DSGVO lediglich solange aufbewahrt werden, bis der Zweck Ihrer Erfassung und Verarbeitung erf\u00fcllt ist und es f\u00fcr eine korrekte Erbringung der gew\u00fcnschten Dienste notwendig ist.<br \/>\n<strong>Verantwortlicher der Datenverarbeitung:<\/strong><br \/>\nVerantwortlicher der Datenverarbeitung gem\u00e4\u00df der genannten Verordnung ist <strong>HOTEL NAPOLEON DI SILVAGNI GIORGIO E SILVAGNI VALERIO E C. SNC.<\/strong> mit Rechtssitz<strong> Via Vittorio Veneto, n. 151, PLZ 61011 Gabicce Mare, Steuernummer und UID IT00970810412<\/strong> in Person ihres gesetzlichen Vertreters pro tempore.<br \/>\nSie haben jederzeit das Recht, vom Verantwortlichen der Datenverarbeitung die L\u00f6schung (evtl. Recht auf Vergessenwerden), die Einschr\u00e4nkung, die Aktualisierung, die Berichtigung und die \u00dcbertragbarkeit Sie betreffender Daten zu verlangen und Widerspruch gegen deren Verarbeitung einzulegen, sowie im Allgemeinen alle Rechte gem\u00e4\u00df Art. 15, 16, 17, 18, 19, 20, 21 und 22 der DSGVO auszu\u00fcben, sofern sie auf die Zwecke der Datenverarbeitung anwendbar sind.<br \/>\nDie betroffene Person hat au\u00dferdem bei Vorliegen der notwendigen Voraussetzungen das Recht, gem\u00e4\u00df den vorgesehenen Verfahren Beschwerde bei der Datenaufsichtsbeh\u00f6rde einzulegen. F\u00fcr alle weiteren Informationen und zur Aus\u00fcbung der Rechte gem\u00e4\u00df der Europ\u00e4ischen Verordnung k\u00f6nnen Sie sich jederzeit an den Verantwortlichen der Datenverarbeitung wenden.<\/p>\n<p><strong>EU-Verordnung 2016\/679: Art. 15, 16, 17, 18, 19, 20, 21 und 22 \u2013 Rechte der betroffenen Person<\/strong><br \/>\n1. Die betroffene Person hat das Recht auf Auskunft dar\u00fcber, ob sie betreffende personenbezogene Daten vorhanden sind, auch dann, wenn diese noch nicht gespeichert sind, ebenso wie das Recht auf eine \u00dcbermittlung der genannten Daten in verst\u00e4ndlicher Form.<br \/>\n2. Die betroffene Person hat das Recht auf Auskunft \u00fcber:<br \/>\na. die Herkunft der personenbezogenen Daten;<br \/>\nb. den Zweck und die Modalit\u00e4ten der Verarbeitung;<br \/>\nc. das angewandte System bei einer elektronischen Verarbeitung der Daten;<br \/>\nd. die wichtigsten Daten zur Identifizierung des Verantwortlichen, der Auftragsverarbeiter und des gem\u00e4\u00df Artikel 5, Absatz zwei ernannten Vertreters;<br \/>\ne. die Personen oder Kategorien von Personen, denen die personenbezogenen Daten \u00fcbermittelt werden k\u00f6nnen oder die als auf dem Staatsgebiet ernannte Vertreter, Auftragsverarbeiter oder Beauftragte davon Kenntnis erlangen k\u00f6nnen.<br \/>\n3. Die betroffene Person hat das Recht:<br \/>\na. die Aktualisierung, die Berichtigung oder, sofern interessiert, die Erg\u00e4nzung der Daten zu verlangen;<br \/>\nb. zu verlangen, dass widerrechtlich verarbeitete Daten gel\u00f6scht, anonymisiert oder gesperrt werden; dies gilt auch f\u00fcr Daten, deren Aufbewahrung f\u00fcr die Zwecke ihrer Erhebung oder sp\u00e4teren Verarbeitung nicht notwendig ist;<br \/>\nc. eine Best\u00e4tigung dar\u00fcber zu erhalten, dass die unter den Buchstaben a) und b) genannten Vorg\u00e4nge auch in Bezug auf ihren Inhalt jenen mitgeteilt wurden, denen die Daten \u00fcbermittelt oder bei denen sie verbreitet wurden, sofern sich dies nicht als unm\u00f6glich erweist oder der Aufwand an Mitteln im Verh\u00e4ltnis zum gesch\u00fctzten Recht unvertretbar gro\u00df w\u00e4re;<br \/>\nd. die \u00dcbertragbarkeit der Daten zu verlangen.<br \/>\n4. Die betroffene Person hat das Recht, sich ganz oder teilweise:<br \/>\na. der Verarbeitung sie betreffender personenbezogener Daten aus berechtigten Gr\u00fcnden zu widersetzen, auch wenn sie dem Zweck ihrer Erfassung entsprechen;<br \/>\nb. der Verarbeitung sie betreffender personenbezogener Daten zu widersetzen, wenn diese zum Versand von Werbematerial, zum Direktverkauf, zur Markt- bzw. Meinungsforschung oder zur Handelsinformation erfolgt.<\/p>\n<p><strong>EINWILLIGUNG<\/strong><br \/>\n<strong>Zustimmungserkl\u00e4rung der betroffenen Person<\/strong><br \/>\nIhre Einwilligung in den Empfang des Newsletters wird registriert (IP-Adresse, E-Mail, Datum und Uhrzeit), wenn Sie das K\u00e4stchen unter dem Eintragungsfeld f\u00fcr die E-Mail ankreuzen bzw. durch Anklicken des entsprechenden Feldes und Dr\u00fccken der Taste \u201eAbsenden\u201c \/ \u201eOK\u201c.<br \/>\nIhre Einwilligung wird als Nachweis f\u00fcr Ihre Zustimmung gespeichert, wobei Sie sich jederzeit wieder abmelden und alle oben beschriebenen Rechte aus\u00fcben k\u00f6nnen.<br \/>\nWir m\u00f6chten Sie daran erinnern, dass Sie sich zur Aus\u00fcbung Ihrer Rechte, f\u00fcr den Widerruf der geleisteten Einwilligung sowie f\u00fcr jede Art von Fragen oder Antr\u00e4gen in Bezug auf Ihre personenbezogenen Daten und den Datenschutz jederzeit schriftlich unter der Adresse <strong>napoleon@hotel-napoleon.it<\/strong> an den Verantwortlichen der Datenverarbeitung wenden k\u00f6nnen.<\/p>\n","protected":false},"excerpt":{"rendered":"<p>DATENSCHUTZERKL\u00c4RUNG Art. 13-14 EU-Verordnung 2016\/679 Betroffene Personen: Benutzer, Dienstleistungs- und Newsletterempf\u00e4nger HOTEL NAPOLEON DI SILVAGNI GIORGIO E SILVAGNI VALERIO E C. SNC. mit Rechtssitz in Via Vittorio Veneto, n. 151, PLZ 61011 Gabicce Mare, Steuernummer und UID IT00970810412 m\u00f6chte Sie hiermit als Verantwortlicher der Verarbeitung Ihrer personenbezogenen Daten laut und kraft EU-Verordnung 2016\/679 (nachfolgend \u201eDSGVO\u201c genannt) informieren, dass die zitierte Verordnung den Schutz der personenbezogenen Daten der betroffenen Personen regelt &#8230;<\/p>\n","protected":false},"author":1,"featured_media":0,"parent":0,"menu_order":0,"comment_status":"closed","ping_status":"closed","template":"","meta":{"_acf_changed":false},"class_list":["post-2674","page","type-page","status-publish","hentry"],"acf":[],"_links":{"self":[{"href":"https:\/\/www.hotel-napoleon.it\/de\/wp-json\/wp\/v2\/pages\/2674","targetHints":{"allow":["GET"]}}],"collection":[{"href":"https:\/\/www.hotel-napoleon.it\/de\/wp-json\/wp\/v2\/pages"}],"about":[{"href":"https:\/\/www.hotel-napoleon.it\/de\/wp-json\/wp\/v2\/types\/page"}],"author":[{"embeddable":true,"href":"https:\/\/www.hotel-napoleon.it\/de\/wp-json\/wp\/v2\/users\/1"}],"replies":[{"embeddable":true,"href":"https:\/\/www.hotel-napoleon.it\/de\/wp-json\/wp\/v2\/comments?post=2674"}],"version-history":[{"count":0,"href":"https:\/\/www.hotel-napoleon.it\/de\/wp-json\/wp\/v2\/pages\/2674\/revisions"}],"wp:attachment":[{"href":"https:\/\/www.hotel-napoleon.it\/de\/wp-json\/wp\/v2\/media?parent=2674"}],"curies":[{"name":"wp","href":"https:\/\/api.w.org\/{rel}","templated":true}]}}