{"id":2695,"date":"2019-07-17T16:58:47","date_gmt":"2019-07-17T14:58:47","guid":{"rendered":"https:\/\/www.hotel-napoleon.it\/richiesta-informazioni\/"},"modified":"2022-12-12T16:26:23","modified_gmt":"2022-12-12T15:26:23","slug":"informationen-anfordern","status":"publish","type":"page","link":"https:\/\/www.hotel-napoleon.it\/de\/informationen-anfordern\/","title":{"rendered":"Informationen anfordern"},"content":{"rendered":"<p>Z\u00f6gern Sie nicht, uns bei Zweifeln oder Informationen zu kontaktieren, indem Sie das untenstehende Formular ausf\u00fcllen. Unsere Mitarbeiter werden Ihnen so schnell wie m\u00f6glich antworten. Oder rufen Sie 0541.953560 an, wir helfen Ihnen gerne weiter.<\/p>\n<h4><\/h4>\n","protected":false},"excerpt":{"rendered":"<p>Z\u00f6gern Sie nicht, uns bei Zweifeln oder Informationen zu kontaktieren, indem Sie das untenstehende Formular ausf\u00fcllen. Unsere Mitarbeiter werden Ihnen so schnell wie m\u00f6glich antworten. Oder rufen Sie 0541.953560 an, wir helfen Ihnen gerne weiter.<\/p>\n","protected":false},"author":1,"featured_media":0,"parent":0,"menu_order":0,"comment_status":"closed","ping_status":"closed","template":"template\/template.richiesta-informazioni.php","meta":{"_acf_changed":false},"class_list":["post-2695","page","type-page","status-publish","hentry"],"acf":[],"_links":{"self":[{"href":"https:\/\/www.hotel-napoleon.it\/de\/wp-json\/wp\/v2\/pages\/2695","targetHints":{"allow":["GET"]}}],"collection":[{"href":"https:\/\/www.hotel-napoleon.it\/de\/wp-json\/wp\/v2\/pages"}],"about":[{"href":"https:\/\/www.hotel-napoleon.it\/de\/wp-json\/wp\/v2\/types\/page"}],"author":[{"embeddable":true,"href":"https:\/\/www.hotel-napoleon.it\/de\/wp-json\/wp\/v2\/users\/1"}],"replies":[{"embeddable":true,"href":"https:\/\/www.hotel-napoleon.it\/de\/wp-json\/wp\/v2\/comments?post=2695"}],"version-history":[{"count":0,"href":"https:\/\/www.hotel-napoleon.it\/de\/wp-json\/wp\/v2\/pages\/2695\/revisions"}],"wp:attachment":[{"href":"https:\/\/www.hotel-napoleon.it\/de\/wp-json\/wp\/v2\/media?parent=2695"}],"curies":[{"name":"wp","href":"https:\/\/api.w.org\/{rel}","templated":true}]}}