{"id":4659,"date":"2022-12-12T15:14:01","date_gmt":"2022-12-12T14:14:01","guid":{"rendered":"https:\/\/www.hotel-napoleon.it\/?page_id=4659"},"modified":"2024-11-19T15:11:18","modified_gmt":"2024-11-19T14:11:18","slug":"hotel-fuer-kinder-und-familien-im-urlaub-in-gabicce-mare","status":"publish","type":"page","link":"https:\/\/www.hotel-napoleon.it\/de\/hotel-fuer-kinder-und-familien-im-urlaub-in-gabicce-mare\/","title":{"rendered":"Hotel f\u00fcr Kinder und Familien im Urlaub in Gabicce Mare"},"content":{"rendered":"<h2>Spiel, Spa\u00df und Unterhaltung f\u00fcr unsere kleinen G\u00e4ste!<\/h2>\n<p>Haben die Kinder die Schulb\u00e4nke verlassen? Dann sind sie bereit, Spa\u00df zu haben und den Sommer zu genie\u00dfen!<\/p>\n<p><img loading=\"lazy\" decoding=\"async\" class=\"alignnone size-medium wp-image-4836\" src=\"https:\/\/www.hotel-napoleon.it\/wp-content\/uploads\/2022\/12\/shutterstock_592802372-1-300x300.jpg\" alt=\"\" width=\"300\" height=\"300\" data-big-size=\"2560x1707\" srcset=\"https:\/\/www.hotel-napoleon.it\/wp-content\/uploads\/2022\/12\/shutterstock_592802372-1-300x300.jpg 300w, https:\/\/www.hotel-napoleon.it\/wp-content\/uploads\/2022\/12\/shutterstock_592802372-1-1024x1024.jpg 1024w, https:\/\/www.hotel-napoleon.it\/wp-content\/uploads\/2022\/12\/shutterstock_592802372-1-150x150.jpg 150w\" sizes=\"auto, (max-width: 300px) 100vw, 300px\" \/><img loading=\"lazy\" decoding=\"async\" class=\"alignnone size-medium wp-image-4840\" src=\"https:\/\/www.hotel-napoleon.it\/wp-content\/uploads\/2022\/12\/shutterstock_117705031-300x300.jpg\" alt=\"\" width=\"300\" height=\"300\" data-big-size=\"2560x1707\" srcset=\"https:\/\/www.hotel-napoleon.it\/wp-content\/uploads\/2022\/12\/shutterstock_117705031-300x300.jpg 300w, https:\/\/www.hotel-napoleon.it\/wp-content\/uploads\/2022\/12\/shutterstock_117705031-1024x1024.jpg 1024w, https:\/\/www.hotel-napoleon.it\/wp-content\/uploads\/2022\/12\/shutterstock_117705031-150x150.jpg 150w\" sizes=\"auto, (max-width: 300px) 100vw, 300px\" \/><\/p>\n<p><strong>Das Napoleon Hotel in Gabicce Mare<\/strong> hei\u00dft Familien willkommen, die ihren Strandurlaub in v\u00f6lliger Entspannung verbringen m\u00f6chten, ohne auf Spa\u00df zu verzichten.<br \/>\n<strong>Wir m\u00f6chten, dass sich Ihre Familie wie zu Hause f\u00fchlt<\/strong>, damit Sie einen unbeschwerten Urlaub verbringen k\u00f6nnen&#8230; All unsere Professionalit\u00e4t und die Gastfreundschaft unserer Zimmer erwarten Sie, <strong>damit Sie und Ihr Kind einen angenehmen und sicheren Aufenthalt in Gabicce Mare genie\u00dfen k\u00f6nnen<\/strong>.<\/p>\n<h4>Hier sind alle Dienstleistungen f\u00fcr unsere kleinen G\u00e4ste:<\/h4>\n<ul>\n<li><strong>Kinderspielzimmer<\/strong> im Inneren neben der Bar, damit die Eltern in aller Ruhe einen Kaffee oder einen Aperitif genie\u00dfen k\u00f6nnen;<\/li>\n<li><strong>Spiele am Strand<\/strong>;<\/li>\n<li><strong>Tages- und Abendunterhaltung<\/strong> (nach dem Mittagessen und nach dem Abendessen f\u00fcr Kinder von 4 bis 12 Jahren) von Juni bis Ende August;<\/li>\n<li>Kostenloser Verleih von <strong>Hochst\u00fchlen<\/strong>, <strong>Kinderbetten<\/strong>, Fahrradsitzen und Kinderfahrr\u00e4dern;<\/li>\n<li>Personalisiertes <strong>Kindermen\u00fc<\/strong> auf Anfrage;<\/li>\n<\/ul>\n<p>Dar\u00fcber hinaus liegt das Hotel Napoleon in der N\u00e4he der Vergn\u00fcgungsparks der romagnolischen Riviera: ein Paradies f\u00fcr Kinder!<br \/>\nIn wenigen Autominuten k\u00f6nnen Sie Ihr Kind zum Cattolica Aquarium, Aquafan, Oltremare, Italia in Miniatura und Mirabilandia bringen!<\/p>\n<p>Es ist Zeit, Ihren Urlaub zu genie\u00dfen &#8230; nehmen Sie Ihr Kind mit an den Strand und haben Sie viel Spa\u00df!<\/p>\n","protected":false},"excerpt":{"rendered":"<p>Spiel, Spa\u00df und Unterhaltung f\u00fcr unsere kleinen G\u00e4ste! Haben die Kinder die Schulb\u00e4nke verlassen? Dann sind sie bereit, Spa\u00df zu haben und den Sommer zu genie\u00dfen! Das Napoleon Hotel in Gabicce Mare hei\u00dft Familien willkommen, die ihren Strandurlaub in v\u00f6lliger Entspannung verbringen m\u00f6chten, ohne auf Spa\u00df zu verzichten. Wir m\u00f6chten, dass sich Ihre Familie wie zu Hause f\u00fchlt, damit Sie einen unbeschwerten Urlaub verbringen k\u00f6nnen&#8230; All unsere Professionalit\u00e4t und die &#8230;<\/p>\n","protected":false},"author":4,"featured_media":0,"parent":0,"menu_order":0,"comment_status":"closed","ping_status":"closed","template":"","meta":{"_acf_changed":false},"class_list":["post-4659","page","type-page","status-publish","hentry"],"acf":[],"_links":{"self":[{"href":"https:\/\/www.hotel-napoleon.it\/de\/wp-json\/wp\/v2\/pages\/4659","targetHints":{"allow":["GET"]}}],"collection":[{"href":"https:\/\/www.hotel-napoleon.it\/de\/wp-json\/wp\/v2\/pages"}],"about":[{"href":"https:\/\/www.hotel-napoleon.it\/de\/wp-json\/wp\/v2\/types\/page"}],"author":[{"embeddable":true,"href":"https:\/\/www.hotel-napoleon.it\/de\/wp-json\/wp\/v2\/users\/4"}],"replies":[{"embeddable":true,"href":"https:\/\/www.hotel-napoleon.it\/de\/wp-json\/wp\/v2\/comments?post=4659"}],"version-history":[{"count":0,"href":"https:\/\/www.hotel-napoleon.it\/de\/wp-json\/wp\/v2\/pages\/4659\/revisions"}],"wp:attachment":[{"href":"https:\/\/www.hotel-napoleon.it\/de\/wp-json\/wp\/v2\/media?parent=4659"}],"curies":[{"name":"wp","href":"https:\/\/api.w.org\/{rel}","templated":true}]}}