{"id":2285,"date":"2018-08-30T10:09:57","date_gmt":"2018-08-30T08:09:57","guid":{"rendered":"https:\/\/www.hotel-napoleon.it\/pagina-di-esempio\/"},"modified":"2025-12-05T14:41:19","modified_gmt":"2025-12-05T13:41:19","slug":"pagina-di-esempio","status":"publish","type":"page","link":"https:\/\/www.hotel-napoleon.it\/fr\/","title":{"rendered":"H\u00f4tel 3 \u00c9toiles Gabicce directement au bord de la mer"},"content":{"rendered":"<p><strong>Pr\u00eat pour l&rsquo;\u00e9t\u00e9 2026 !<\/strong><\/p>\n<p>H\u00f4tel \u00e0 Gabicce Mare dans les Marches, h\u00f4tel 3 \u00e9toiles moderne et confortable pour familles, situ\u00e9 directement sur la mer sans aucune route interm\u00e9diaire s\u00e9parant l&rsquo;h\u00f4tel de la plage, et au centre de l&rsquo;agr\u00e9able zone pi\u00e9tonne du soir. Il dispose de chambres confortables, lumineuses et calmes, toutes dot\u00e9es de climatisation, minibar, radio, TV couleur, coffre-fort et balcon. Magnifique piscine panoramique au dernier \u00e9tage avec jacuzzi et grandes terrasses avec vue sur la baie. Parking moderne et garage priv\u00e9 \u00e0 quelques pas de l&rsquo;h\u00f4tel. Pour les inconditionnels d&rsquo;Internet, le service wi-fi est \u00e9galement disponible sur la plage devant l&rsquo;h\u00f4tel !!!!! L&rsquo;H\u00f4tel est g\u00e9r\u00e9 et dirig\u00e9 avec soin et professionnalisme par les propri\u00e9taires : la famille SILVAGNI. Choisissez notre h\u00f4tel 3 \u00e9toiles \u00e0 Gabicce et vous d\u00e9couvrirez les nombreux services et l&rsquo;hospitalit\u00e9 que nous offrons \u00e0 tous nos clients.<\/p>\n","protected":false},"excerpt":{"rendered":"<p>Pr\u00eat pour l&rsquo;\u00e9t\u00e9 2026 ! H\u00f4tel \u00e0 Gabicce Mare dans les Marches, h\u00f4tel 3 \u00e9toiles moderne et confortable pour familles, situ\u00e9 directement sur la mer sans aucune route interm\u00e9diaire s\u00e9parant l&rsquo;h\u00f4tel de la plage, et au centre de l&rsquo;agr\u00e9able zone pi\u00e9tonne du soir. Il dispose de chambres confortables, lumineuses et calmes, toutes dot\u00e9es de climatisation, minibar, radio, TV couleur, coffre-fort et balcon. Magnifique piscine panoramique au dernier \u00e9tage avec jacuzzi &#8230;<\/p>\n","protected":false},"author":1,"featured_media":0,"parent":0,"menu_order":0,"comment_status":"closed","ping_status":"open","template":"","meta":{"_acf_changed":false},"class_list":["post-2285","page","type-page","status-publish","hentry"],"acf":[],"_links":{"self":[{"href":"https:\/\/www.hotel-napoleon.it\/fr\/wp-json\/wp\/v2\/pages\/2285","targetHints":{"allow":["GET"]}}],"collection":[{"href":"https:\/\/www.hotel-napoleon.it\/fr\/wp-json\/wp\/v2\/pages"}],"about":[{"href":"https:\/\/www.hotel-napoleon.it\/fr\/wp-json\/wp\/v2\/types\/page"}],"author":[{"embeddable":true,"href":"https:\/\/www.hotel-napoleon.it\/fr\/wp-json\/wp\/v2\/users\/1"}],"replies":[{"embeddable":true,"href":"https:\/\/www.hotel-napoleon.it\/fr\/wp-json\/wp\/v2\/comments?post=2285"}],"version-history":[{"count":0,"href":"https:\/\/www.hotel-napoleon.it\/fr\/wp-json\/wp\/v2\/pages\/2285\/revisions"}],"wp:attachment":[{"href":"https:\/\/www.hotel-napoleon.it\/fr\/wp-json\/wp\/v2\/media?parent=2285"}],"curies":[{"name":"wp","href":"https:\/\/api.w.org\/{rel}","templated":true}]}}