{"id":2334,"date":"2017-12-11T10:19:45","date_gmt":"2017-12-11T09:19:45","guid":{"rendered":"https:\/\/www.hotel-napoleon.it\/hotel-gabicce-con-piscina-solarium-e-parcheggio\/"},"modified":"2023-12-04T15:43:56","modified_gmt":"2023-12-04T14:43:56","slug":"services","status":"publish","type":"page","link":"https:\/\/www.hotel-napoleon.it\/fr\/services\/","title":{"rendered":"H\u00f4tel Gabicce avec une \u00ab\u00a0mer\u00a0\u00bb de services"},"content":{"rendered":"<h3><strong>Parking&#8230; PAS DE STRESS<\/strong><\/h3>\n<p>Tr\u00e8s souvent dans les stations baln\u00e9aires, notamment pendant la saison estivale, trouver une place de parking pour sa voiture devient une v\u00e9ritable odyss\u00e9e. Pour les clients de l&rsquo;h\u00f4tel Napol\u00e9on, le stationnement n&rsquo;est pas un probl\u00e8me et ne sera jamais une source de stress car ils auront \u00e0 leur disposition, \u00e0 quelques pas de l&rsquo;h\u00f4tel, un grand parking priv\u00e9 et cl\u00f4tur\u00e9 et un GARAGE flambant neuf (\u00e0 la demande).<\/p>\n<p><strong>Piscine panoramique au dernier \u00e9tage avec une vue splendide sur le golfe.<\/strong><\/p>\n<p>Equip\u00e9 d&rsquo;un dispositif de nage \u00e0 contre courant avec deux grandes terrasses. Piscine jacuzzi chauff\u00e9e*. Solarium \u00e0 rayons UVA.<\/p>\n<p><strong>En vacances aussi \u00e0 table&#8230;<\/strong><\/p>\n<p>L&rsquo;h\u00f4tel propose \u00e9galement une cuisine particuli\u00e8rement raffin\u00e9e, qui propose des sp\u00e9cialit\u00e9s de poissons, des plats typiques italiens et internationaux enrichis d&rsquo;un buffet de salades et de l\u00e9gumes frais \u00e0 chaque repas.<\/p>\n<p><strong>Une mer de services&#8230;<\/strong><\/p>\n<p>L&rsquo;H\u00f4tel offre \u00e0 ses clients de grands salons pour d&rsquo;agr\u00e9ables moments de d\u00e9tente, de rencontres et de lecture ; Coin TV \u00e9galement avec cha\u00eenes satellite.<\/p>\n<p>Le bar bien achaland\u00e9 donnant sur la promenade du soir est en mesure de satisfaire les clients les plus exigeants, pour qui l&rsquo;h\u00f4tel Napol\u00e9on propose une animation p\u00e9riodique agr\u00e9able et amusante*. Service de location de v\u00e9los gratuit disponible pour les clients pour les promenades et le shopping.<\/p>\n<p><strong>Internet point Wi-Fi<\/strong><\/p>\n<p>Pour ceux qui veulent surfer sur le net, lire leur courrier, discuter ou trouver des informations, une borne Internet est disponible pour les clients de l&rsquo;h\u00f4tel, ainsi qu&rsquo;un r\u00e9seau sans fil dans tout l&rsquo;h\u00f4tel, et le service est disponible pour les internautes inv\u00e9t\u00e9r\u00e9s m\u00eame sur la plage devant l&rsquo;hotel!!!!!<\/p>\n<p>* Cet \u00e9t\u00e9, certains services de l&rsquo;h\u00f4tel peuvent faire l&rsquo;objet de modifications ou de limitations conform\u00e9ment \u00e0 la r\u00e9glementation en vigueur sur la distanciation sociale afin de garantir<br \/>\ns\u00e9curit\u00e9 maximale pour nos clients, en particulier les plus petits. La sant\u00e9 avant tout\u2026<br \/>\nS\u00fbrs de votre compr\u00e9hension, nous vous remercions par avance.<\/p>\n<div id='gallery-1' class='gallery galleryid-2334  gallery-size-full'><div class='owl-carousel owl-carousel-multiple-carousel-style'\n\t\t\t\t\t\t\tdata-owl-navigation='true'\n\t\t\t\t\t\t\tdata-owl-slide-speed='300'\n\t\t\t\t\t\t\tdata-owl-autoplay='false'\n\t\t\t\t\t\t\tdata-owl-dots='false'\n\t\t\t\t\t\t\tdata-owl-dots-speed='300'\n\t\t\t\t\t\t\tdata-owl-items-xs='1'data-owl-items-sm='2'data-owl-items-md='3'data-owl-items-lg='3'data-owl-items-xl='3'\n\t\t\t\t\t\t><figure class='gallery-item'>\n\t\t\t\t<div class='gallery-icon landscape'>\n\t\t\t\t\t<a href='https:\/\/www.hotel-napoleon.it\/wp-content\/uploads\/2019\/07\/Gallery-Servizi-02-Hotel-Napoleon-Gabicce.jpg' data-size=\"1000x700\"><img loading=\"lazy\" decoding=\"async\" width=\"1000\" height=\"700\" src=\"https:\/\/www.hotel-napoleon.it\/wp-content\/uploads\/2019\/07\/Gallery-Servizi-02-Hotel-Napoleon-Gabicce.jpg\" class=\"attachment-full size-full\" alt=\"Hotel-Napoleon-Gabicce hall reception\" srcset=\"https:\/\/www.hotel-napoleon.it\/wp-content\/uploads\/2019\/07\/Gallery-Servizi-02-Hotel-Napoleon-Gabicce.jpg 1000w, https:\/\/www.hotel-napoleon.it\/wp-content\/uploads\/2019\/07\/Gallery-Servizi-02-Hotel-Napoleon-Gabicce-768x538.jpg 768w, https:\/\/www.hotel-napoleon.it\/wp-content\/uploads\/2019\/07\/Gallery-Servizi-02-Hotel-Napoleon-Gabicce-57x40.jpg 57w, https:\/\/www.hotel-napoleon.it\/wp-content\/uploads\/2019\/07\/Gallery-Servizi-02-Hotel-Napoleon-Gabicce-72x50.jpg 72w, https:\/\/www.hotel-napoleon.it\/wp-content\/uploads\/2019\/07\/Gallery-Servizi-02-Hotel-Napoleon-Gabicce-114x80.jpg 114w, https:\/\/www.hotel-napoleon.it\/wp-content\/uploads\/2019\/07\/Gallery-Servizi-02-Hotel-Napoleon-Gabicce-144x101.jpg 144w\" sizes=\"auto, (max-width: 1000px) 100vw, 1000px\" \/><\/a>\n\t\t\t\t<\/div><\/figure><figure class='gallery-item'>\n\t\t\t\t<div class='gallery-icon landscape'>\n\t\t\t\t\t<a href='https:\/\/www.hotel-napoleon.it\/wp-content\/uploads\/2019\/07\/Gallery-Servizi-03-Hotel-Napoleon-Gabicce.jpg' data-size=\"1000x700\"><img loading=\"lazy\" decoding=\"async\" width=\"1000\" height=\"700\" src=\"https:\/\/www.hotel-napoleon.it\/wp-content\/uploads\/2019\/07\/Gallery-Servizi-03-Hotel-Napoleon-Gabicce.jpg\" class=\"attachment-full size-full\" alt=\"Hotel-Napoleon-Gabicce Bar\" srcset=\"https:\/\/www.hotel-napoleon.it\/wp-content\/uploads\/2019\/07\/Gallery-Servizi-03-Hotel-Napoleon-Gabicce.jpg 1000w, https:\/\/www.hotel-napoleon.it\/wp-content\/uploads\/2019\/07\/Gallery-Servizi-03-Hotel-Napoleon-Gabicce-768x538.jpg 768w, https:\/\/www.hotel-napoleon.it\/wp-content\/uploads\/2019\/07\/Gallery-Servizi-03-Hotel-Napoleon-Gabicce-57x40.jpg 57w, https:\/\/www.hotel-napoleon.it\/wp-content\/uploads\/2019\/07\/Gallery-Servizi-03-Hotel-Napoleon-Gabicce-72x50.jpg 72w, https:\/\/www.hotel-napoleon.it\/wp-content\/uploads\/2019\/07\/Gallery-Servizi-03-Hotel-Napoleon-Gabicce-114x80.jpg 114w, https:\/\/www.hotel-napoleon.it\/wp-content\/uploads\/2019\/07\/Gallery-Servizi-03-Hotel-Napoleon-Gabicce-144x101.jpg 144w\" sizes=\"auto, (max-width: 1000px) 100vw, 1000px\" \/><\/a>\n\t\t\t\t<\/div><\/figure><figure class='gallery-item'>\n\t\t\t\t<div class='gallery-icon landscape'>\n\t\t\t\t\t<a href='https:\/\/www.hotel-napoleon.it\/wp-content\/uploads\/2019\/07\/Gallery-Piscina-01-Hotel-Napoleon-Gabicce.jpg' data-size=\"1000x700\"><img loading=\"lazy\" decoding=\"async\" width=\"1000\" height=\"700\" src=\"https:\/\/www.hotel-napoleon.it\/wp-content\/uploads\/2019\/07\/Gallery-Piscina-01-Hotel-Napoleon-Gabicce.jpg\" class=\"attachment-full size-full\" alt=\"Hotel Gabicce con piscina\" srcset=\"https:\/\/www.hotel-napoleon.it\/wp-content\/uploads\/2019\/07\/Gallery-Piscina-01-Hotel-Napoleon-Gabicce.jpg 1000w, https:\/\/www.hotel-napoleon.it\/wp-content\/uploads\/2019\/07\/Gallery-Piscina-01-Hotel-Napoleon-Gabicce-768x538.jpg 768w, https:\/\/www.hotel-napoleon.it\/wp-content\/uploads\/2019\/07\/Gallery-Piscina-01-Hotel-Napoleon-Gabicce-57x40.jpg 57w, https:\/\/www.hotel-napoleon.it\/wp-content\/uploads\/2019\/07\/Gallery-Piscina-01-Hotel-Napoleon-Gabicce-72x50.jpg 72w, https:\/\/www.hotel-napoleon.it\/wp-content\/uploads\/2019\/07\/Gallery-Piscina-01-Hotel-Napoleon-Gabicce-114x80.jpg 114w, https:\/\/www.hotel-napoleon.it\/wp-content\/uploads\/2019\/07\/Gallery-Piscina-01-Hotel-Napoleon-Gabicce-144x101.jpg 144w\" sizes=\"auto, (max-width: 1000px) 100vw, 1000px\" \/><\/a>\n\t\t\t\t<\/div><\/figure><figure class='gallery-item'>\n\t\t\t\t<div class='gallery-icon landscape'>\n\t\t\t\t\t<a href='https:\/\/www.hotel-napoleon.it\/wp-content\/uploads\/2019\/07\/Gallery-Benessere-02-Hotel-Napoleon-Gabicce.jpg' data-size=\"1000x700\"><img loading=\"lazy\" decoding=\"async\" width=\"1000\" height=\"700\" src=\"https:\/\/www.hotel-napoleon.it\/wp-content\/uploads\/2019\/07\/Gallery-Benessere-02-Hotel-Napoleon-Gabicce.jpg\" class=\"attachment-full size-full\" alt=\"Hotel con idromassaggio benessere Gabicce\" aria-describedby=\"gallery-1-2022\" srcset=\"https:\/\/www.hotel-napoleon.it\/wp-content\/uploads\/2019\/07\/Gallery-Benessere-02-Hotel-Napoleon-Gabicce.jpg 1000w, https:\/\/www.hotel-napoleon.it\/wp-content\/uploads\/2019\/07\/Gallery-Benessere-02-Hotel-Napoleon-Gabicce-768x538.jpg 768w, https:\/\/www.hotel-napoleon.it\/wp-content\/uploads\/2019\/07\/Gallery-Benessere-02-Hotel-Napoleon-Gabicce-57x40.jpg 57w, https:\/\/www.hotel-napoleon.it\/wp-content\/uploads\/2019\/07\/Gallery-Benessere-02-Hotel-Napoleon-Gabicce-72x50.jpg 72w, https:\/\/www.hotel-napoleon.it\/wp-content\/uploads\/2019\/07\/Gallery-Benessere-02-Hotel-Napoleon-Gabicce-114x80.jpg 114w, https:\/\/www.hotel-napoleon.it\/wp-content\/uploads\/2019\/07\/Gallery-Benessere-02-Hotel-Napoleon-Gabicce-144x101.jpg 144w\" sizes=\"auto, (max-width: 1000px) 100vw, 1000px\" \/><\/a>\n\t\t\t\t<\/div>\n\t\t\t\t\t<figcaption class='wp-caption-text gallery-caption' id='gallery-1-2022'>\n\t\t\t\t\t\n\t\t\t\t\t<\/figcaption><\/figure><figure class='gallery-item'>\n\t\t\t\t<div class='gallery-icon landscape'>\n\t\t\t\t\t<a href='https:\/\/www.hotel-napoleon.it\/wp-content\/uploads\/2019\/07\/Gallery-Servizi-01-Hotel-Napoleon-Gabicce.jpg' data-size=\"1000x700\"><img loading=\"lazy\" decoding=\"async\" width=\"1000\" height=\"700\" src=\"https:\/\/www.hotel-napoleon.it\/wp-content\/uploads\/2019\/07\/Gallery-Servizi-01-Hotel-Napoleon-Gabicce.jpg\" class=\"attachment-full size-full\" alt=\"Hotel-Napoleon-Gabicce sala giochi bambini\" srcset=\"https:\/\/www.hotel-napoleon.it\/wp-content\/uploads\/2019\/07\/Gallery-Servizi-01-Hotel-Napoleon-Gabicce.jpg 1000w, https:\/\/www.hotel-napoleon.it\/wp-content\/uploads\/2019\/07\/Gallery-Servizi-01-Hotel-Napoleon-Gabicce-768x538.jpg 768w, https:\/\/www.hotel-napoleon.it\/wp-content\/uploads\/2019\/07\/Gallery-Servizi-01-Hotel-Napoleon-Gabicce-57x40.jpg 57w, https:\/\/www.hotel-napoleon.it\/wp-content\/uploads\/2019\/07\/Gallery-Servizi-01-Hotel-Napoleon-Gabicce-72x50.jpg 72w, https:\/\/www.hotel-napoleon.it\/wp-content\/uploads\/2019\/07\/Gallery-Servizi-01-Hotel-Napoleon-Gabicce-114x80.jpg 114w, https:\/\/www.hotel-napoleon.it\/wp-content\/uploads\/2019\/07\/Gallery-Servizi-01-Hotel-Napoleon-Gabicce-144x101.jpg 144w\" sizes=\"auto, (max-width: 1000px) 100vw, 1000px\" \/><\/a>\n\t\t\t\t<\/div><\/figure><figure class='gallery-item'>\n\t\t\t\t<div class='gallery-icon landscape'>\n\t\t\t\t\t<a href='https:\/\/www.hotel-napoleon.it\/wp-content\/uploads\/2019\/07\/Gallery-Benessere-03-Hotel-Napoleon-Gabicce.jpg' data-size=\"1000x700\"><img loading=\"lazy\" decoding=\"async\" width=\"1000\" height=\"700\" src=\"https:\/\/www.hotel-napoleon.it\/wp-content\/uploads\/2019\/07\/Gallery-Benessere-03-Hotel-Napoleon-Gabicce.jpg\" class=\"attachment-full size-full\" alt=\"Hotel con palestra Gabicce Mare\" srcset=\"https:\/\/www.hotel-napoleon.it\/wp-content\/uploads\/2019\/07\/Gallery-Benessere-03-Hotel-Napoleon-Gabicce.jpg 1000w, https:\/\/www.hotel-napoleon.it\/wp-content\/uploads\/2019\/07\/Gallery-Benessere-03-Hotel-Napoleon-Gabicce-768x538.jpg 768w, https:\/\/www.hotel-napoleon.it\/wp-content\/uploads\/2019\/07\/Gallery-Benessere-03-Hotel-Napoleon-Gabicce-57x40.jpg 57w, https:\/\/www.hotel-napoleon.it\/wp-content\/uploads\/2019\/07\/Gallery-Benessere-03-Hotel-Napoleon-Gabicce-72x50.jpg 72w, https:\/\/www.hotel-napoleon.it\/wp-content\/uploads\/2019\/07\/Gallery-Benessere-03-Hotel-Napoleon-Gabicce-114x80.jpg 114w, https:\/\/www.hotel-napoleon.it\/wp-content\/uploads\/2019\/07\/Gallery-Benessere-03-Hotel-Napoleon-Gabicce-144x101.jpg 144w\" sizes=\"auto, (max-width: 1000px) 100vw, 1000px\" \/><\/a>\n\t\t\t\t<\/div><\/figure><figure class='gallery-item'>\n\t\t\t\t<div class='gallery-icon landscape'>\n\t\t\t\t\t<a href='https:\/\/www.hotel-napoleon.it\/wp-content\/uploads\/2019\/07\/Gallery-Ristorante-03-Hotel-Napoleon-Gabicce.jpg' data-size=\"1000x700\"><img loading=\"lazy\" decoding=\"async\" width=\"1000\" height=\"700\" src=\"https:\/\/www.hotel-napoleon.it\/wp-content\/uploads\/2019\/07\/Gallery-Ristorante-03-Hotel-Napoleon-Gabicce.jpg\" class=\"attachment-full size-full\" alt=\"Hotel Napoleon Gabicce piatti di pesce\" srcset=\"https:\/\/www.hotel-napoleon.it\/wp-content\/uploads\/2019\/07\/Gallery-Ristorante-03-Hotel-Napoleon-Gabicce.jpg 1000w, https:\/\/www.hotel-napoleon.it\/wp-content\/uploads\/2019\/07\/Gallery-Ristorante-03-Hotel-Napoleon-Gabicce-768x538.jpg 768w, https:\/\/www.hotel-napoleon.it\/wp-content\/uploads\/2019\/07\/Gallery-Ristorante-03-Hotel-Napoleon-Gabicce-57x40.jpg 57w, https:\/\/www.hotel-napoleon.it\/wp-content\/uploads\/2019\/07\/Gallery-Ristorante-03-Hotel-Napoleon-Gabicce-72x50.jpg 72w, https:\/\/www.hotel-napoleon.it\/wp-content\/uploads\/2019\/07\/Gallery-Ristorante-03-Hotel-Napoleon-Gabicce-114x80.jpg 114w, https:\/\/www.hotel-napoleon.it\/wp-content\/uploads\/2019\/07\/Gallery-Ristorante-03-Hotel-Napoleon-Gabicce-144x101.jpg 144w\" sizes=\"auto, (max-width: 1000px) 100vw, 1000px\" \/><\/a>\n\t\t\t\t<\/div><\/figure><figure class='gallery-item'>\n\t\t\t\t<div class='gallery-icon landscape'>\n\t\t\t\t\t<a href='https:\/\/www.hotel-napoleon.it\/wp-content\/uploads\/2019\/07\/Gallery-Piscina-04-Hotel-Napoleon-Gabicce.jpg' data-size=\"1000x700\"><img loading=\"lazy\" decoding=\"async\" width=\"1000\" height=\"700\" src=\"https:\/\/www.hotel-napoleon.it\/wp-content\/uploads\/2019\/07\/Gallery-Piscina-04-Hotel-Napoleon-Gabicce.jpg\" class=\"attachment-full size-full\" alt=\"Hotel vista mare Gabicce\" srcset=\"https:\/\/www.hotel-napoleon.it\/wp-content\/uploads\/2019\/07\/Gallery-Piscina-04-Hotel-Napoleon-Gabicce.jpg 1000w, https:\/\/www.hotel-napoleon.it\/wp-content\/uploads\/2019\/07\/Gallery-Piscina-04-Hotel-Napoleon-Gabicce-768x538.jpg 768w, https:\/\/www.hotel-napoleon.it\/wp-content\/uploads\/2019\/07\/Gallery-Piscina-04-Hotel-Napoleon-Gabicce-57x40.jpg 57w, https:\/\/www.hotel-napoleon.it\/wp-content\/uploads\/2019\/07\/Gallery-Piscina-04-Hotel-Napoleon-Gabicce-72x50.jpg 72w, https:\/\/www.hotel-napoleon.it\/wp-content\/uploads\/2019\/07\/Gallery-Piscina-04-Hotel-Napoleon-Gabicce-114x80.jpg 114w, https:\/\/www.hotel-napoleon.it\/wp-content\/uploads\/2019\/07\/Gallery-Piscina-04-Hotel-Napoleon-Gabicce-144x101.jpg 144w\" sizes=\"auto, (max-width: 1000px) 100vw, 1000px\" \/><\/a>\n\t\t\t\t<\/div><\/figure><figure class='gallery-item'>\n\t\t\t\t<div class='gallery-icon landscape'>\n\t\t\t\t\t<a href='https:\/\/www.hotel-napoleon.it\/wp-content\/uploads\/2022\/12\/Parcheggio-1.jpg' data-size=\"1600x863\"><img loading=\"lazy\" decoding=\"async\" width=\"1600\" height=\"863\" src=\"https:\/\/www.hotel-napoleon.it\/wp-content\/uploads\/2022\/12\/Parcheggio-1.jpg\" class=\"attachment-full size-full\" alt=\"\" srcset=\"https:\/\/www.hotel-napoleon.it\/wp-content\/uploads\/2022\/12\/Parcheggio-1.jpg 1600w, https:\/\/www.hotel-napoleon.it\/wp-content\/uploads\/2022\/12\/Parcheggio-1-768x414.jpg 768w, https:\/\/www.hotel-napoleon.it\/wp-content\/uploads\/2022\/12\/Parcheggio-1-1536x828.jpg 1536w, https:\/\/www.hotel-napoleon.it\/wp-content\/uploads\/2022\/12\/Parcheggio-1-57x31.jpg 57w, https:\/\/www.hotel-napoleon.it\/wp-content\/uploads\/2022\/12\/Parcheggio-1-72x39.jpg 72w, https:\/\/www.hotel-napoleon.it\/wp-content\/uploads\/2022\/12\/Parcheggio-1-114x61.jpg 114w, https:\/\/www.hotel-napoleon.it\/wp-content\/uploads\/2022\/12\/Parcheggio-1-144x78.jpg 144w\" sizes=\"auto, (max-width: 1600px) 100vw, 1600px\" \/><\/a>\n\t\t\t\t<\/div><\/figure>\n\t\t\t<\/div>\n<\/div>\n\n","protected":false},"excerpt":{"rendered":"<p>Parking&#8230; PAS DE STRESS Tr\u00e8s souvent dans les stations baln\u00e9aires, notamment pendant la saison estivale, trouver une place de parking pour sa voiture devient une v\u00e9ritable odyss\u00e9e. Pour les clients de l&rsquo;h\u00f4tel Napol\u00e9on, le stationnement n&rsquo;est pas un probl\u00e8me et ne sera jamais une source de stress car ils auront \u00e0 leur disposition, \u00e0 quelques pas de l&rsquo;h\u00f4tel, un grand parking priv\u00e9 et cl\u00f4tur\u00e9 et un GARAGE flambant neuf (\u00e0 &#8230;<\/p>\n","protected":false},"author":1,"featured_media":0,"parent":0,"menu_order":0,"comment_status":"closed","ping_status":"closed","template":"","meta":{"_acf_changed":false},"class_list":["post-2334","page","type-page","status-publish","hentry"],"acf":[],"_links":{"self":[{"href":"https:\/\/www.hotel-napoleon.it\/fr\/wp-json\/wp\/v2\/pages\/2334","targetHints":{"allow":["GET"]}}],"collection":[{"href":"https:\/\/www.hotel-napoleon.it\/fr\/wp-json\/wp\/v2\/pages"}],"about":[{"href":"https:\/\/www.hotel-napoleon.it\/fr\/wp-json\/wp\/v2\/types\/page"}],"author":[{"embeddable":true,"href":"https:\/\/www.hotel-napoleon.it\/fr\/wp-json\/wp\/v2\/users\/1"}],"replies":[{"embeddable":true,"href":"https:\/\/www.hotel-napoleon.it\/fr\/wp-json\/wp\/v2\/comments?post=2334"}],"version-history":[{"count":0,"href":"https:\/\/www.hotel-napoleon.it\/fr\/wp-json\/wp\/v2\/pages\/2334\/revisions"}],"wp:attachment":[{"href":"https:\/\/www.hotel-napoleon.it\/fr\/wp-json\/wp\/v2\/media?parent=2334"}],"curies":[{"name":"wp","href":"https:\/\/api.w.org\/{rel}","templated":true}]}}