{"id":2346,"date":"2019-07-17T11:07:17","date_gmt":"2019-07-17T09:07:17","guid":{"rendered":"https:\/\/www.hotel-napoleon.it\/wellness-benessere\/"},"modified":"2019-07-19T11:08:57","modified_gmt":"2019-07-19T09:08:57","slug":"wellness-bien-etre","status":"publish","type":"page","link":"https:\/\/www.hotel-napoleon.it\/fr\/wellness-bien-etre\/","title":{"rendered":"Wellness &#038; Bien-\u00eatre"},"content":{"rendered":"<h2>Le bien-\u00eatre de l\u2019esprit passe par celui du corps<\/h2>\n<p>La mer, la plage et la bonne cuisine sont assur\u00e9ment des ingr\u00e9dients importants de vos vacances \u00e0 Gabicce Mare\u2026 Toutefois, soyez convaincu qu\u2019il est tout aussi important de c\u00e9der \u00e0 quelques caprices tels que le plaisir de se sentir choy\u00e9 par des <strong>massages relaxants ou celui d\u2019\u00eatre berc\u00e9 par les bulles de l\u2019hydromassage<\/strong> voire celui d\u2019une petite sieste sous une lampe UV. Tels sont les agr\u00e9ments que vous offre notre h\u00f4tel.<\/p>\n<div id='gallery-1' class='gallery galleryid-2346  gallery-size-full'><div class='owl-carousel owl-carousel-multiple-carousel-style'\n\t\t\t\t\t\t\tdata-owl-navigation='true'\n\t\t\t\t\t\t\tdata-owl-slide-speed='300'\n\t\t\t\t\t\t\tdata-owl-autoplay='false'\n\t\t\t\t\t\t\tdata-owl-dots='false'\n\t\t\t\t\t\t\tdata-owl-dots-speed='300'\n\t\t\t\t\t\t\tdata-owl-items-xs='1'data-owl-items-sm='2'data-owl-items-md='3'data-owl-items-lg='3'data-owl-items-xl='3'\n\t\t\t\t\t\t><figure class='gallery-item'>\n\t\t\t\t<div class='gallery-icon landscape'>\n\t\t\t\t\t<a href='https:\/\/www.hotel-napoleon.it\/wp-content\/uploads\/2019\/07\/Gallery-Benessere-02-Hotel-Napoleon-Gabicce.jpg' data-size=\"1000x700\"><img loading=\"lazy\" decoding=\"async\" width=\"1000\" height=\"700\" src=\"https:\/\/www.hotel-napoleon.it\/wp-content\/uploads\/2019\/07\/Gallery-Benessere-02-Hotel-Napoleon-Gabicce.jpg\" class=\"attachment-full size-full\" alt=\"Hotel con idromassaggio benessere Gabicce\" aria-describedby=\"gallery-1-2022\" srcset=\"https:\/\/www.hotel-napoleon.it\/wp-content\/uploads\/2019\/07\/Gallery-Benessere-02-Hotel-Napoleon-Gabicce.jpg 1000w, https:\/\/www.hotel-napoleon.it\/wp-content\/uploads\/2019\/07\/Gallery-Benessere-02-Hotel-Napoleon-Gabicce-768x538.jpg 768w, https:\/\/www.hotel-napoleon.it\/wp-content\/uploads\/2019\/07\/Gallery-Benessere-02-Hotel-Napoleon-Gabicce-57x40.jpg 57w, https:\/\/www.hotel-napoleon.it\/wp-content\/uploads\/2019\/07\/Gallery-Benessere-02-Hotel-Napoleon-Gabicce-72x50.jpg 72w, https:\/\/www.hotel-napoleon.it\/wp-content\/uploads\/2019\/07\/Gallery-Benessere-02-Hotel-Napoleon-Gabicce-114x80.jpg 114w, https:\/\/www.hotel-napoleon.it\/wp-content\/uploads\/2019\/07\/Gallery-Benessere-02-Hotel-Napoleon-Gabicce-144x101.jpg 144w\" sizes=\"auto, (max-width: 1000px) 100vw, 1000px\" \/><\/a>\n\t\t\t\t<\/div>\n\t\t\t\t\t<figcaption class='wp-caption-text gallery-caption' id='gallery-1-2022'>\n\t\t\t\t\t\n\t\t\t\t\t<\/figcaption><\/figure><figure class='gallery-item'>\n\t\t\t\t<div class='gallery-icon landscape'>\n\t\t\t\t\t<a href='https:\/\/www.hotel-napoleon.it\/wp-content\/uploads\/2019\/07\/Gallery-Benessere-01-Hotel-Napoleon-Gabicce.jpg' data-size=\"1000x700\"><img loading=\"lazy\" decoding=\"async\" width=\"1000\" height=\"700\" src=\"https:\/\/www.hotel-napoleon.it\/wp-content\/uploads\/2019\/07\/Gallery-Benessere-01-Hotel-Napoleon-Gabicce.jpg\" class=\"attachment-full size-full\" alt=\"Hotel con palestra Marche\" srcset=\"https:\/\/www.hotel-napoleon.it\/wp-content\/uploads\/2019\/07\/Gallery-Benessere-01-Hotel-Napoleon-Gabicce.jpg 1000w, https:\/\/www.hotel-napoleon.it\/wp-content\/uploads\/2019\/07\/Gallery-Benessere-01-Hotel-Napoleon-Gabicce-768x538.jpg 768w, https:\/\/www.hotel-napoleon.it\/wp-content\/uploads\/2019\/07\/Gallery-Benessere-01-Hotel-Napoleon-Gabicce-57x40.jpg 57w, https:\/\/www.hotel-napoleon.it\/wp-content\/uploads\/2019\/07\/Gallery-Benessere-01-Hotel-Napoleon-Gabicce-72x50.jpg 72w, https:\/\/www.hotel-napoleon.it\/wp-content\/uploads\/2019\/07\/Gallery-Benessere-01-Hotel-Napoleon-Gabicce-114x80.jpg 114w, https:\/\/www.hotel-napoleon.it\/wp-content\/uploads\/2019\/07\/Gallery-Benessere-01-Hotel-Napoleon-Gabicce-144x101.jpg 144w\" sizes=\"auto, (max-width: 1000px) 100vw, 1000px\" \/><\/a>\n\t\t\t\t<\/div><\/figure><figure class='gallery-item'>\n\t\t\t\t<div class='gallery-icon landscape'>\n\t\t\t\t\t<a href='https:\/\/www.hotel-napoleon.it\/wp-content\/uploads\/2019\/07\/Gallery-Benessere-03-Hotel-Napoleon-Gabicce.jpg' data-size=\"1000x700\"><img loading=\"lazy\" decoding=\"async\" width=\"1000\" height=\"700\" src=\"https:\/\/www.hotel-napoleon.it\/wp-content\/uploads\/2019\/07\/Gallery-Benessere-03-Hotel-Napoleon-Gabicce.jpg\" class=\"attachment-full size-full\" alt=\"Hotel con palestra Gabicce Mare\" srcset=\"https:\/\/www.hotel-napoleon.it\/wp-content\/uploads\/2019\/07\/Gallery-Benessere-03-Hotel-Napoleon-Gabicce.jpg 1000w, https:\/\/www.hotel-napoleon.it\/wp-content\/uploads\/2019\/07\/Gallery-Benessere-03-Hotel-Napoleon-Gabicce-768x538.jpg 768w, https:\/\/www.hotel-napoleon.it\/wp-content\/uploads\/2019\/07\/Gallery-Benessere-03-Hotel-Napoleon-Gabicce-57x40.jpg 57w, https:\/\/www.hotel-napoleon.it\/wp-content\/uploads\/2019\/07\/Gallery-Benessere-03-Hotel-Napoleon-Gabicce-72x50.jpg 72w, https:\/\/www.hotel-napoleon.it\/wp-content\/uploads\/2019\/07\/Gallery-Benessere-03-Hotel-Napoleon-Gabicce-114x80.jpg 114w, https:\/\/www.hotel-napoleon.it\/wp-content\/uploads\/2019\/07\/Gallery-Benessere-03-Hotel-Napoleon-Gabicce-144x101.jpg 144w\" sizes=\"auto, (max-width: 1000px) 100vw, 1000px\" \/><\/a>\n\t\t\t\t<\/div><\/figure>\n\t\t\t<\/div>\n<\/div>\n\n","protected":false},"excerpt":{"rendered":"<p>Le bien-\u00eatre de l\u2019esprit passe par celui du corps La mer, la plage et la bonne cuisine sont assur\u00e9ment des ingr\u00e9dients importants de vos vacances \u00e0 Gabicce Mare\u2026 Toutefois, soyez convaincu qu\u2019il est tout aussi important de c\u00e9der \u00e0 quelques caprices tels que le plaisir de se sentir choy\u00e9 par des massages relaxants ou celui d\u2019\u00eatre berc\u00e9 par les bulles de l\u2019hydromassage voire celui d\u2019une petite sieste sous une lampe &#8230;<\/p>\n","protected":false},"author":1,"featured_media":0,"parent":0,"menu_order":0,"comment_status":"closed","ping_status":"closed","template":"","meta":{"_acf_changed":false},"class_list":["post-2346","page","type-page","status-publish","hentry"],"acf":[],"_links":{"self":[{"href":"https:\/\/www.hotel-napoleon.it\/fr\/wp-json\/wp\/v2\/pages\/2346","targetHints":{"allow":["GET"]}}],"collection":[{"href":"https:\/\/www.hotel-napoleon.it\/fr\/wp-json\/wp\/v2\/pages"}],"about":[{"href":"https:\/\/www.hotel-napoleon.it\/fr\/wp-json\/wp\/v2\/types\/page"}],"author":[{"embeddable":true,"href":"https:\/\/www.hotel-napoleon.it\/fr\/wp-json\/wp\/v2\/users\/1"}],"replies":[{"embeddable":true,"href":"https:\/\/www.hotel-napoleon.it\/fr\/wp-json\/wp\/v2\/comments?post=2346"}],"version-history":[{"count":0,"href":"https:\/\/www.hotel-napoleon.it\/fr\/wp-json\/wp\/v2\/pages\/2346\/revisions"}],"wp:attachment":[{"href":"https:\/\/www.hotel-napoleon.it\/fr\/wp-json\/wp\/v2\/media?parent=2346"}],"curies":[{"name":"wp","href":"https:\/\/api.w.org\/{rel}","templated":true}]}}