{"id":2352,"date":"2019-07-16T17:18:08","date_gmt":"2019-07-16T15:18:08","guid":{"rendered":"https:\/\/www.hotel-napoleon.it\/hotel-ristorante-gabicce-sul-mare\/"},"modified":"2022-12-13T17:07:04","modified_gmt":"2022-12-13T16:07:04","slug":"la-cuisine","status":"publish","type":"page","link":"https:\/\/www.hotel-napoleon.it\/fr\/la-cuisine\/","title":{"rendered":"H\u00f4tel Restaurant Gabicce sur la mer"},"content":{"rendered":"<h2>Salle \u00e0 manger panoramique climatis\u00e9e<\/h2>\n<p>La salle \u00e0 manger <strong>climatis\u00e9e<\/strong> est situ\u00e9e au premier \u00e9tage avec une vue panoramique sur la mer<\/p>\n<p><strong>La cuisine et le service sont tr\u00e8s soign\u00e9s<\/strong>. <strong>Buffet<\/strong> tous les jours <strong>d&rsquo;accompagnements et de salades<\/strong>, choix de menu de viande ou de sp\u00e9cialit\u00e9s de poisson. Petit-d\u00e9jeuner buffet, d\u00e9jeuner et d\u00eener servis \u00e0 table (demi-pension avec d\u00eener). Bar bien approvisionn\u00e9 donnant sur la promenade.<\/p>\n<p>En vacances il est agr\u00e9able de profiter aussi des plaisirs de la table et notre restaurant mettra tout en oeuvre pour vous faire go\u00fbter aux saveurs de cette terre g\u00e9n\u00e9reuse, des plats \u00e0 base de poissons et de viandes frais pour \u00e9gayer vos journ\u00e9es et vous faire d\u00e9couvrir notre cuisine, r\u00e9put\u00e9e partout le monde.<\/p>\n<div id='gallery-1' class='gallery galleryid-2352  gallery-size-full'><div class='owl-carousel owl-carousel-multiple-carousel-style'\n\t\t\t\t\t\t\tdata-owl-navigation='true'\n\t\t\t\t\t\t\tdata-owl-slide-speed='300'\n\t\t\t\t\t\t\tdata-owl-autoplay='false'\n\t\t\t\t\t\t\tdata-owl-dots='false'\n\t\t\t\t\t\t\tdata-owl-dots-speed='300'\n\t\t\t\t\t\t\tdata-owl-items-xs='1'data-owl-items-sm='2'data-owl-items-md='3'data-owl-items-lg='3'data-owl-items-xl='3'\n\t\t\t\t\t\t><figure class='gallery-item'>\n\t\t\t\t<div class='gallery-icon landscape'>\n\t\t\t\t\t<a href='https:\/\/www.hotel-napoleon.it\/wp-content\/uploads\/2022\/12\/P1000254-scaled.jpg' data-size=\"2560x1920\"><img loading=\"lazy\" decoding=\"async\" width=\"2560\" height=\"1920\" src=\"https:\/\/www.hotel-napoleon.it\/wp-content\/uploads\/2022\/12\/P1000254-scaled.jpg\" class=\"attachment-full size-full\" alt=\"\" srcset=\"https:\/\/www.hotel-napoleon.it\/wp-content\/uploads\/2022\/12\/P1000254-scaled.jpg 2560w, https:\/\/www.hotel-napoleon.it\/wp-content\/uploads\/2022\/12\/P1000254-768x576.jpg 768w, https:\/\/www.hotel-napoleon.it\/wp-content\/uploads\/2022\/12\/P1000254-1536x1152.jpg 1536w, https:\/\/www.hotel-napoleon.it\/wp-content\/uploads\/2022\/12\/P1000254-2048x1536.jpg 2048w, https:\/\/www.hotel-napoleon.it\/wp-content\/uploads\/2022\/12\/P1000254-57x43.jpg 57w, https:\/\/www.hotel-napoleon.it\/wp-content\/uploads\/2022\/12\/P1000254-72x54.jpg 72w, https:\/\/www.hotel-napoleon.it\/wp-content\/uploads\/2022\/12\/P1000254-114x86.jpg 114w, https:\/\/www.hotel-napoleon.it\/wp-content\/uploads\/2022\/12\/P1000254-144x108.jpg 144w, https:\/\/www.hotel-napoleon.it\/wp-content\/uploads\/2022\/12\/P1000254-600x450.jpg 600w\" sizes=\"auto, (max-width: 2560px) 100vw, 2560px\" \/><\/a>\n\t\t\t\t<\/div><\/figure><figure class='gallery-item'>\n\t\t\t\t<div class='gallery-icon landscape'>\n\t\t\t\t\t<a href='https:\/\/www.hotel-napoleon.it\/wp-content\/uploads\/2022\/12\/P4110014-2.jpg' data-size=\"2048x1536\"><img loading=\"lazy\" decoding=\"async\" width=\"2048\" height=\"1536\" src=\"https:\/\/www.hotel-napoleon.it\/wp-content\/uploads\/2022\/12\/P4110014-2.jpg\" class=\"attachment-full size-full\" alt=\"\" srcset=\"https:\/\/www.hotel-napoleon.it\/wp-content\/uploads\/2022\/12\/P4110014-2.jpg 2048w, https:\/\/www.hotel-napoleon.it\/wp-content\/uploads\/2022\/12\/P4110014-2-768x576.jpg 768w, https:\/\/www.hotel-napoleon.it\/wp-content\/uploads\/2022\/12\/P4110014-2-1536x1152.jpg 1536w, https:\/\/www.hotel-napoleon.it\/wp-content\/uploads\/2022\/12\/P4110014-2-57x43.jpg 57w, https:\/\/www.hotel-napoleon.it\/wp-content\/uploads\/2022\/12\/P4110014-2-72x54.jpg 72w, https:\/\/www.hotel-napoleon.it\/wp-content\/uploads\/2022\/12\/P4110014-2-114x86.jpg 114w, https:\/\/www.hotel-napoleon.it\/wp-content\/uploads\/2022\/12\/P4110014-2-144x108.jpg 144w, https:\/\/www.hotel-napoleon.it\/wp-content\/uploads\/2022\/12\/P4110014-2-600x450.jpg 600w\" sizes=\"auto, (max-width: 2048px) 100vw, 2048px\" \/><\/a>\n\t\t\t\t<\/div><\/figure><figure class='gallery-item'>\n\t\t\t\t<div class='gallery-icon landscape'>\n\t\t\t\t\t<a href='https:\/\/www.hotel-napoleon.it\/wp-content\/uploads\/2022\/12\/20170803_124640-scaled.jpg' data-size=\"2560x1920\"><img loading=\"lazy\" decoding=\"async\" width=\"2560\" height=\"1920\" src=\"https:\/\/www.hotel-napoleon.it\/wp-content\/uploads\/2022\/12\/20170803_124640-scaled.jpg\" class=\"attachment-full size-full\" alt=\"\" srcset=\"https:\/\/www.hotel-napoleon.it\/wp-content\/uploads\/2022\/12\/20170803_124640-scaled.jpg 2560w, https:\/\/www.hotel-napoleon.it\/wp-content\/uploads\/2022\/12\/20170803_124640-768x576.jpg 768w, https:\/\/www.hotel-napoleon.it\/wp-content\/uploads\/2022\/12\/20170803_124640-1536x1152.jpg 1536w, https:\/\/www.hotel-napoleon.it\/wp-content\/uploads\/2022\/12\/20170803_124640-2048x1536.jpg 2048w, https:\/\/www.hotel-napoleon.it\/wp-content\/uploads\/2022\/12\/20170803_124640-57x43.jpg 57w, https:\/\/www.hotel-napoleon.it\/wp-content\/uploads\/2022\/12\/20170803_124640-72x54.jpg 72w, https:\/\/www.hotel-napoleon.it\/wp-content\/uploads\/2022\/12\/20170803_124640-114x86.jpg 114w, https:\/\/www.hotel-napoleon.it\/wp-content\/uploads\/2022\/12\/20170803_124640-144x108.jpg 144w, https:\/\/www.hotel-napoleon.it\/wp-content\/uploads\/2022\/12\/20170803_124640-600x450.jpg 600w\" sizes=\"auto, (max-width: 2560px) 100vw, 2560px\" \/><\/a>\n\t\t\t\t<\/div><\/figure><figure class='gallery-item'>\n\t\t\t\t<div class='gallery-icon landscape'>\n\t\t\t\t\t<a href='https:\/\/www.hotel-napoleon.it\/wp-content\/uploads\/2022\/12\/P1010810-scaled.jpg' data-size=\"2560x1920\"><img loading=\"lazy\" decoding=\"async\" width=\"2560\" height=\"1920\" src=\"https:\/\/www.hotel-napoleon.it\/wp-content\/uploads\/2022\/12\/P1010810-scaled.jpg\" class=\"attachment-full size-full\" alt=\"\" srcset=\"https:\/\/www.hotel-napoleon.it\/wp-content\/uploads\/2022\/12\/P1010810-scaled.jpg 2560w, https:\/\/www.hotel-napoleon.it\/wp-content\/uploads\/2022\/12\/P1010810-768x576.jpg 768w, https:\/\/www.hotel-napoleon.it\/wp-content\/uploads\/2022\/12\/P1010810-1536x1152.jpg 1536w, https:\/\/www.hotel-napoleon.it\/wp-content\/uploads\/2022\/12\/P1010810-2048x1536.jpg 2048w, https:\/\/www.hotel-napoleon.it\/wp-content\/uploads\/2022\/12\/P1010810-57x43.jpg 57w, https:\/\/www.hotel-napoleon.it\/wp-content\/uploads\/2022\/12\/P1010810-72x54.jpg 72w, https:\/\/www.hotel-napoleon.it\/wp-content\/uploads\/2022\/12\/P1010810-114x86.jpg 114w, https:\/\/www.hotel-napoleon.it\/wp-content\/uploads\/2022\/12\/P1010810-144x108.jpg 144w, https:\/\/www.hotel-napoleon.it\/wp-content\/uploads\/2022\/12\/P1010810-600x450.jpg 600w\" sizes=\"auto, (max-width: 2560px) 100vw, 2560px\" \/><\/a>\n\t\t\t\t<\/div><\/figure><figure class='gallery-item'>\n\t\t\t\t<div class='gallery-icon landscape'>\n\t\t\t\t\t<a href='https:\/\/www.hotel-napoleon.it\/wp-content\/uploads\/2022\/12\/20170702_192113-scaled.jpg' data-size=\"2560x1920\"><img loading=\"lazy\" decoding=\"async\" width=\"2560\" height=\"1920\" src=\"https:\/\/www.hotel-napoleon.it\/wp-content\/uploads\/2022\/12\/20170702_192113-scaled.jpg\" class=\"attachment-full size-full\" alt=\"\" srcset=\"https:\/\/www.hotel-napoleon.it\/wp-content\/uploads\/2022\/12\/20170702_192113-scaled.jpg 2560w, https:\/\/www.hotel-napoleon.it\/wp-content\/uploads\/2022\/12\/20170702_192113-768x576.jpg 768w, https:\/\/www.hotel-napoleon.it\/wp-content\/uploads\/2022\/12\/20170702_192113-1536x1152.jpg 1536w, https:\/\/www.hotel-napoleon.it\/wp-content\/uploads\/2022\/12\/20170702_192113-2048x1536.jpg 2048w, https:\/\/www.hotel-napoleon.it\/wp-content\/uploads\/2022\/12\/20170702_192113-57x43.jpg 57w, https:\/\/www.hotel-napoleon.it\/wp-content\/uploads\/2022\/12\/20170702_192113-72x54.jpg 72w, https:\/\/www.hotel-napoleon.it\/wp-content\/uploads\/2022\/12\/20170702_192113-114x86.jpg 114w, https:\/\/www.hotel-napoleon.it\/wp-content\/uploads\/2022\/12\/20170702_192113-144x108.jpg 144w, https:\/\/www.hotel-napoleon.it\/wp-content\/uploads\/2022\/12\/20170702_192113-600x450.jpg 600w\" sizes=\"auto, (max-width: 2560px) 100vw, 2560px\" \/><\/a>\n\t\t\t\t<\/div><\/figure><figure class='gallery-item'>\n\t\t\t\t<div class='gallery-icon landscape'>\n\t\t\t\t\t<a href='https:\/\/www.hotel-napoleon.it\/wp-content\/uploads\/2022\/12\/20170706_184656-scaled.jpg' data-size=\"2560x1920\"><img loading=\"lazy\" decoding=\"async\" width=\"2560\" height=\"1920\" src=\"https:\/\/www.hotel-napoleon.it\/wp-content\/uploads\/2022\/12\/20170706_184656-scaled.jpg\" class=\"attachment-full size-full\" alt=\"\" srcset=\"https:\/\/www.hotel-napoleon.it\/wp-content\/uploads\/2022\/12\/20170706_184656-scaled.jpg 2560w, https:\/\/www.hotel-napoleon.it\/wp-content\/uploads\/2022\/12\/20170706_184656-768x576.jpg 768w, https:\/\/www.hotel-napoleon.it\/wp-content\/uploads\/2022\/12\/20170706_184656-1536x1152.jpg 1536w, https:\/\/www.hotel-napoleon.it\/wp-content\/uploads\/2022\/12\/20170706_184656-2048x1536.jpg 2048w, https:\/\/www.hotel-napoleon.it\/wp-content\/uploads\/2022\/12\/20170706_184656-57x43.jpg 57w, https:\/\/www.hotel-napoleon.it\/wp-content\/uploads\/2022\/12\/20170706_184656-72x54.jpg 72w, https:\/\/www.hotel-napoleon.it\/wp-content\/uploads\/2022\/12\/20170706_184656-114x86.jpg 114w, https:\/\/www.hotel-napoleon.it\/wp-content\/uploads\/2022\/12\/20170706_184656-144x108.jpg 144w, https:\/\/www.hotel-napoleon.it\/wp-content\/uploads\/2022\/12\/20170706_184656-600x450.jpg 600w\" sizes=\"auto, (max-width: 2560px) 100vw, 2560px\" \/><\/a>\n\t\t\t\t<\/div><\/figure><figure class='gallery-item'>\n\t\t\t\t<div class='gallery-icon landscape'>\n\t\t\t\t\t<a href='https:\/\/www.hotel-napoleon.it\/wp-content\/uploads\/2022\/12\/20210815_120151-scaled.jpg' data-size=\"2560x1440\"><img loading=\"lazy\" decoding=\"async\" width=\"2560\" height=\"1440\" src=\"https:\/\/www.hotel-napoleon.it\/wp-content\/uploads\/2022\/12\/20210815_120151-scaled.jpg\" class=\"attachment-full size-full\" alt=\"\" srcset=\"https:\/\/www.hotel-napoleon.it\/wp-content\/uploads\/2022\/12\/20210815_120151-scaled.jpg 2560w, https:\/\/www.hotel-napoleon.it\/wp-content\/uploads\/2022\/12\/20210815_120151-768x432.jpg 768w, https:\/\/www.hotel-napoleon.it\/wp-content\/uploads\/2022\/12\/20210815_120151-1536x864.jpg 1536w, https:\/\/www.hotel-napoleon.it\/wp-content\/uploads\/2022\/12\/20210815_120151-2048x1152.jpg 2048w, https:\/\/www.hotel-napoleon.it\/wp-content\/uploads\/2022\/12\/20210815_120151-57x32.jpg 57w, https:\/\/www.hotel-napoleon.it\/wp-content\/uploads\/2022\/12\/20210815_120151-72x41.jpg 72w, https:\/\/www.hotel-napoleon.it\/wp-content\/uploads\/2022\/12\/20210815_120151-114x64.jpg 114w, https:\/\/www.hotel-napoleon.it\/wp-content\/uploads\/2022\/12\/20210815_120151-144x81.jpg 144w\" sizes=\"auto, (max-width: 2560px) 100vw, 2560px\" \/><\/a>\n\t\t\t\t<\/div><\/figure><figure class='gallery-item'>\n\t\t\t\t<div class='gallery-icon landscape'>\n\t\t\t\t\t<a href='https:\/\/www.hotel-napoleon.it\/wp-content\/uploads\/2022\/12\/20220320_151731-scaled.jpg' data-size=\"2560x1440\"><img loading=\"lazy\" decoding=\"async\" width=\"2560\" height=\"1440\" src=\"https:\/\/www.hotel-napoleon.it\/wp-content\/uploads\/2022\/12\/20220320_151731-scaled.jpg\" class=\"attachment-full size-full\" alt=\"\" srcset=\"https:\/\/www.hotel-napoleon.it\/wp-content\/uploads\/2022\/12\/20220320_151731-scaled.jpg 2560w, https:\/\/www.hotel-napoleon.it\/wp-content\/uploads\/2022\/12\/20220320_151731-768x432.jpg 768w, https:\/\/www.hotel-napoleon.it\/wp-content\/uploads\/2022\/12\/20220320_151731-1536x864.jpg 1536w, https:\/\/www.hotel-napoleon.it\/wp-content\/uploads\/2022\/12\/20220320_151731-2048x1152.jpg 2048w, https:\/\/www.hotel-napoleon.it\/wp-content\/uploads\/2022\/12\/20220320_151731-57x32.jpg 57w, https:\/\/www.hotel-napoleon.it\/wp-content\/uploads\/2022\/12\/20220320_151731-72x41.jpg 72w, https:\/\/www.hotel-napoleon.it\/wp-content\/uploads\/2022\/12\/20220320_151731-114x64.jpg 114w, https:\/\/www.hotel-napoleon.it\/wp-content\/uploads\/2022\/12\/20220320_151731-144x81.jpg 144w\" sizes=\"auto, (max-width: 2560px) 100vw, 2560px\" \/><\/a>\n\t\t\t\t<\/div><\/figure><figure class='gallery-item'>\n\t\t\t\t<div class='gallery-icon landscape'>\n\t\t\t\t\t<a href='https:\/\/www.hotel-napoleon.it\/wp-content\/uploads\/2022\/12\/20210522_131528-scaled.jpg' data-size=\"2560x1440\"><img loading=\"lazy\" decoding=\"async\" width=\"2560\" height=\"1440\" src=\"https:\/\/www.hotel-napoleon.it\/wp-content\/uploads\/2022\/12\/20210522_131528-scaled.jpg\" class=\"attachment-full size-full\" alt=\"\" srcset=\"https:\/\/www.hotel-napoleon.it\/wp-content\/uploads\/2022\/12\/20210522_131528-scaled.jpg 2560w, https:\/\/www.hotel-napoleon.it\/wp-content\/uploads\/2022\/12\/20210522_131528-768x432.jpg 768w, https:\/\/www.hotel-napoleon.it\/wp-content\/uploads\/2022\/12\/20210522_131528-1536x864.jpg 1536w, https:\/\/www.hotel-napoleon.it\/wp-content\/uploads\/2022\/12\/20210522_131528-2048x1152.jpg 2048w, https:\/\/www.hotel-napoleon.it\/wp-content\/uploads\/2022\/12\/20210522_131528-57x32.jpg 57w, https:\/\/www.hotel-napoleon.it\/wp-content\/uploads\/2022\/12\/20210522_131528-72x41.jpg 72w, https:\/\/www.hotel-napoleon.it\/wp-content\/uploads\/2022\/12\/20210522_131528-114x64.jpg 114w, https:\/\/www.hotel-napoleon.it\/wp-content\/uploads\/2022\/12\/20210522_131528-144x81.jpg 144w\" sizes=\"auto, (max-width: 2560px) 100vw, 2560px\" \/><\/a>\n\t\t\t\t<\/div><\/figure><figure class='gallery-item'>\n\t\t\t\t<div class='gallery-icon landscape'>\n\t\t\t\t\t<a href='https:\/\/www.hotel-napoleon.it\/wp-content\/uploads\/2022\/12\/DSC02414-scaled.jpg' data-size=\"2560x1441\"><img loading=\"lazy\" decoding=\"async\" width=\"2560\" height=\"1441\" src=\"https:\/\/www.hotel-napoleon.it\/wp-content\/uploads\/2022\/12\/DSC02414-scaled.jpg\" class=\"attachment-full size-full\" alt=\"\" srcset=\"https:\/\/www.hotel-napoleon.it\/wp-content\/uploads\/2022\/12\/DSC02414-scaled.jpg 2560w, https:\/\/www.hotel-napoleon.it\/wp-content\/uploads\/2022\/12\/DSC02414-768x432.jpg 768w, https:\/\/www.hotel-napoleon.it\/wp-content\/uploads\/2022\/12\/DSC02414-1536x865.jpg 1536w, https:\/\/www.hotel-napoleon.it\/wp-content\/uploads\/2022\/12\/DSC02414-2048x1153.jpg 2048w, https:\/\/www.hotel-napoleon.it\/wp-content\/uploads\/2022\/12\/DSC02414-57x32.jpg 57w, https:\/\/www.hotel-napoleon.it\/wp-content\/uploads\/2022\/12\/DSC02414-72x41.jpg 72w, https:\/\/www.hotel-napoleon.it\/wp-content\/uploads\/2022\/12\/DSC02414-114x64.jpg 114w, https:\/\/www.hotel-napoleon.it\/wp-content\/uploads\/2022\/12\/DSC02414-144x81.jpg 144w\" sizes=\"auto, (max-width: 2560px) 100vw, 2560px\" \/><\/a>\n\t\t\t\t<\/div><\/figure><figure class='gallery-item'>\n\t\t\t\t<div class='gallery-icon landscape'>\n\t\t\t\t\t<a href='https:\/\/www.hotel-napoleon.it\/wp-content\/uploads\/2022\/12\/20200723_073730-scaled.jpg' data-size=\"2560x1440\"><img loading=\"lazy\" decoding=\"async\" width=\"2560\" height=\"1440\" src=\"https:\/\/www.hotel-napoleon.it\/wp-content\/uploads\/2022\/12\/20200723_073730-scaled.jpg\" class=\"attachment-full size-full\" alt=\"\" srcset=\"https:\/\/www.hotel-napoleon.it\/wp-content\/uploads\/2022\/12\/20200723_073730-scaled.jpg 2560w, https:\/\/www.hotel-napoleon.it\/wp-content\/uploads\/2022\/12\/20200723_073730-768x432.jpg 768w, https:\/\/www.hotel-napoleon.it\/wp-content\/uploads\/2022\/12\/20200723_073730-1536x864.jpg 1536w, https:\/\/www.hotel-napoleon.it\/wp-content\/uploads\/2022\/12\/20200723_073730-2048x1152.jpg 2048w, https:\/\/www.hotel-napoleon.it\/wp-content\/uploads\/2022\/12\/20200723_073730-57x32.jpg 57w, https:\/\/www.hotel-napoleon.it\/wp-content\/uploads\/2022\/12\/20200723_073730-72x41.jpg 72w, https:\/\/www.hotel-napoleon.it\/wp-content\/uploads\/2022\/12\/20200723_073730-114x64.jpg 114w, https:\/\/www.hotel-napoleon.it\/wp-content\/uploads\/2022\/12\/20200723_073730-144x81.jpg 144w\" sizes=\"auto, (max-width: 2560px) 100vw, 2560px\" \/><\/a>\n\t\t\t\t<\/div><\/figure><figure class='gallery-item'>\n\t\t\t\t<div class='gallery-icon landscape'>\n\t\t\t\t\t<a href='https:\/\/www.hotel-napoleon.it\/wp-content\/uploads\/2022\/12\/20200723_073736-scaled.jpg' data-size=\"2560x1440\"><img loading=\"lazy\" decoding=\"async\" width=\"2560\" height=\"1440\" src=\"https:\/\/www.hotel-napoleon.it\/wp-content\/uploads\/2022\/12\/20200723_073736-scaled.jpg\" class=\"attachment-full size-full\" alt=\"\" srcset=\"https:\/\/www.hotel-napoleon.it\/wp-content\/uploads\/2022\/12\/20200723_073736-scaled.jpg 2560w, https:\/\/www.hotel-napoleon.it\/wp-content\/uploads\/2022\/12\/20200723_073736-768x432.jpg 768w, https:\/\/www.hotel-napoleon.it\/wp-content\/uploads\/2022\/12\/20200723_073736-1536x864.jpg 1536w, https:\/\/www.hotel-napoleon.it\/wp-content\/uploads\/2022\/12\/20200723_073736-2048x1152.jpg 2048w, https:\/\/www.hotel-napoleon.it\/wp-content\/uploads\/2022\/12\/20200723_073736-57x32.jpg 57w, https:\/\/www.hotel-napoleon.it\/wp-content\/uploads\/2022\/12\/20200723_073736-72x41.jpg 72w, https:\/\/www.hotel-napoleon.it\/wp-content\/uploads\/2022\/12\/20200723_073736-114x64.jpg 114w, https:\/\/www.hotel-napoleon.it\/wp-content\/uploads\/2022\/12\/20200723_073736-144x81.jpg 144w\" sizes=\"auto, (max-width: 2560px) 100vw, 2560px\" \/><\/a>\n\t\t\t\t<\/div><\/figure>\n\t\t\t<\/div>\n<\/div>\n\n<p>Cet \u00e9t\u00e9, certains services h\u00f4teliers peuvent faire l&rsquo;objet de modifications ou de limitations conform\u00e9ment \u00e0 la r\u00e9glementation en vigueur sur la distanciation sociale afin de garantir une s\u00e9curit\u00e9 maximale \u00e0 nos clients, en particulier les plus petits. La sant\u00e9 avant tout\u2026<\/p>\n<p><strong>S\u00fbrs de votre compr\u00e9hension, nous vous remercions par avance.<\/strong><\/p>\n","protected":false},"excerpt":{"rendered":"<p>Salle \u00e0 manger panoramique climatis\u00e9e La salle \u00e0 manger climatis\u00e9e est situ\u00e9e au premier \u00e9tage avec une vue panoramique sur la mer La cuisine et le service sont tr\u00e8s soign\u00e9s. Buffet tous les jours d&rsquo;accompagnements et de salades, choix de menu de viande ou de sp\u00e9cialit\u00e9s de poisson. Petit-d\u00e9jeuner buffet, d\u00e9jeuner et d\u00eener servis \u00e0 table (demi-pension avec d\u00eener). Bar bien approvisionn\u00e9 donnant sur la promenade. En vacances il est &#8230;<\/p>\n","protected":false},"author":1,"featured_media":0,"parent":0,"menu_order":0,"comment_status":"closed","ping_status":"closed","template":"","meta":{"_acf_changed":false},"class_list":["post-2352","page","type-page","status-publish","hentry"],"acf":[],"_links":{"self":[{"href":"https:\/\/www.hotel-napoleon.it\/fr\/wp-json\/wp\/v2\/pages\/2352","targetHints":{"allow":["GET"]}}],"collection":[{"href":"https:\/\/www.hotel-napoleon.it\/fr\/wp-json\/wp\/v2\/pages"}],"about":[{"href":"https:\/\/www.hotel-napoleon.it\/fr\/wp-json\/wp\/v2\/types\/page"}],"author":[{"embeddable":true,"href":"https:\/\/www.hotel-napoleon.it\/fr\/wp-json\/wp\/v2\/users\/1"}],"replies":[{"embeddable":true,"href":"https:\/\/www.hotel-napoleon.it\/fr\/wp-json\/wp\/v2\/comments?post=2352"}],"version-history":[{"count":0,"href":"https:\/\/www.hotel-napoleon.it\/fr\/wp-json\/wp\/v2\/pages\/2352\/revisions"}],"wp:attachment":[{"href":"https:\/\/www.hotel-napoleon.it\/fr\/wp-json\/wp\/v2\/media?parent=2352"}],"curies":[{"name":"wp","href":"https:\/\/api.w.org\/{rel}","templated":true}]}}