{"id":2364,"date":"2019-07-17T10:51:55","date_gmt":"2019-07-17T08:51:55","guid":{"rendered":"https:\/\/www.hotel-napoleon.it\/direttamente-sul-mare\/"},"modified":"2022-12-13T16:19:59","modified_gmt":"2022-12-13T15:19:59","slug":"directement-sur-le-bord-de-mer","status":"publish","type":"page","link":"https:\/\/www.hotel-napoleon.it\/fr\/directement-sur-le-bord-de-mer\/","title":{"rendered":"Directement sur le bord de mer"},"content":{"rendered":"<h2>A deux pas de la plage, face \u00e0 la mer<\/h2>\n<p>Tout le <strong>confort<\/strong> de s\u00e9journer dans un<strong> h\u00f4tel face \u00e0 la mer<\/strong> avec<strong> entr\u00e9e directe \u00e0 la plage<\/strong>. \u00c0 l\u2019H\u00f4tel Napoleon les vacances sont sous le signe du confort et du relax, tout cela dans une <strong>position privil\u00e9gi\u00e9<\/strong>.<\/p>\n<p>Directement sur le bord de mer, avec une exceptionnelle <strong>vue panoramique<\/strong> et au <strong>centre de la zone pi\u00e9tonne le soir<\/strong>, la position de l\u2019h\u00f4tel permette de jouir au plein de toutes les activit\u00e9s et les attractions de Gabicce Mare, de jour comme de nuit.<\/p>\n","protected":false},"excerpt":{"rendered":"<p>A deux pas de la plage, face \u00e0 la mer Tout le confort de s\u00e9journer dans un h\u00f4tel face \u00e0 la mer avec entr\u00e9e directe \u00e0 la plage. \u00c0 l\u2019H\u00f4tel Napoleon les vacances sont sous le signe du confort et du relax, tout cela dans une position privil\u00e9gi\u00e9. Directement sur le bord de mer, avec une exceptionnelle vue panoramique et au centre de la zone pi\u00e9tonne le soir, la position &#8230;<\/p>\n","protected":false},"author":1,"featured_media":0,"parent":0,"menu_order":0,"comment_status":"closed","ping_status":"closed","template":"","meta":{"_acf_changed":false},"class_list":["post-2364","page","type-page","status-publish","hentry"],"acf":[],"_links":{"self":[{"href":"https:\/\/www.hotel-napoleon.it\/fr\/wp-json\/wp\/v2\/pages\/2364","targetHints":{"allow":["GET"]}}],"collection":[{"href":"https:\/\/www.hotel-napoleon.it\/fr\/wp-json\/wp\/v2\/pages"}],"about":[{"href":"https:\/\/www.hotel-napoleon.it\/fr\/wp-json\/wp\/v2\/types\/page"}],"author":[{"embeddable":true,"href":"https:\/\/www.hotel-napoleon.it\/fr\/wp-json\/wp\/v2\/users\/1"}],"replies":[{"embeddable":true,"href":"https:\/\/www.hotel-napoleon.it\/fr\/wp-json\/wp\/v2\/comments?post=2364"}],"version-history":[{"count":0,"href":"https:\/\/www.hotel-napoleon.it\/fr\/wp-json\/wp\/v2\/pages\/2364\/revisions"}],"wp:attachment":[{"href":"https:\/\/www.hotel-napoleon.it\/fr\/wp-json\/wp\/v2\/media?parent=2364"}],"curies":[{"name":"wp","href":"https:\/\/api.w.org\/{rel}","templated":true}]}}