{"id":2371,"date":"2016-12-23T11:10:32","date_gmt":"2016-12-23T10:10:32","guid":{"rendered":"https:\/\/www.hotel-napoleon.it\/offerte-hotel-gabicce\/"},"modified":"2022-12-13T17:41:48","modified_gmt":"2022-12-13T16:41:48","slug":"toutes-les-offres","status":"publish","type":"page","link":"https:\/\/www.hotel-napoleon.it\/fr\/toutes-les-offres\/","title":{"rendered":"Offres H\u00f4tel Napol\u00e9on \u00e0 Gabicce Mare"},"content":{"rendered":"<h2>Offres H\u00f4tel Napol\u00e9on \u00e0 Gabicce Mare<\/h2>\n<p>Profitez d\u00e8s maintenant de ces offres incontournables pour passer vos vacances en bord de mer. Choisissez Gabicce Mare et notre h\u00f4tel pour des vacances de d\u00e9tente et de divertissement. R\u00e9servez maintenant et \u00e9conomisez.<\/p>\n","protected":false},"excerpt":{"rendered":"<p>Offres H\u00f4tel Napol\u00e9on \u00e0 Gabicce Mare Profitez d\u00e8s maintenant de ces offres incontournables pour passer vos vacances en bord de mer. Choisissez Gabicce Mare et notre h\u00f4tel pour des vacances de d\u00e9tente et de divertissement. R\u00e9servez maintenant et \u00e9conomisez.<\/p>\n","protected":false},"author":1,"featured_media":0,"parent":0,"menu_order":0,"comment_status":"closed","ping_status":"closed","template":"template\/template.offerte.php","meta":{"_acf_changed":false},"class_list":["post-2371","page","type-page","status-publish","hentry"],"acf":[],"_links":{"self":[{"href":"https:\/\/www.hotel-napoleon.it\/fr\/wp-json\/wp\/v2\/pages\/2371","targetHints":{"allow":["GET"]}}],"collection":[{"href":"https:\/\/www.hotel-napoleon.it\/fr\/wp-json\/wp\/v2\/pages"}],"about":[{"href":"https:\/\/www.hotel-napoleon.it\/fr\/wp-json\/wp\/v2\/types\/page"}],"author":[{"embeddable":true,"href":"https:\/\/www.hotel-napoleon.it\/fr\/wp-json\/wp\/v2\/users\/1"}],"replies":[{"embeddable":true,"href":"https:\/\/www.hotel-napoleon.it\/fr\/wp-json\/wp\/v2\/comments?post=2371"}],"version-history":[{"count":0,"href":"https:\/\/www.hotel-napoleon.it\/fr\/wp-json\/wp\/v2\/pages\/2371\/revisions"}],"wp:attachment":[{"href":"https:\/\/www.hotel-napoleon.it\/fr\/wp-json\/wp\/v2\/media?parent=2371"}],"curies":[{"name":"wp","href":"https:\/\/api.w.org\/{rel}","templated":true}]}}