{"id":2379,"date":"2019-07-17T12:00:23","date_gmt":"2019-07-17T10:00:23","guid":{"rendered":"https:\/\/www.hotel-napoleon.it\/listino-prezzi\/"},"modified":"2024-11-19T15:29:23","modified_gmt":"2024-11-19T14:29:23","slug":"traitements-et-reductions","status":"publish","type":"page","link":"https:\/\/www.hotel-napoleon.it\/fr\/traitements-et-reductions\/","title":{"rendered":"Information traitements et r\u00e9ductions"},"content":{"rendered":"<p>Toutes les chambres avec air conditionn\u00e9, salle de bain priv\u00e9e, s\u00e8che-cheveux, t\u00e9l\u00e9phone, TV satellite, radio, minibar et coffre-fort.<\/p>\n<p>Taxe de s\u00e9jour non incluse: \u20ac 2,00 par jour par personne maximum 7 jours. Enfants jusqu\u2019a 14 ans exon\u00e9r\u00e9s.<\/p>\n<p><strong><a href=\"https:\/\/www.hotel-napoleon.it\/fr\/demande-de-devis\/\">DEMANDEZ VOTRE DEVIS PERSONNALIS\u00c9 SANS ENGAGEMENT&gt;&gt;<\/a><\/strong><\/p>\n<h3>Suppl\u00e9ment:<\/h3>\n<ul>\n<li><strong>Parking<\/strong> <strong>5,00<\/strong>\u00a0 \u20ac par jour<br \/>\n<strong>Garage 10,00<\/strong> \u20ac par jour<\/li>\n<li><strong>Chambre double \u00e0 usage individuel <\/strong>50%<\/li>\n<li><strong>ALL-INCLUSIVE \u20ac 18,00 par personne \/ jour<\/strong>, min. 2 personnes \/ 3 jours, comprend :<br \/>\n\u2013 les boissons au restaurant (eau min\u00e9rale, boissons gazeuses et vin local)<br \/>\n\u2013 le service de plage (\u00e0 partir de 4. rang\u00e9e)<br \/>\n\u2013 serviette de plage avec changement tous les 3 jours.<br \/>\n\u2013 (+ \u20ac 1,00 pour chaque changement supplementaire)<\/li>\n<li><strong>ALL-INCLUSIVE pour une personne<\/strong> <strong>\u20ac 22,00 (<\/strong>pendant 3 jours minimum)<\/li>\n<\/ul>\n<p><strong>ENFANTS (dans la m\u00eame chambre avec deux adultes): jusq\u2019\u00e0 2,99 ans \u20ac 20,00 par jour.<\/strong><\/p>\n<h3>R\u00e9ductions:<\/h3>\n<ul>\n<li>De 3 \u00e0 6 ans <strong>-50%<\/strong><\/li>\n<li>De 7 jusqu\u2019\u00e0 12 ans <strong>-30%<\/strong><\/li>\n<li>Troisi\u00e8me lit (adultes)<strong><strong> -20%<\/strong><\/strong><\/li>\n<li><strong>Demi-pension \u2013 \u20ac 6,00 par jour et personne <\/strong>(demi-pension avec d\u00eener)<\/li>\n<\/ul>\n<h3>Services gratuits:<\/h3>\n<ul>\n<li><strong>Piscine, hydromassage, Terrasse -solarium<\/strong> avec transats, <strong>salle de gym, WI-FI, internet point, parking et v\u00e9los<\/strong>.<\/li>\n<li><strong>Directement sur la mer au centre de l\u2019agr\u00e9able zone pi\u00e9tonne du soir.<\/strong><\/li>\n<li><strong>Compl\u00e8tement climatis\u00e9.<\/strong><\/li>\n<li>Chambres confortables, avec climatisation, salle de bains, s\u00e8che-cheveux, t\u00e9l\u00e9phone, minibar, TV-sat, radio, coffre-fort et balcon.<\/li>\n<li><strong>Piscine panoramique<\/strong> au dernier \u00e9tage avec dispositif pour nage contre courant, <strong>piscine hydromassage Jacuzzi<\/strong>.<\/li>\n<li><strong>Trois grandes terrasses<\/strong>, avec splendide vue sur la baie, equip\u00e9es de transats dont l\u2019usage est gratuit.<\/li>\n<li><strong>Service de massages sur demande et Solarium-UVA.<\/strong><\/li>\n<li><strong>Salle de gym.<\/strong><\/li>\n<li><strong>Salle de jeux pou enfants avec animation<\/strong> (Juin &gt; Ao\u00fbt).<\/li>\n<li>Internet Point. Wi-Fi dans tout l\u2019h\u00f4tel et sur la plage.<\/li>\n<li>Accueillante salle de s\u00e9jour avec TV-Sat et billard.<\/li>\n<li>Restaurant climatis\u00e9 avec vue sur la mer.<\/li>\n<li><strong>Cuisine particuli\u00e8rement soign\u00e9e: menus au choix<\/strong>, enrichis de buffets de salades et hors-d\u2019oeuvre<\/li>\n<li>Sp\u00e9cialit\u00e9s de poisson.<\/li>\n<li><strong>Menus pour enfants et pour coeliaques.<\/strong><\/li>\n<li><strong>Petit d\u00e9jeuner avec buffet.<\/strong><\/li>\n<li>Bar tr\u00e8s fourni, donnant sur la promenade.<\/li>\n<li><strong>V\u00e9los \u00e0 disposition des clients.<\/strong><\/li>\n<li>Parking priv\u00e9, \u00e0 quelques pas de l&rsquo;h\u00f4tel sur demande : <strong>5,00 \u20ac<\/strong> par jour<br \/>\nGarage \u00e0 quelques pas de l&rsquo;h\u00f4tel sur demande<strong> 10,00 \u20ac<\/strong> par jour<\/li>\n<li>Ouvert de Avril\u00a0 \u00e0 Septembre.<\/li>\n<\/ul>\n<p>Les chambres sont disponibles <strong>\u00e0 partir de 12h00 le jour d\u2019arriv\u00e9e \u00e0 10h00 le jour du d\u00e9part.<\/strong><br \/>\nLes repas non pris dans l\u2019h\u00f4tel ne seront pas d\u00e9duits, mais \u00e9ventuellement, remplac\u00e9s par un panier-repas.<\/p>\n","protected":false},"excerpt":{"rendered":"<p>Toutes les chambres avec air conditionn\u00e9, salle de bain priv\u00e9e, s\u00e8che-cheveux, t\u00e9l\u00e9phone, TV satellite, radio, minibar et coffre-fort. Taxe de s\u00e9jour non incluse: \u20ac 2,00 par jour par personne maximum 7 jours. Enfants jusqu\u2019a 14 ans exon\u00e9r\u00e9s. DEMANDEZ VOTRE DEVIS PERSONNALIS\u00c9 SANS ENGAGEMENT&gt;&gt; Suppl\u00e9ment: Parking 5,00\u00a0 \u20ac par jour Garage 10,00 \u20ac par jour Chambre double \u00e0 usage individuel 50% ALL-INCLUSIVE \u20ac 18,00 par personne \/ jour, min. 2 personnes &#8230;<\/p>\n","protected":false},"author":1,"featured_media":0,"parent":0,"menu_order":0,"comment_status":"closed","ping_status":"closed","template":"","meta":{"_acf_changed":false},"class_list":["post-2379","page","type-page","status-publish","hentry"],"acf":[],"_links":{"self":[{"href":"https:\/\/www.hotel-napoleon.it\/fr\/wp-json\/wp\/v2\/pages\/2379","targetHints":{"allow":["GET"]}}],"collection":[{"href":"https:\/\/www.hotel-napoleon.it\/fr\/wp-json\/wp\/v2\/pages"}],"about":[{"href":"https:\/\/www.hotel-napoleon.it\/fr\/wp-json\/wp\/v2\/types\/page"}],"author":[{"embeddable":true,"href":"https:\/\/www.hotel-napoleon.it\/fr\/wp-json\/wp\/v2\/users\/1"}],"replies":[{"embeddable":true,"href":"https:\/\/www.hotel-napoleon.it\/fr\/wp-json\/wp\/v2\/comments?post=2379"}],"version-history":[{"count":0,"href":"https:\/\/www.hotel-napoleon.it\/fr\/wp-json\/wp\/v2\/pages\/2379\/revisions"}],"wp:attachment":[{"href":"https:\/\/www.hotel-napoleon.it\/fr\/wp-json\/wp\/v2\/media?parent=2379"}],"curies":[{"name":"wp","href":"https:\/\/api.w.org\/{rel}","templated":true}]}}