{"id":2388,"date":"2019-07-17T12:40:53","date_gmt":"2019-07-17T10:40:53","guid":{"rendered":"https:\/\/www.hotel-napoleon.it\/bike-friendly-hotel\/"},"modified":"2025-12-02T17:58:52","modified_gmt":"2025-12-02T16:58:52","slug":"hotel-convivial-pour-les-velos","status":"publish","type":"page","link":"https:\/\/www.hotel-napoleon.it\/fr\/hotel-convivial-pour-les-velos\/","title":{"rendered":"H\u00f4tel convivial pour les v\u00e9los"},"content":{"rendered":"<h2>\u00c0 l\u2019h\u00f4tel Napol\u00e9on \u00e0 Gabicce Mare, les sportifs sont des invit\u00e9s sp\u00e9ciaux<\/h2>\n<h3>Si vous venez passer vos vacances sportives \u00e0 l\u2019H\u00f4tel Napol\u00e9on, vous trouverez e nombreux services sur mesure pour vous:<\/h3>\n<ul>\n<li><strong>D\u00e9p\u00f4t pour les v\u00e9los<\/strong> \u00e9quip\u00e9 pour les <strong>petites r\u00e9parations<\/strong>.<\/li>\n<li><strong>Excursions guid\u00e9es<\/strong> pour groupes d\u2019au moins 5 personnes.<\/li>\n<li><strong>Service de blanchisserie pour les v\u00eatements techniques.<\/strong><\/li>\n<li><strong>Piscine panoramique<\/strong> avec jet \u00e0 contre-courant, chaises longues et <strong>Jacuzzi chauff\u00e9.<\/strong><\/li>\n<li><strong>Serviette de plage pour la piscine.<\/strong><\/li>\n<li><strong>Riche petit-d\u00e9jeuner le matin<\/strong>.<\/li>\n<li><strong>Traitement en pension compl\u00e8te ou demi pension avec boissons comprises<\/strong> (eau min\u00e9rale et vin local ou boissons non alcoolis\u00e9es).<\/li>\n<li><strong>3 menus au choix<\/strong> et un riche buffet d\u2019entr\u00e9es et de l\u00e9gumes.<\/li>\n<li><strong>Pic nic<\/strong>, sucr\u00e9e et sal\u00e9e, au retour des randonn\u00e9es \u00e0 v\u00e9lo.<\/li>\n<li><strong>Gym disponible.<\/strong><\/li>\n<li><strong>Parking priv\u00e9 ou garage.<\/strong><\/li>\n<li><strong>Point Internet et Wi-Fi gratuit dans tout l\u2019h\u00f4tel, dans la chambre et \u00e0 la plage<\/strong><\/li>\n<\/ul>\n<h3>De plus, sur demande il est possible de trouver:<\/h3>\n<ul>\n<li><strong>Massages sportifs<\/strong><\/li>\n<li><strong>Visite des vignobles locaux<\/strong> \u00ab Tenuta del Monsignore \u00bb, \u00ab Tempio Antico \u00bb \u00ab Ottaviani \u00bb (\u00e0 seulement 15 minutes) <strong>pour la d\u00e9gustation de vin, d\u2019huile et de produits typiques.<\/strong><\/li>\n<li><strong>Taxi pou la gare de Cattolica<\/strong>, Rimini, Pesaro ou de l\u2019a\u00e9roport de Rimini.<\/li>\n<li><strong>Location de v\u00e9los<\/strong> dans les magasins de v\u00e9los sp\u00e9cialis\u00e9s<\/li>\n<li><img loading=\"lazy\" decoding=\"async\" class=\"alignnone wp-image-2067\" src=\"https:\/\/www.hotel-napoleon.it\/wp-content\/uploads\/2019\/07\/Slide-Bike-04-Hotel-Napoleon-Gabicce.jpg\" alt=\"Bike Friendly Hotel\" width=\"934\" height=\"316\" data-big-size=\"1920x650\" srcset=\"https:\/\/www.hotel-napoleon.it\/wp-content\/uploads\/2019\/07\/Slide-Bike-04-Hotel-Napoleon-Gabicce.jpg 1920w, https:\/\/www.hotel-napoleon.it\/wp-content\/uploads\/2019\/07\/Slide-Bike-04-Hotel-Napoleon-Gabicce-768x260.jpg 768w, https:\/\/www.hotel-napoleon.it\/wp-content\/uploads\/2019\/07\/Slide-Bike-04-Hotel-Napoleon-Gabicce-57x19.jpg 57w, https:\/\/www.hotel-napoleon.it\/wp-content\/uploads\/2019\/07\/Slide-Bike-04-Hotel-Napoleon-Gabicce-72x24.jpg 72w, https:\/\/www.hotel-napoleon.it\/wp-content\/uploads\/2019\/07\/Slide-Bike-04-Hotel-Napoleon-Gabicce-114x39.jpg 114w, https:\/\/www.hotel-napoleon.it\/wp-content\/uploads\/2019\/07\/Slide-Bike-04-Hotel-Napoleon-Gabicce-144x49.jpg 144w\" sizes=\"auto, (max-width: 934px) 100vw, 934px\" \/>\n<figure id=\"attachment_5944\" aria-describedby=\"caption-attachment-5944\" style=\"width: 933px\" class=\"wp-caption alignnone\"><img loading=\"lazy\" decoding=\"async\" class=\" wp-image-5944\" src=\"https:\/\/www.hotel-napoleon.it\/wp-content\/uploads\/2025\/12\/Arena-Granfondo-Squali-1-1024x858.jpg\" alt=\"Arena-Granfondo-Squali\" width=\"933\" height=\"782\" data-big-size=\"1417x858\" \/><figcaption id=\"caption-attachment-5944\" class=\"wp-caption-text\">Arena-Granfondo-Squali<\/figcaption><\/figure>\n<figure id=\"attachment_5948\" aria-describedby=\"caption-attachment-5948\" style=\"width: 938px\" class=\"wp-caption alignnone\"><img loading=\"lazy\" decoding=\"async\" class=\" wp-image-5948\" src=\"https:\/\/www.hotel-napoleon.it\/wp-content\/uploads\/2025\/12\/Partenza-Squali-r-1024x1024.jpg\" alt=\"Partenza-Squali\" width=\"938\" height=\"938\" data-big-size=\"1800x1200\" srcset=\"https:\/\/www.hotel-napoleon.it\/wp-content\/uploads\/2025\/12\/Partenza-Squali-r-1024x1024.jpg 1024w, https:\/\/www.hotel-napoleon.it\/wp-content\/uploads\/2025\/12\/Partenza-Squali-r-300x300.jpg 300w, https:\/\/www.hotel-napoleon.it\/wp-content\/uploads\/2025\/12\/Partenza-Squali-r-150x150.jpg 150w\" sizes=\"auto, (max-width: 938px) 100vw, 938px\" \/><figcaption id=\"caption-attachment-5948\" class=\"wp-caption-text\">Partenza-Squali<\/figcaption><\/figure>\n<table style=\"border-collapse: collapse; width: 100%;\">\n<tbody>\n<tr>\n<td style=\"width: 33.3333%;\">\n<p><figure id=\"attachment_5936\" aria-describedby=\"caption-attachment-5936\" style=\"width: 242px\" class=\"wp-caption alignnone\"><img loading=\"lazy\" decoding=\"async\" class=\" wp-image-5936\" src=\"https:\/\/www.hotel-napoleon.it\/wp-content\/uploads\/2025\/12\/Panorama-1024x1024.jpg\" alt=\"Panorama\" width=\"242\" height=\"242\" data-big-size=\"1920x1280\" srcset=\"https:\/\/www.hotel-napoleon.it\/wp-content\/uploads\/2025\/12\/Panorama-1024x1024.jpg 1024w, https:\/\/www.hotel-napoleon.it\/wp-content\/uploads\/2025\/12\/Panorama-300x300.jpg 300w, https:\/\/www.hotel-napoleon.it\/wp-content\/uploads\/2025\/12\/Panorama-150x150.jpg 150w\" sizes=\"auto, (max-width: 242px) 100vw, 242px\" \/><figcaption id=\"caption-attachment-5936\" class=\"wp-caption-text\">Panorama<\/figcaption><\/figure><\/td>\n<td style=\"width: 33.3333%;\">\n<p><figure id=\"attachment_5932\" aria-describedby=\"caption-attachment-5932\" style=\"width: 241px\" class=\"wp-caption alignnone\"><img loading=\"lazy\" decoding=\"async\" class=\" wp-image-5932\" src=\"https:\/\/www.hotel-napoleon.it\/wp-content\/uploads\/2025\/12\/territorio-interno-1024x1024.jpg\" alt=\"territorio-interno\" width=\"241\" height=\"241\" data-big-size=\"1800x1200\" srcset=\"https:\/\/www.hotel-napoleon.it\/wp-content\/uploads\/2025\/12\/territorio-interno-1024x1024.jpg 1024w, https:\/\/www.hotel-napoleon.it\/wp-content\/uploads\/2025\/12\/territorio-interno-300x300.jpg 300w, https:\/\/www.hotel-napoleon.it\/wp-content\/uploads\/2025\/12\/territorio-interno-150x150.jpg 150w\" sizes=\"auto, (max-width: 241px) 100vw, 241px\" \/><figcaption id=\"caption-attachment-5932\" class=\"wp-caption-text\">territorio-interno<\/figcaption><\/figure><\/td>\n<td style=\"width: 33.3333%;\">\n<p><figure id=\"attachment_5940\" aria-describedby=\"caption-attachment-5940\" style=\"width: 243px\" class=\"wp-caption alignnone\"><img loading=\"lazy\" decoding=\"async\" class=\" wp-image-5940\" src=\"https:\/\/www.hotel-napoleon.it\/wp-content\/uploads\/2025\/12\/Il-territorio-1024x1024.jpg\" alt=\"Il-territorio\" width=\"243\" height=\"243\" data-big-size=\"1920x1280\" srcset=\"https:\/\/www.hotel-napoleon.it\/wp-content\/uploads\/2025\/12\/Il-territorio-1024x1024.jpg 1024w, https:\/\/www.hotel-napoleon.it\/wp-content\/uploads\/2025\/12\/Il-territorio-300x300.jpg 300w, https:\/\/www.hotel-napoleon.it\/wp-content\/uploads\/2025\/12\/Il-territorio-150x150.jpg 150w\" sizes=\"auto, (max-width: 243px) 100vw, 243px\" \/><figcaption id=\"caption-attachment-5940\" class=\"wp-caption-text\">Il-territorio<\/figcaption><\/figure><\/td>\n<\/tr>\n<\/tbody>\n<\/table>\n<\/li>\n<\/ul>\n<p><img loading=\"lazy\" decoding=\"async\" class=\"alignnone wp-image-2656\" src=\"https:\/\/www.hotel-napoleon.it\/wp-content\/uploads\/2019\/07\/Gallery-Bike-10-Hotel-Napoleon-Gabicce.jpg\" alt=\"\" width=\"943\" height=\"660\" data-big-size=\"1000x700\" srcset=\"https:\/\/www.hotel-napoleon.it\/wp-content\/uploads\/2019\/07\/Gallery-Bike-10-Hotel-Napoleon-Gabicce.jpg 1000w, https:\/\/www.hotel-napoleon.it\/wp-content\/uploads\/2019\/07\/Gallery-Bike-10-Hotel-Napoleon-Gabicce-768x538.jpg 768w, https:\/\/www.hotel-napoleon.it\/wp-content\/uploads\/2019\/07\/Gallery-Bike-10-Hotel-Napoleon-Gabicce-57x40.jpg 57w, https:\/\/www.hotel-napoleon.it\/wp-content\/uploads\/2019\/07\/Gallery-Bike-10-Hotel-Napoleon-Gabicce-72x50.jpg 72w, https:\/\/www.hotel-napoleon.it\/wp-content\/uploads\/2019\/07\/Gallery-Bike-10-Hotel-Napoleon-Gabicce-114x80.jpg 114w, https:\/\/www.hotel-napoleon.it\/wp-content\/uploads\/2019\/07\/Gallery-Bike-10-Hotel-Napoleon-Gabicce-144x101.jpg 144w\" sizes=\"auto, (max-width: 943px) 100vw, 943px\" \/><\/p>\n<p><img loading=\"lazy\" decoding=\"async\" class=\"alignnone wp-image-2904\" src=\"https:\/\/www.hotel-napoleon.it\/wp-content\/uploads\/2019\/07\/bike-napoleon-3-w-1024x1024.jpg\" alt=\"\" width=\"948\" height=\"948\" data-big-size=\"1600x1200\" srcset=\"https:\/\/www.hotel-napoleon.it\/wp-content\/uploads\/2019\/07\/bike-napoleon-3-w-1024x1024.jpg 1024w, https:\/\/www.hotel-napoleon.it\/wp-content\/uploads\/2019\/07\/bike-napoleon-3-w-150x150.jpg 150w, https:\/\/www.hotel-napoleon.it\/wp-content\/uploads\/2019\/07\/bike-napoleon-3-w-300x300.jpg 300w\" sizes=\"auto, (max-width: 948px) 100vw, 948px\" \/><\/p>\n<p><img loading=\"lazy\" decoding=\"async\" class=\"alignnone wp-image-5604\" src=\"https:\/\/www.hotel-napoleon.it\/wp-content\/uploads\/2024\/10\/settciclo-300x300.jpg\" alt=\"\" width=\"946\" height=\"946\" data-big-size=\"1000x1400\" srcset=\"https:\/\/www.hotel-napoleon.it\/wp-content\/uploads\/2024\/10\/settciclo-300x300.jpg 300w, https:\/\/www.hotel-napoleon.it\/wp-content\/uploads\/2024\/10\/settciclo-150x150.jpg 150w\" sizes=\"auto, (max-width: 946px) 100vw, 946px\" \/><\/p>\n","protected":false},"excerpt":{"rendered":"<p>\u00c0 l\u2019h\u00f4tel Napol\u00e9on \u00e0 Gabicce Mare, les sportifs sont des invit\u00e9s sp\u00e9ciaux Si vous venez passer vos vacances sportives \u00e0 l\u2019H\u00f4tel Napol\u00e9on, vous trouverez e nombreux services sur mesure pour vous: D\u00e9p\u00f4t pour les v\u00e9los \u00e9quip\u00e9 pour les petites r\u00e9parations. Excursions guid\u00e9es pour groupes d\u2019au moins 5 personnes. Service de blanchisserie pour les v\u00eatements techniques. Piscine panoramique avec jet \u00e0 contre-courant, chaises longues et Jacuzzi chauff\u00e9. Serviette de plage pour &#8230;<\/p>\n","protected":false},"author":1,"featured_media":0,"parent":0,"menu_order":0,"comment_status":"closed","ping_status":"closed","template":"","meta":{"_acf_changed":false},"class_list":["post-2388","page","type-page","status-publish","hentry"],"acf":[],"_links":{"self":[{"href":"https:\/\/www.hotel-napoleon.it\/fr\/wp-json\/wp\/v2\/pages\/2388","targetHints":{"allow":["GET"]}}],"collection":[{"href":"https:\/\/www.hotel-napoleon.it\/fr\/wp-json\/wp\/v2\/pages"}],"about":[{"href":"https:\/\/www.hotel-napoleon.it\/fr\/wp-json\/wp\/v2\/types\/page"}],"author":[{"embeddable":true,"href":"https:\/\/www.hotel-napoleon.it\/fr\/wp-json\/wp\/v2\/users\/1"}],"replies":[{"embeddable":true,"href":"https:\/\/www.hotel-napoleon.it\/fr\/wp-json\/wp\/v2\/comments?post=2388"}],"version-history":[{"count":0,"href":"https:\/\/www.hotel-napoleon.it\/fr\/wp-json\/wp\/v2\/pages\/2388\/revisions"}],"wp:attachment":[{"href":"https:\/\/www.hotel-napoleon.it\/fr\/wp-json\/wp\/v2\/media?parent=2388"}],"curies":[{"name":"wp","href":"https:\/\/api.w.org\/{rel}","templated":true}]}}