{"id":2394,"date":"2019-07-17T14:05:45","date_gmt":"2019-07-17T12:05:45","guid":{"rendered":"https:\/\/www.hotel-napoleon.it\/attivita-sportive-gabicce\/"},"modified":"2026-05-10T08:12:04","modified_gmt":"2026-05-10T06:12:04","slug":"vacances-actives-gabicce","status":"publish","type":"page","link":"https:\/\/www.hotel-napoleon.it\/fr\/vacances-actives-gabicce\/","title":{"rendered":"Vacances actives en Gabicce Mare"},"content":{"rendered":"<p><strong><span style=\"font-size: 14pt;\">Voilier<\/span><\/strong><br \/>\nNous proposons des excursions agr\u00e9ables (\u00e0 bord d\u2019un B\u00c9N\u00c9TEAU FIRST 41 S 5), \u00e9galement avec mini-cours de voile.<\/p>\n<p><img loading=\"lazy\" decoding=\"async\" class=\" wp-image-2233\" src=\"https:\/\/www.hotel-napoleon.it\/wp-content\/uploads\/2018\/02\/Offerta-barca-Hotel-Napoleon-Gabicce.jpg\" alt=\"Offerta-barca-Hotel-Napoleon-Gabicce\" width=\"387\" height=\"258\" data-big-size=\"600x400\" srcset=\"https:\/\/www.hotel-napoleon.it\/wp-content\/uploads\/2018\/02\/Offerta-barca-Hotel-Napoleon-Gabicce.jpg 600w, https:\/\/www.hotel-napoleon.it\/wp-content\/uploads\/2018\/02\/Offerta-barca-Hotel-Napoleon-Gabicce-57x38.jpg 57w, https:\/\/www.hotel-napoleon.it\/wp-content\/uploads\/2018\/02\/Offerta-barca-Hotel-Napoleon-Gabicce-72x48.jpg 72w, https:\/\/www.hotel-napoleon.it\/wp-content\/uploads\/2018\/02\/Offerta-barca-Hotel-Napoleon-Gabicce-114x76.jpg 114w, https:\/\/www.hotel-napoleon.it\/wp-content\/uploads\/2018\/02\/Offerta-barca-Hotel-Napoleon-Gabicce-144x96.jpg 144w\" sizes=\"auto, (max-width: 387px) 100vw, 387px\" \/><\/p>\n<figure id=\"attachment_3944\" aria-describedby=\"caption-attachment-3944\" style=\"width: 649px\" class=\"wp-caption alignnone\"><img loading=\"lazy\" decoding=\"async\" class=\" wp-image-3944\" src=\"https:\/\/www.hotel-napoleon.it\/wp-content\/uploads\/2021\/04\/Locandina-w.jpg\" alt=\"\" width=\"649\" height=\"918\" data-big-size=\"1200x1697\" srcset=\"https:\/\/www.hotel-napoleon.it\/wp-content\/uploads\/2021\/04\/Locandina-w.jpg 1200w, https:\/\/www.hotel-napoleon.it\/wp-content\/uploads\/2021\/04\/Locandina-w-768x1086.jpg 768w, https:\/\/www.hotel-napoleon.it\/wp-content\/uploads\/2021\/04\/Locandina-w-1086x1536.jpg 1086w, https:\/\/www.hotel-napoleon.it\/wp-content\/uploads\/2021\/04\/Locandina-w-40x57.jpg 40w, https:\/\/www.hotel-napoleon.it\/wp-content\/uploads\/2021\/04\/Locandina-w-51x72.jpg 51w, https:\/\/www.hotel-napoleon.it\/wp-content\/uploads\/2021\/04\/Locandina-w-81x114.jpg 81w, https:\/\/www.hotel-napoleon.it\/wp-content\/uploads\/2021\/04\/Locandina-w-102x144.jpg 102w\" sizes=\"auto, (max-width: 649px) 100vw, 649px\" \/><figcaption id=\"caption-attachment-3944\" class=\"wp-caption-text\">All on board<\/figcaption><\/figure>\n<h3>Golf<br \/>\n<img loading=\"lazy\" decoding=\"async\" class=\"alignnone size-full wp-image-3637\" src=\"https:\/\/www.hotel-napoleon.it\/wp-content\/uploads\/2020\/11\/Golf.jpg\" alt=\"\" width=\"236\" height=\"295\" data-big-size=\"236x295\" srcset=\"https:\/\/www.hotel-napoleon.it\/wp-content\/uploads\/2020\/11\/Golf.jpg 236w, https:\/\/www.hotel-napoleon.it\/wp-content\/uploads\/2020\/11\/Golf-46x57.jpg 46w, https:\/\/www.hotel-napoleon.it\/wp-content\/uploads\/2020\/11\/Golf-58x72.jpg 58w, https:\/\/www.hotel-napoleon.it\/wp-content\/uploads\/2020\/11\/Golf-91x114.jpg 91w, https:\/\/www.hotel-napoleon.it\/wp-content\/uploads\/2020\/11\/Golf-115x144.jpg 115w\" sizes=\"auto, (max-width: 236px) 100vw, 236px\" \/><\/h3>\n<p>De doux moments de relax au milieu de la nature, entre la mer et le golf. H\u00f4tel Napoleon <strong>est conventionn\u00e9 avec le tout nouveau Rivera Golf Club<\/strong>. Ce <strong>complexe sportif polyvalent<\/strong> peut offrir \u00e0 nos clients tous les plaisirs exclusifs d\u2019un havre de paix et de bien-\u00eatre.<\/p>\n<h4>Au Riviera Golf vous trouverez:<\/h4>\n<ul>\n<li><strong>18 trous championship (PAR 70)<\/strong><\/li>\n<li><strong>Terrain muni de 12 points<\/strong><\/li>\n<li><strong>Terrain executive 9 trous (PAR 27)<\/strong><\/li>\n<li><strong>Ecole de golf<\/strong> avec des moniteurs inscrits \u00e0 la F\u00e9d\u00e9ration<\/li>\n<li>Putting green avec 12 trous<\/li>\n<li>Salle pour ranger les sacs<\/li>\n<li><strong>Location<\/strong> de golf-carts, de caddies et de sacs; boutique<\/li>\n<li><strong>Club-House avec bar et restaurant<\/strong><\/li>\n<li><strong>Piscine<\/strong> en plein air de 80 m<\/li>\n<li><strong>Piscine couverte avec parcours hydromassage<\/strong><\/li>\n<li><strong>Sauna, hammam et centre de massages<\/strong><\/li>\n<li><strong>Cours de tennis<\/strong><\/li>\n<\/ul>\n<h3>Tennis \/ Baby foot<br \/>\n<img loading=\"lazy\" decoding=\"async\" class=\"alignnone size-full wp-image-3629\" src=\"https:\/\/www.hotel-napoleon.it\/wp-content\/uploads\/2020\/11\/Tennis.jpg\" alt=\"\" width=\"236\" height=\"354\" data-big-size=\"236x354\" srcset=\"https:\/\/www.hotel-napoleon.it\/wp-content\/uploads\/2020\/11\/Tennis.jpg 236w, https:\/\/www.hotel-napoleon.it\/wp-content\/uploads\/2020\/11\/Tennis-38x57.jpg 38w, https:\/\/www.hotel-napoleon.it\/wp-content\/uploads\/2020\/11\/Tennis-48x72.jpg 48w, https:\/\/www.hotel-napoleon.it\/wp-content\/uploads\/2020\/11\/Tennis-76x114.jpg 76w, https:\/\/www.hotel-napoleon.it\/wp-content\/uploads\/2020\/11\/Tennis-96x144.jpg 96w\" sizes=\"auto, (max-width: 236px) 100vw, 236px\" \/><\/h3>\n<p>On peut pratiquer du <strong>tennis et du baby-foot<\/strong> car l\u2019on dispose de terrains situ\u00e9s \u00e0 proximit\u00e9; et l\u2019on organise des tournois le jour comme la nuit pour nos clients.<\/p>\n<h3>Trekking et Marche nordique<\/h3>\n<p><img loading=\"lazy\" decoding=\"async\" class=\"alignnone wp-image-4209\" src=\"https:\/\/www.hotel-napoleon.it\/wp-content\/uploads\/2022\/01\/Parco-San-Bartolo-1.jpg\" alt=\"\" width=\"653\" height=\"436\" data-big-size=\"1458x974\" srcset=\"https:\/\/www.hotel-napoleon.it\/wp-content\/uploads\/2022\/01\/Parco-San-Bartolo-1.jpg 1458w, https:\/\/www.hotel-napoleon.it\/wp-content\/uploads\/2022\/01\/Parco-San-Bartolo-1-768x513.jpg 768w, https:\/\/www.hotel-napoleon.it\/wp-content\/uploads\/2022\/01\/Parco-San-Bartolo-1-57x38.jpg 57w, https:\/\/www.hotel-napoleon.it\/wp-content\/uploads\/2022\/01\/Parco-San-Bartolo-1-72x48.jpg 72w, https:\/\/www.hotel-napoleon.it\/wp-content\/uploads\/2022\/01\/Parco-San-Bartolo-1-114x76.jpg 114w, https:\/\/www.hotel-napoleon.it\/wp-content\/uploads\/2022\/01\/Parco-San-Bartolo-1-144x96.jpg 144w, https:\/\/www.hotel-napoleon.it\/wp-content\/uploads\/2022\/01\/Parco-San-Bartolo-1-600x400.jpg 600w\" sizes=\"auto, (max-width: 653px) 100vw, 653px\" \/><\/p>\n<p>Le <strong>parc naturel de San Bartolo est l\u2019endroit id\u00e9al pour plonger dans la nature<\/strong>. Des randonn\u00e9es pour d\u00e9couvrir des endroits fantastiques et des vues \u00e0 couper le souffle.<\/p>\n<h3>Equitation<br \/>\n<img loading=\"lazy\" decoding=\"async\" class=\"alignnone size-full wp-image-3621\" src=\"https:\/\/www.hotel-napoleon.it\/wp-content\/uploads\/2020\/11\/equitazione.jpg\" alt=\"\" width=\"650\" height=\"537\" data-big-size=\"650x537\" srcset=\"https:\/\/www.hotel-napoleon.it\/wp-content\/uploads\/2020\/11\/equitazione.jpg 650w, https:\/\/www.hotel-napoleon.it\/wp-content\/uploads\/2020\/11\/equitazione-57x47.jpg 57w, https:\/\/www.hotel-napoleon.it\/wp-content\/uploads\/2020\/11\/equitazione-72x59.jpg 72w, https:\/\/www.hotel-napoleon.it\/wp-content\/uploads\/2020\/11\/equitazione-114x94.jpg 114w, https:\/\/www.hotel-napoleon.it\/wp-content\/uploads\/2020\/11\/equitazione-144x119.jpg 144w\" sizes=\"auto, (max-width: 650px) 100vw, 650px\" \/><\/h3>\n<p>A seulement 15 minutes, le <strong>Horses Riviera Resort accueille chaque ann\u00e9e de grandes comp\u00e9titions nationales et internationales<\/strong>. Situ\u00e9 \u00e0 San Giovanni in Marignano, \u00e0 3 km. de la sortie d\u2019autoroute de Cattolica (A14).<\/p>\n<h3>Cyclismo<\/h3>\n<p><img loading=\"lazy\" decoding=\"async\" class=\" wp-image-4616\" src=\"https:\/\/www.hotel-napoleon.it\/wp-content\/uploads\/2022\/12\/GIO1443.jpg\" alt=\"Squali trek\" width=\"653\" height=\"435\" data-big-size=\"2048x1365\" srcset=\"https:\/\/www.hotel-napoleon.it\/wp-content\/uploads\/2022\/12\/GIO1443.jpg 2048w, https:\/\/www.hotel-napoleon.it\/wp-content\/uploads\/2022\/12\/GIO1443-768x512.jpg 768w, https:\/\/www.hotel-napoleon.it\/wp-content\/uploads\/2022\/12\/GIO1443-1536x1024.jpg 1536w, https:\/\/www.hotel-napoleon.it\/wp-content\/uploads\/2022\/12\/GIO1443-57x38.jpg 57w, https:\/\/www.hotel-napoleon.it\/wp-content\/uploads\/2022\/12\/GIO1443-72x48.jpg 72w, https:\/\/www.hotel-napoleon.it\/wp-content\/uploads\/2022\/12\/GIO1443-114x76.jpg 114w, https:\/\/www.hotel-napoleon.it\/wp-content\/uploads\/2022\/12\/GIO1443-144x96.jpg 144w, https:\/\/www.hotel-napoleon.it\/wp-content\/uploads\/2022\/12\/GIO1443-600x400.jpg 600w\" sizes=\"auto, (max-width: 653px) 100vw, 653px\" \/><\/p>\n<p><img loading=\"lazy\" decoding=\"async\" class=\" wp-image-4020\" src=\"https:\/\/www.hotel-napoleon.it\/wp-content\/uploads\/2021\/11\/20210516_075735-scaled.jpg\" alt=\"Partenza edizione 2021\" width=\"651\" height=\"366\" data-big-size=\"2560x1440\" srcset=\"https:\/\/www.hotel-napoleon.it\/wp-content\/uploads\/2021\/11\/20210516_075735-scaled.jpg 2560w, https:\/\/www.hotel-napoleon.it\/wp-content\/uploads\/2021\/11\/20210516_075735-768x432.jpg 768w, https:\/\/www.hotel-napoleon.it\/wp-content\/uploads\/2021\/11\/20210516_075735-1536x864.jpg 1536w, https:\/\/www.hotel-napoleon.it\/wp-content\/uploads\/2021\/11\/20210516_075735-2048x1152.jpg 2048w, https:\/\/www.hotel-napoleon.it\/wp-content\/uploads\/2021\/11\/20210516_075735-57x32.jpg 57w, https:\/\/www.hotel-napoleon.it\/wp-content\/uploads\/2021\/11\/20210516_075735-72x41.jpg 72w, https:\/\/www.hotel-napoleon.it\/wp-content\/uploads\/2021\/11\/20210516_075735-114x64.jpg 114w, https:\/\/www.hotel-napoleon.it\/wp-content\/uploads\/2021\/11\/20210516_075735-144x81.jpg 144w\" sizes=\"auto, (max-width: 651px) 100vw, 651px\" \/><\/p>\n<p><img loading=\"lazy\" decoding=\"async\" class=\"alignnone wp-image-4621\" src=\"https:\/\/www.hotel-napoleon.it\/wp-content\/uploads\/2022\/12\/DSC4873.jpg\" alt=\"\" width=\"654\" height=\"436\" data-big-size=\"1417x945\" srcset=\"https:\/\/www.hotel-napoleon.it\/wp-content\/uploads\/2022\/12\/DSC4873.jpg 1417w, https:\/\/www.hotel-napoleon.it\/wp-content\/uploads\/2022\/12\/DSC4873-768x512.jpg 768w, https:\/\/www.hotel-napoleon.it\/wp-content\/uploads\/2022\/12\/DSC4873-57x38.jpg 57w, https:\/\/www.hotel-napoleon.it\/wp-content\/uploads\/2022\/12\/DSC4873-72x48.jpg 72w, https:\/\/www.hotel-napoleon.it\/wp-content\/uploads\/2022\/12\/DSC4873-114x76.jpg 114w, https:\/\/www.hotel-napoleon.it\/wp-content\/uploads\/2022\/12\/DSC4873-144x96.jpg 144w, https:\/\/www.hotel-napoleon.it\/wp-content\/uploads\/2022\/12\/DSC4873-600x400.jpg 600w\" sizes=\"auto, (max-width: 654px) 100vw, 654px\" \/><\/p>\n<p><strong>Possibilit\u00e9s infinies pour les cyclistes<\/strong>, tous particuli\u00e8rement int\u00e9ressants et avec <strong>diff\u00e9rents niveaux de difficult\u00e9<\/strong>. Pour ne nommer que quelques itin\u00e9raires: \u00e0 quelques minutes de nous commence la c\u00e9l\u00e8bre<strong> Route Panoramique du Monte San Bartolo<\/strong>, plusieurs fois le protagoniste du Giro d\u2019Italia; l\u2019arri\u00e8re-pays avec <strong>Gradara, Mondaino, Saludecio et Montegridolfo<\/strong>, mais aussi Urbino et Carpegna, aussi ce dernier bien connu de tous les enthousiastes du Giro.<br \/>\nRassemblez des exp\u00e9riences uniques et inoubliables!<\/p>\n","protected":false},"excerpt":{"rendered":"<p>Voilier Nous proposons des excursions agr\u00e9ables (\u00e0 bord d\u2019un B\u00c9N\u00c9TEAU FIRST 41 S 5), \u00e9galement avec mini-cours de voile. Golf De doux moments de relax au milieu de la nature, entre la mer et le golf. H\u00f4tel Napoleon est conventionn\u00e9 avec le tout nouveau Rivera Golf Club. Ce complexe sportif polyvalent peut offrir \u00e0 nos clients tous les plaisirs exclusifs d\u2019un havre de paix et de bien-\u00eatre. Au Riviera Golf &#8230;<\/p>\n","protected":false},"author":1,"featured_media":0,"parent":0,"menu_order":0,"comment_status":"closed","ping_status":"closed","template":"","meta":{"_acf_changed":false},"class_list":["post-2394","page","type-page","status-publish","hentry"],"acf":[],"_links":{"self":[{"href":"https:\/\/www.hotel-napoleon.it\/fr\/wp-json\/wp\/v2\/pages\/2394","targetHints":{"allow":["GET"]}}],"collection":[{"href":"https:\/\/www.hotel-napoleon.it\/fr\/wp-json\/wp\/v2\/pages"}],"about":[{"href":"https:\/\/www.hotel-napoleon.it\/fr\/wp-json\/wp\/v2\/types\/page"}],"author":[{"embeddable":true,"href":"https:\/\/www.hotel-napoleon.it\/fr\/wp-json\/wp\/v2\/users\/1"}],"replies":[{"embeddable":true,"href":"https:\/\/www.hotel-napoleon.it\/fr\/wp-json\/wp\/v2\/comments?post=2394"}],"version-history":[{"count":0,"href":"https:\/\/www.hotel-napoleon.it\/fr\/wp-json\/wp\/v2\/pages\/2394\/revisions"}],"wp:attachment":[{"href":"https:\/\/www.hotel-napoleon.it\/fr\/wp-json\/wp\/v2\/media?parent=2394"}],"curies":[{"name":"wp","href":"https:\/\/api.w.org\/{rel}","templated":true}]}}