{"id":2400,"date":"2019-07-17T14:48:46","date_gmt":"2019-07-17T12:48:46","guid":{"rendered":"https:\/\/www.hotel-napoleon.it\/entroterra\/"},"modified":"2019-08-29T10:51:04","modified_gmt":"2019-08-29T08:51:04","slug":"arriere-pays","status":"publish","type":"page","link":"https:\/\/www.hotel-napoleon.it\/fr\/arriere-pays\/","title":{"rendered":"Le littoral n\u2019est pas uniquement synonyme de mer"},"content":{"rendered":"<h2>La Reine de l\u2019Adriatique est entour\u00e9e d\u2019un magnifique arri\u00e8re-pays riche en charme et en histoire, encore peu connu<\/h2>\n<p>Nombreux sont <strong>les ch\u00e2teaux, les forteresses et les bourgs \u00e0 visiter<\/strong> \u00e0 quelques minutes de la mer et id\u00e9aux pour ceux qui recherchent le <strong>contact avec la nature et aiment l\u2019histoire<\/strong> et <strong>les traditions anciennes<\/strong>. Pour se conc\u00e9der un moment de r\u00e9pit apr\u00e8s la mer, ou seulement pour la joie de s\u2019immerger dans la paix et la suggestion de <strong>paysages merveilleux, faits de magnifiques collines cultiv\u00e9es<\/strong> \u00e0 perte de vue, un tour dans l\u2019<strong>arri\u00e8re-pays voisin \u00e0 cheval entre la Romagne et les Marches<\/strong> peut \u00eatre r\u00e9ellement la solution id\u00e9ale. Parmi les localit\u00e9s qui m\u00e9ritent une visite nous vous conseillons:<\/p>\n<div id='gallery-1' class='gallery galleryid-2400  gallery-size-full'><div class='owl-carousel owl-carousel-multiple-carousel-style'\n\t\t\t\t\t\t\tdata-owl-navigation='true'\n\t\t\t\t\t\t\tdata-owl-slide-speed='300'\n\t\t\t\t\t\t\tdata-owl-autoplay='false'\n\t\t\t\t\t\t\tdata-owl-dots='false'\n\t\t\t\t\t\t\tdata-owl-dots-speed='300'\n\t\t\t\t\t\t\tdata-owl-items-xs='1'data-owl-items-sm='2'data-owl-items-md='3'data-owl-items-lg='3'data-owl-items-xl='3'\n\t\t\t\t\t\t><figure class='gallery-item'>\n\t\t\t\t<div class='gallery-icon landscape'>\n\t\t\t\t\t<a href='https:\/\/www.hotel-napoleon.it\/wp-content\/uploads\/2019\/07\/Gallery-Entroterra-03-Hotel-Napoleon-Gabicce.jpg' data-size=\"1000x700\"><img loading=\"lazy\" decoding=\"async\" width=\"1000\" height=\"700\" src=\"https:\/\/www.hotel-napoleon.it\/wp-content\/uploads\/2019\/07\/Gallery-Entroterra-03-Hotel-Napoleon-Gabicce.jpg\" class=\"attachment-full size-full\" alt=\"Vacanze Gabicce Mare\" srcset=\"https:\/\/www.hotel-napoleon.it\/wp-content\/uploads\/2019\/07\/Gallery-Entroterra-03-Hotel-Napoleon-Gabicce.jpg 1000w, https:\/\/www.hotel-napoleon.it\/wp-content\/uploads\/2019\/07\/Gallery-Entroterra-03-Hotel-Napoleon-Gabicce-768x538.jpg 768w, https:\/\/www.hotel-napoleon.it\/wp-content\/uploads\/2019\/07\/Gallery-Entroterra-03-Hotel-Napoleon-Gabicce-57x40.jpg 57w, https:\/\/www.hotel-napoleon.it\/wp-content\/uploads\/2019\/07\/Gallery-Entroterra-03-Hotel-Napoleon-Gabicce-72x50.jpg 72w, https:\/\/www.hotel-napoleon.it\/wp-content\/uploads\/2019\/07\/Gallery-Entroterra-03-Hotel-Napoleon-Gabicce-114x80.jpg 114w, https:\/\/www.hotel-napoleon.it\/wp-content\/uploads\/2019\/07\/Gallery-Entroterra-03-Hotel-Napoleon-Gabicce-144x101.jpg 144w\" sizes=\"auto, (max-width: 1000px) 100vw, 1000px\" \/><\/a>\n\t\t\t\t<\/div><\/figure><figure class='gallery-item'>\n\t\t\t\t<div class='gallery-icon landscape'>\n\t\t\t\t\t<a href='https:\/\/www.hotel-napoleon.it\/wp-content\/uploads\/2019\/07\/Gallery-Entroterra-02-Hotel-Napoleon-Gabicce.jpg' data-size=\"1000x700\"><img loading=\"lazy\" decoding=\"async\" width=\"1000\" height=\"700\" src=\"https:\/\/www.hotel-napoleon.it\/wp-content\/uploads\/2019\/07\/Gallery-Entroterra-02-Hotel-Napoleon-Gabicce.jpg\" class=\"attachment-full size-full\" alt=\"Castello Gradara\" srcset=\"https:\/\/www.hotel-napoleon.it\/wp-content\/uploads\/2019\/07\/Gallery-Entroterra-02-Hotel-Napoleon-Gabicce.jpg 1000w, https:\/\/www.hotel-napoleon.it\/wp-content\/uploads\/2019\/07\/Gallery-Entroterra-02-Hotel-Napoleon-Gabicce-768x538.jpg 768w, https:\/\/www.hotel-napoleon.it\/wp-content\/uploads\/2019\/07\/Gallery-Entroterra-02-Hotel-Napoleon-Gabicce-57x40.jpg 57w, https:\/\/www.hotel-napoleon.it\/wp-content\/uploads\/2019\/07\/Gallery-Entroterra-02-Hotel-Napoleon-Gabicce-72x50.jpg 72w, https:\/\/www.hotel-napoleon.it\/wp-content\/uploads\/2019\/07\/Gallery-Entroterra-02-Hotel-Napoleon-Gabicce-114x80.jpg 114w, https:\/\/www.hotel-napoleon.it\/wp-content\/uploads\/2019\/07\/Gallery-Entroterra-02-Hotel-Napoleon-Gabicce-144x101.jpg 144w\" sizes=\"auto, (max-width: 1000px) 100vw, 1000px\" \/><\/a>\n\t\t\t\t<\/div><\/figure><figure class='gallery-item'>\n\t\t\t\t<div class='gallery-icon landscape'>\n\t\t\t\t\t<a href='https:\/\/www.hotel-napoleon.it\/wp-content\/uploads\/2019\/07\/Gallery-Entroterra-04-Hotel-Napoleon-Gabicce.jpg' data-size=\"1000x700\"><img loading=\"lazy\" decoding=\"async\" width=\"1000\" height=\"700\" src=\"https:\/\/www.hotel-napoleon.it\/wp-content\/uploads\/2019\/07\/Gallery-Entroterra-04-Hotel-Napoleon-Gabicce.jpg\" class=\"attachment-full size-full\" alt=\"Vacanze a Gabicce Mare\" srcset=\"https:\/\/www.hotel-napoleon.it\/wp-content\/uploads\/2019\/07\/Gallery-Entroterra-04-Hotel-Napoleon-Gabicce.jpg 1000w, https:\/\/www.hotel-napoleon.it\/wp-content\/uploads\/2019\/07\/Gallery-Entroterra-04-Hotel-Napoleon-Gabicce-768x538.jpg 768w, https:\/\/www.hotel-napoleon.it\/wp-content\/uploads\/2019\/07\/Gallery-Entroterra-04-Hotel-Napoleon-Gabicce-57x40.jpg 57w, https:\/\/www.hotel-napoleon.it\/wp-content\/uploads\/2019\/07\/Gallery-Entroterra-04-Hotel-Napoleon-Gabicce-72x50.jpg 72w, https:\/\/www.hotel-napoleon.it\/wp-content\/uploads\/2019\/07\/Gallery-Entroterra-04-Hotel-Napoleon-Gabicce-114x80.jpg 114w, https:\/\/www.hotel-napoleon.it\/wp-content\/uploads\/2019\/07\/Gallery-Entroterra-04-Hotel-Napoleon-Gabicce-144x101.jpg 144w\" sizes=\"auto, (max-width: 1000px) 100vw, 1000px\" \/><\/a>\n\t\t\t\t<\/div><\/figure><figure class='gallery-item'>\n\t\t\t\t<div class='gallery-icon landscape'>\n\t\t\t\t\t<a href='https:\/\/www.hotel-napoleon.it\/wp-content\/uploads\/2019\/07\/Gallery-Entroterra-05-Hotel-Napoleon-Gabicce.jpg' data-size=\"1000x700\"><img loading=\"lazy\" decoding=\"async\" width=\"1000\" height=\"700\" src=\"https:\/\/www.hotel-napoleon.it\/wp-content\/uploads\/2019\/07\/Gallery-Entroterra-05-Hotel-Napoleon-Gabicce.jpg\" class=\"attachment-full size-full\" alt=\"Cosa vedere in vacanza Marche\" srcset=\"https:\/\/www.hotel-napoleon.it\/wp-content\/uploads\/2019\/07\/Gallery-Entroterra-05-Hotel-Napoleon-Gabicce.jpg 1000w, https:\/\/www.hotel-napoleon.it\/wp-content\/uploads\/2019\/07\/Gallery-Entroterra-05-Hotel-Napoleon-Gabicce-768x538.jpg 768w, https:\/\/www.hotel-napoleon.it\/wp-content\/uploads\/2019\/07\/Gallery-Entroterra-05-Hotel-Napoleon-Gabicce-57x40.jpg 57w, https:\/\/www.hotel-napoleon.it\/wp-content\/uploads\/2019\/07\/Gallery-Entroterra-05-Hotel-Napoleon-Gabicce-72x50.jpg 72w, https:\/\/www.hotel-napoleon.it\/wp-content\/uploads\/2019\/07\/Gallery-Entroterra-05-Hotel-Napoleon-Gabicce-114x80.jpg 114w, https:\/\/www.hotel-napoleon.it\/wp-content\/uploads\/2019\/07\/Gallery-Entroterra-05-Hotel-Napoleon-Gabicce-144x101.jpg 144w\" sizes=\"auto, (max-width: 1000px) 100vw, 1000px\" \/><\/a>\n\t\t\t\t<\/div><\/figure><figure class='gallery-item'>\n\t\t\t\t<div class='gallery-icon landscape'>\n\t\t\t\t\t<a href='https:\/\/www.hotel-napoleon.it\/wp-content\/uploads\/2019\/07\/Gallery-Entroterra-01-Hotel-Napoleon-Gabicce.jpg' data-size=\"1000x700\"><img loading=\"lazy\" decoding=\"async\" width=\"1000\" height=\"700\" src=\"https:\/\/www.hotel-napoleon.it\/wp-content\/uploads\/2019\/07\/Gallery-Entroterra-01-Hotel-Napoleon-Gabicce.jpg\" class=\"attachment-full size-full\" alt=\"Vacanze a Gabicce Mare Monumenti\" srcset=\"https:\/\/www.hotel-napoleon.it\/wp-content\/uploads\/2019\/07\/Gallery-Entroterra-01-Hotel-Napoleon-Gabicce.jpg 1000w, https:\/\/www.hotel-napoleon.it\/wp-content\/uploads\/2019\/07\/Gallery-Entroterra-01-Hotel-Napoleon-Gabicce-768x538.jpg 768w, https:\/\/www.hotel-napoleon.it\/wp-content\/uploads\/2019\/07\/Gallery-Entroterra-01-Hotel-Napoleon-Gabicce-57x40.jpg 57w, https:\/\/www.hotel-napoleon.it\/wp-content\/uploads\/2019\/07\/Gallery-Entroterra-01-Hotel-Napoleon-Gabicce-72x50.jpg 72w, https:\/\/www.hotel-napoleon.it\/wp-content\/uploads\/2019\/07\/Gallery-Entroterra-01-Hotel-Napoleon-Gabicce-114x80.jpg 114w, https:\/\/www.hotel-napoleon.it\/wp-content\/uploads\/2019\/07\/Gallery-Entroterra-01-Hotel-Napoleon-Gabicce-144x101.jpg 144w\" sizes=\"auto, (max-width: 1000px) 100vw, 1000px\" \/><\/a>\n\t\t\t\t<\/div><\/figure><figure class='gallery-item'>\n\t\t\t\t<div class='gallery-icon landscape'>\n\t\t\t\t\t<a href='https:\/\/www.hotel-napoleon.it\/wp-content\/uploads\/2019\/07\/Gallery-Entroterra-06-Hotel-Napoleon-Gabicce.jpg' data-size=\"1000x700\"><img loading=\"lazy\" decoding=\"async\" width=\"1000\" height=\"700\" src=\"https:\/\/www.hotel-napoleon.it\/wp-content\/uploads\/2019\/07\/Gallery-Entroterra-06-Hotel-Napoleon-Gabicce.jpg\" class=\"attachment-full size-full\" alt=\"Entroterra Riviera Adriatica\" srcset=\"https:\/\/www.hotel-napoleon.it\/wp-content\/uploads\/2019\/07\/Gallery-Entroterra-06-Hotel-Napoleon-Gabicce.jpg 1000w, https:\/\/www.hotel-napoleon.it\/wp-content\/uploads\/2019\/07\/Gallery-Entroterra-06-Hotel-Napoleon-Gabicce-768x538.jpg 768w, https:\/\/www.hotel-napoleon.it\/wp-content\/uploads\/2019\/07\/Gallery-Entroterra-06-Hotel-Napoleon-Gabicce-57x40.jpg 57w, https:\/\/www.hotel-napoleon.it\/wp-content\/uploads\/2019\/07\/Gallery-Entroterra-06-Hotel-Napoleon-Gabicce-72x50.jpg 72w, https:\/\/www.hotel-napoleon.it\/wp-content\/uploads\/2019\/07\/Gallery-Entroterra-06-Hotel-Napoleon-Gabicce-114x80.jpg 114w, https:\/\/www.hotel-napoleon.it\/wp-content\/uploads\/2019\/07\/Gallery-Entroterra-06-Hotel-Napoleon-Gabicce-144x101.jpg 144w\" sizes=\"auto, (max-width: 1000px) 100vw, 1000px\" \/><\/a>\n\t\t\t\t<\/div><\/figure>\n\t\t\t<\/div>\n<\/div>\n\n<h4>Coriano<\/h4>\n<p>Si vous d\u00e9sirez vous conc\u00e9der des promenades r\u00e9g\u00e9n\u00e9rantes entre les <strong>vieux oliviers et des vignes immenses<\/strong>, ce dont vous avez besoin c\u2019est d\u2019un arr\u00eat \u00e0 Coriano, destination id\u00e9ale pour des promenades r\u00e9g\u00e9n\u00e9rantes dans le Parc fluvial du Fleuve Marano et dans la Vall\u00e9e du Rio Melo. Le village est c\u00e9l\u00e8bre pour la<strong> Sagra dell\u2019Oliva<\/strong> (F\u00eate Paysanne des Olives) en automne et pour celle du Sangiovese en Ao\u00fbt.<\/p>\n<h4>Mondaino<\/h4>\n<p>Mondaino <strong>est caract\u00e9ris\u00e9 par une belle place circulaire avec des arcades n\u00e9oclassiques<\/strong>, si\u00e8ge de l\u2019\u00e9v\u00e8nement pour lequel la localit\u00e9 est c\u00e9l\u00e8bre, le <strong>\u201cPalio del Daino\u201d<\/strong> (\u201cPalio\u201d du Daim) qui a lieu chaque ann\u00e9e lors de la troisi\u00e8me semaine d\u2019ao\u00fbt et qui plonge tous les habitants de la ville dans <strong>une pittoresque repr\u00e9sentation m\u00e9di\u00e9vale<\/strong>. A ne pas perdre, l\u2019Eglise de Saint Michel et le Monast\u00e8re des Clarisses et de Saint Fran\u00e7ois.<\/p>\n<h4>Montefiore Conca<\/h4>\n<p>La petite ville est caract\u00e9ris\u00e9e par la pr\u00e9sence de nombreuses <strong>boutiques d\u2019artisans et de m\u00e9tiers d\u2019autrefois<\/strong>. A visiter la <strong>Forteresse des Malatesta<\/strong> qui domine la ville. Parmi les f\u00eates paysannes \u00e0 ne pas manquer: <strong>\u2018Salute in Fiera\u2019<\/strong> (Foire de la Sant\u00e9), en juillet, <strong>\u201cRocca de Luna\u201d<\/strong> (\u2018Forteresse de la Lune\u2019), toujours en juillet et la <strong>\u2018 Sagra della Castagna\u2019<\/strong> ( F\u00eate des Ch\u00e2taignes) en octobre.<\/p>\n<h4>Montegridolfo<\/h4>\n<p>Il s\u2019agit d\u2019un d\u00e9licieux <strong>bourg m\u00e9di\u00e9val<\/strong>, parfaitement restaur\u00e9, si\u00e8ge d\u2019un <strong>Ch\u00e2teau suggestif, ayant appartenu aux Malatesta<\/strong>, et d\u2019une \u00e9glise consacr\u00e9e \u00e0 Saint Roch qui abrite une toile importante de Cagnacci. Ne pas manquer de go\u00fbter toutes les vari\u00e9t\u00e9s d\u2019huile qui ont rendu ce petit bourg c\u00e9l\u00e8bre dans toute la p\u00e9ninsule.<\/p>\n<h4>Montescudo<\/h4>\n<p><strong>Ancienne forteresse des Malatesta<\/strong>, Montescudo m\u00e9rite une visite \u00e9galement uniquement pour son beau Crucifix conserv\u00e9 dans l\u2019Eglisse Paroissiale de Saint Biagio et Saint Simon. En ao\u00fbt Montescudo s\u2019anime avec une pittoresque <strong>\u201cSagra della Patata\u201d<\/strong> (F\u00eate des Pommes de Terre).<\/p>\n<h4>Saludecio<\/h4>\n<p>La petite ville est c\u00e9l\u00e8bre pour deux \u00e9v\u00e8nements qui ont lieu fin avril et durant la premi\u00e8re semaine d\u2019ao\u00fbt. Nous parlons de <strong>\u201cSalus Erbae\u201d<\/strong> (La Sant\u00e9 par les Plantes), <strong>Foire consacr\u00e9e aux produits naturels, et de l\u2019Ottocento Festival<\/strong> (Festival du XIX\u00e8me si\u00e8cle), une tr\u00e8s belle <strong>ri\u00e9vocation historique<\/strong> \u00e0 base de th\u00e9\u00e2tre, musique, spectacles et \u0153nogastronomie.<\/p>\n<h4>San Giovanni in Marignano<\/h4>\n<p>A S. Giovanni ne pas manquer le <strong>\u201cTeatro Massari\u201d<\/strong> du XIX\u00e8me si\u00e8cle, l\u2019Eglise de Sainte Lucie et l\u2019Eglise de Saint Pierre. <strong>La petite ville est c\u00e9l\u00e8bre surtout pour sa \u201cFesta delle Streghe\u201d<\/strong> (F\u00eate des Sorci\u00e8res) caract\u00e9ristique, qui a lieu tous les ans au moment du solstice d\u2019\u00e9t\u00e9 (S.Giovanni = Saint Jean).<\/p>\n<h4>Gradara<\/h4>\n<p>Gradara et sa <strong>forteresse m\u00e9di\u00e9vale<\/strong> sont l&rsquo;un des sites historiques et culturels les plus importants de Romagne. Situ\u00e9 \u00e0 seulement 10 minutes en voiture de Gabicce Mare, le <strong>village fortifi\u00e9<\/strong> conserve intactes ses anciennes murailles. Le Ch\u00e2teau de Gradara est c\u00e9l\u00e8bre pour avoir \u00e9t\u00e9 le t\u00e9moin de l&rsquo;histoire d\u2019amour entre Paolo Malatesta et Francesca da Rimini, cont\u00e9e par Dante dans le Chant V de L&rsquo;Enfer. Chaque \u00e9t\u00e9, le village revit la magie des contes de f\u00e9es avec les cr\u00e9atures fantastiques du festival <strong>Gradara Magic Castle<\/strong>.<\/p>\n<h4>Urbino<\/h4>\n<p>Urbino, au c\u0153ur des Marches, est l&rsquo;<strong>apoth\u00e9ose de la Renaissance italienne<\/strong> dont elle h\u00e9rite le cadre architectural et de nombreux chefs-d\u2019\u0153uvre artistiques et culturels. L&rsquo;un d&rsquo;eux, le <strong>Palais ducal<\/strong>, h\u00e9berge <strong>la Galerie nationale des Marches<\/strong>. Construit par Fr\u00e9d\u00e9ric III de Montefeltro, le palais abrite le c\u00e9l\u00e8bre Studiolo dont la splendeur a travers\u00e9 les si\u00e8cles. Ses murs sont enti\u00e8rement recouverts de marqueteries de bois cr\u00e9ant par illusion d\u2019ambitieux effets trompe-l\u2019\u0153il.<\/p>\n<h4>San Leo<\/h4>\n<p>San Leo, dans la province de Rimini, se dresse sur un <strong>piton rocheux dominant toute la vall\u00e9e du Marecchia<\/strong>. La Forteresse est un site d&rsquo;int\u00e9r\u00eat historique important et ses lointaines origines remontent \u00e0 l&rsquo;\u00e9poque romaine. Le <strong>donjon et l&rsquo;entr\u00e9e de style gothique sont la partie la plus ancienne de la forteresse<\/strong>, tandis que les tours sont de construction plus r\u00e9cente. San Leo est la destination id\u00e9ale pour les voyageurs en qu\u00eate d\u2019excursions culturelles en Romagne.<\/p>\n<h4>Saint-Marin<\/h4>\n<p>Saint-Marin est <strong>la plus vieille R\u00e9publique du monde<\/strong> et repr\u00e9sente un pr\u00e9cieux patrimoine historique et culturel. Une destination \u00e0 ne pas manquer durant vos vacances sur la Riviera. Perch\u00e9 sur le sommet du <strong>mont Titano<\/strong>, Saint-Marin vous attend pour un voyage fascinant \u00e0 travers l&rsquo;histoire, \u00e0 l\u2019image de ses <strong>tours cr\u00e9nel\u00e9es d&rsquo;origine m\u00e9di\u00e9vale<\/strong>.<\/p>\n","protected":false},"excerpt":{"rendered":"<p>La Reine de l\u2019Adriatique est entour\u00e9e d\u2019un magnifique arri\u00e8re-pays riche en charme et en histoire, encore peu connu Nombreux sont les ch\u00e2teaux, les forteresses et les bourgs \u00e0 visiter \u00e0 quelques minutes de la mer et id\u00e9aux pour ceux qui recherchent le contact avec la nature et aiment l\u2019histoire et les traditions anciennes. Pour se conc\u00e9der un moment de r\u00e9pit apr\u00e8s la mer, ou seulement pour la joie de s\u2019immerger &#8230;<\/p>\n","protected":false},"author":1,"featured_media":0,"parent":0,"menu_order":0,"comment_status":"closed","ping_status":"closed","template":"","meta":{"_acf_changed":false},"class_list":["post-2400","page","type-page","status-publish","hentry"],"acf":[],"_links":{"self":[{"href":"https:\/\/www.hotel-napoleon.it\/fr\/wp-json\/wp\/v2\/pages\/2400","targetHints":{"allow":["GET"]}}],"collection":[{"href":"https:\/\/www.hotel-napoleon.it\/fr\/wp-json\/wp\/v2\/pages"}],"about":[{"href":"https:\/\/www.hotel-napoleon.it\/fr\/wp-json\/wp\/v2\/types\/page"}],"author":[{"embeddable":true,"href":"https:\/\/www.hotel-napoleon.it\/fr\/wp-json\/wp\/v2\/users\/1"}],"replies":[{"embeddable":true,"href":"https:\/\/www.hotel-napoleon.it\/fr\/wp-json\/wp\/v2\/comments?post=2400"}],"version-history":[{"count":0,"href":"https:\/\/www.hotel-napoleon.it\/fr\/wp-json\/wp\/v2\/pages\/2400\/revisions"}],"wp:attachment":[{"href":"https:\/\/www.hotel-napoleon.it\/fr\/wp-json\/wp\/v2\/media?parent=2400"}],"curies":[{"name":"wp","href":"https:\/\/api.w.org\/{rel}","templated":true}]}}