{"id":2426,"date":"2018-09-05T10:49:59","date_gmt":"2018-09-05T08:49:59","guid":{"rendered":"https:\/\/www.hotel-napoleon.it\/dati-societari\/"},"modified":"2019-07-23T10:17:24","modified_gmt":"2019-07-23T08:17:24","slug":"donnees-sur-la-societe","status":"publish","type":"page","link":"https:\/\/www.hotel-napoleon.it\/fr\/donnees-sur-la-societe\/","title":{"rendered":"Donn\u00e9es sur la soci\u00e9t\u00e9"},"content":{"rendered":"<h2>Informations sur la soci\u00e9t\u00e9<strong><br \/>\n<\/strong><\/h2>\n<p>D\u00e9nomination et raison sociale : <strong>Hotel Napoleon Di Silvagni Giorgio E Silvagni Valerio E C. SNC<\/strong><br \/>\nSi\u00e8gesocial : <strong>Gabicce Mare \u2013 Via Vittorio Veneto, n. 151, CAP 61011<\/strong><br \/>\nBureau registre des entreprises : <strong>Camera di Commercio Industria Artigianato e Agricoltura delle Marche IT00970810412<\/strong><br \/>\nDate acte de constitution : <strong>27\/09\/1985<\/strong><br \/>\nDate inscription au registre des entreprises : <strong>22\/10\/1985<\/strong><br \/>\nCapital social :<br \/>\nNum\u00e9ro de TVA : <strong>IT00970810412<\/strong><br \/>\nPoste \u00e9lectronique certifi\u00e9e (PEC) : <strong>napoleongabicce@pec.it<\/strong><br \/>\nBureau registre des entreprises : <strong>Marche<\/strong><br \/>\nNum\u00e9ro de r\u00e9pertoire \u00e9conomique administratif (Rea) : <strong>PS-98769<\/strong><\/p>\n","protected":false},"excerpt":{"rendered":"<p>Informations sur la soci\u00e9t\u00e9 D\u00e9nomination et raison sociale : Hotel Napoleon Di Silvagni Giorgio E Silvagni Valerio E C. SNC Si\u00e8gesocial : Gabicce Mare \u2013 Via Vittorio Veneto, n. 151, CAP 61011 Bureau registre des entreprises : Camera di Commercio Industria Artigianato e Agricoltura delle Marche IT00970810412 Date acte de constitution : 27\/09\/1985 Date inscription au registre des entreprises : 22\/10\/1985 Capital social : Num\u00e9ro de TVA : IT00970810412 Poste &#8230;<\/p>\n","protected":false},"author":1,"featured_media":0,"parent":0,"menu_order":0,"comment_status":"closed","ping_status":"closed","template":"","meta":{"_acf_changed":false},"class_list":["post-2426","page","type-page","status-publish","hentry"],"acf":[],"_links":{"self":[{"href":"https:\/\/www.hotel-napoleon.it\/fr\/wp-json\/wp\/v2\/pages\/2426","targetHints":{"allow":["GET"]}}],"collection":[{"href":"https:\/\/www.hotel-napoleon.it\/fr\/wp-json\/wp\/v2\/pages"}],"about":[{"href":"https:\/\/www.hotel-napoleon.it\/fr\/wp-json\/wp\/v2\/types\/page"}],"author":[{"embeddable":true,"href":"https:\/\/www.hotel-napoleon.it\/fr\/wp-json\/wp\/v2\/users\/1"}],"replies":[{"embeddable":true,"href":"https:\/\/www.hotel-napoleon.it\/fr\/wp-json\/wp\/v2\/comments?post=2426"}],"version-history":[{"count":0,"href":"https:\/\/www.hotel-napoleon.it\/fr\/wp-json\/wp\/v2\/pages\/2426\/revisions"}],"wp:attachment":[{"href":"https:\/\/www.hotel-napoleon.it\/fr\/wp-json\/wp\/v2\/media?parent=2426"}],"curies":[{"name":"wp","href":"https:\/\/api.w.org\/{rel}","templated":true}]}}