{"id":2694,"date":"2019-07-17T16:58:47","date_gmt":"2019-07-17T14:58:47","guid":{"rendered":"https:\/\/www.hotel-napoleon.it\/richiesta-informazioni\/"},"modified":"2020-08-21T22:29:49","modified_gmt":"2020-08-21T20:29:49","slug":"demande-dinformation","status":"publish","type":"page","link":"https:\/\/www.hotel-napoleon.it\/fr\/demande-dinformation\/","title":{"rendered":"Demande d\u2019information"},"content":{"rendered":"<p>N&rsquo;h\u00e9sitez pas \u00e0 nous contacter en remplissant le formulaire ci-dessous pour tout doute ou renseignement. Notre personnel vous r\u00e9pondra dans les plus brefs d\u00e9lais. Ou appelez le +39 0541 953560, nous serons heureux de vous aider.<\/p>\n<h4><\/h4>\n","protected":false},"excerpt":{"rendered":"<p>N&rsquo;h\u00e9sitez pas \u00e0 nous contacter en remplissant le formulaire ci-dessous pour tout doute ou renseignement. Notre personnel vous r\u00e9pondra dans les plus brefs d\u00e9lais. Ou appelez le +39 0541 953560, nous serons heureux de vous aider.<\/p>\n","protected":false},"author":1,"featured_media":0,"parent":0,"menu_order":0,"comment_status":"closed","ping_status":"closed","template":"template\/template.richiesta-informazioni.php","meta":{"_acf_changed":false},"class_list":["post-2694","page","type-page","status-publish","hentry"],"acf":[],"_links":{"self":[{"href":"https:\/\/www.hotel-napoleon.it\/fr\/wp-json\/wp\/v2\/pages\/2694","targetHints":{"allow":["GET"]}}],"collection":[{"href":"https:\/\/www.hotel-napoleon.it\/fr\/wp-json\/wp\/v2\/pages"}],"about":[{"href":"https:\/\/www.hotel-napoleon.it\/fr\/wp-json\/wp\/v2\/types\/page"}],"author":[{"embeddable":true,"href":"https:\/\/www.hotel-napoleon.it\/fr\/wp-json\/wp\/v2\/users\/1"}],"replies":[{"embeddable":true,"href":"https:\/\/www.hotel-napoleon.it\/fr\/wp-json\/wp\/v2\/comments?post=2694"}],"version-history":[{"count":0,"href":"https:\/\/www.hotel-napoleon.it\/fr\/wp-json\/wp\/v2\/pages\/2694\/revisions"}],"wp:attachment":[{"href":"https:\/\/www.hotel-napoleon.it\/fr\/wp-json\/wp\/v2\/media?parent=2694"}],"curies":[{"name":"wp","href":"https:\/\/api.w.org\/{rel}","templated":true}]}}