{"id":4658,"date":"2022-12-12T14:50:24","date_gmt":"2022-12-12T13:50:24","guid":{"rendered":"https:\/\/www.hotel-napoleon.it\/?page_id=4658"},"modified":"2022-12-16T11:11:31","modified_gmt":"2022-12-16T10:11:31","slug":"hotel-pour-enfants-et-familles-en-vacances-a-gabicce-mare","status":"publish","type":"page","link":"https:\/\/www.hotel-napoleon.it\/fr\/hotel-pour-enfants-et-familles-en-vacances-a-gabicce-mare\/","title":{"rendered":"H\u00f4tel pour enfants et familles en vacances \u00e0 Gabicce Mare"},"content":{"rendered":"<h2>Amusement, jeux et animations pour nos petits enfants !<\/h2>\n<p>Les enfants ont-ils quitt\u00e9 les bancs de l&rsquo;\u00e9cole ? Alors ils sont pr\u00eats \u00e0 s&rsquo;amuser et \u00e0 profiter de l&rsquo;\u00e9t\u00e9 !<\/p>\n<p>&nbsp;<\/p>\n<p><img loading=\"lazy\" decoding=\"async\" class=\"alignnone size-medium wp-image-4835\" src=\"https:\/\/www.hotel-napoleon.it\/wp-content\/uploads\/2022\/12\/shutterstock_592802372-1-300x300.jpg\" alt=\"\" width=\"300\" height=\"300\" data-big-size=\"2560x1707\" srcset=\"https:\/\/www.hotel-napoleon.it\/wp-content\/uploads\/2022\/12\/shutterstock_592802372-1-300x300.jpg 300w, https:\/\/www.hotel-napoleon.it\/wp-content\/uploads\/2022\/12\/shutterstock_592802372-1-1024x1024.jpg 1024w, https:\/\/www.hotel-napoleon.it\/wp-content\/uploads\/2022\/12\/shutterstock_592802372-1-150x150.jpg 150w\" sizes=\"auto, (max-width: 300px) 100vw, 300px\" \/><img loading=\"lazy\" decoding=\"async\" class=\"alignnone size-medium wp-image-4839\" src=\"https:\/\/www.hotel-napoleon.it\/wp-content\/uploads\/2022\/12\/shutterstock_117705031-300x300.jpg\" alt=\"\" width=\"300\" height=\"300\" data-big-size=\"2560x1707\" srcset=\"https:\/\/www.hotel-napoleon.it\/wp-content\/uploads\/2022\/12\/shutterstock_117705031-300x300.jpg 300w, https:\/\/www.hotel-napoleon.it\/wp-content\/uploads\/2022\/12\/shutterstock_117705031-1024x1024.jpg 1024w, https:\/\/www.hotel-napoleon.it\/wp-content\/uploads\/2022\/12\/shutterstock_117705031-150x150.jpg 150w\" sizes=\"auto, (max-width: 300px) 100vw, 300px\" \/><\/p>\n<p><strong>L&rsquo;h\u00f4tel Napol\u00e9on de Gabicce Mare<\/strong> accueille les familles qui souhaitent passer leurs vacances \u00e0 la plage en toute d\u00e9tente sans renoncer au plaisir.<br \/>\n<strong>Nous voulons que votre famille se sente comme chez vous<\/strong>, que vous passiez des vacances sans soucis&#8230; En fait, tout notre professionnalisme et l&rsquo;hospitalit\u00e9 de nos chambres vous attendent pour vous permettre, \u00e0 vous et \u00e0 votre enfant, <strong>de passer un s\u00e9jour agr\u00e9able et s\u00fbr \u00e0 Gabicce Mare.<\/strong><\/p>\n<h4>Voici tous les services pens\u00e9s pour nos petits entfants :<\/h4>\n<ul>\n<li><strong>Salle de jeux<\/strong> pour enfants \u00e0 l&rsquo;int\u00e9rieur pr\u00e8s du bar pour que les parents puissent siroter un caf\u00e9 ou un ap\u00e9ritif en toute tranquillit\u00e9 ;<\/li>\n<li><strong>Jeux sur la plage<\/strong> affili\u00e9e ;<\/li>\n<li><strong>Animations<\/strong> en journ\u00e9e et en soir\u00e9e (apr\u00e8s d\u00e9jeuner et apr\u00e8s d\u00eener pour les enfants de 4\/12 ans) de juin \u00e0 fin ao\u00fbt ;<\/li>\n<li>Location gratuite de <strong>chaises hautes<\/strong>, <strong>lits b\u00e9b\u00e9<\/strong>, si\u00e8ges v\u00e9lo et v\u00e9los enfants ;<\/li>\n<li><strong>Menu enfant<\/strong> personnalis\u00e9 sur demande ;<\/li>\n<\/ul>\n<p>De plus, l&rsquo;H\u00f4tel Napol\u00e9on se trouve \u00e0 proximit\u00e9 des parcs d&rsquo;attractions de la Riviera romagnole : un paradis pour les enfants !<br \/>\nEn quelques minutes en voiture, vous pouvez emmener votre enfant \u00e0 l&rsquo;aquarium de Cattolica, Aquafan, Oltremare, Italy in Miniature et Mirabilandia !<\/p>\n<p>Il est temps de profiter de vos vacances avec votre enfant&#8230; emmenez-le \u00e0 la plage et amusez-vous !<\/p>\n","protected":false},"excerpt":{"rendered":"<p>Amusement, jeux et animations pour nos petits enfants ! Les enfants ont-ils quitt\u00e9 les bancs de l&rsquo;\u00e9cole ? Alors ils sont pr\u00eats \u00e0 s&rsquo;amuser et \u00e0 profiter de l&rsquo;\u00e9t\u00e9 ! &nbsp; L&rsquo;h\u00f4tel Napol\u00e9on de Gabicce Mare accueille les familles qui souhaitent passer leurs vacances \u00e0 la plage en toute d\u00e9tente sans renoncer au plaisir. Nous voulons que votre famille se sente comme chez vous, que vous passiez des vacances sans &#8230;<\/p>\n","protected":false},"author":4,"featured_media":0,"parent":0,"menu_order":0,"comment_status":"closed","ping_status":"closed","template":"","meta":{"_acf_changed":false},"class_list":["post-4658","page","type-page","status-publish","hentry"],"acf":[],"_links":{"self":[{"href":"https:\/\/www.hotel-napoleon.it\/fr\/wp-json\/wp\/v2\/pages\/4658","targetHints":{"allow":["GET"]}}],"collection":[{"href":"https:\/\/www.hotel-napoleon.it\/fr\/wp-json\/wp\/v2\/pages"}],"about":[{"href":"https:\/\/www.hotel-napoleon.it\/fr\/wp-json\/wp\/v2\/types\/page"}],"author":[{"embeddable":true,"href":"https:\/\/www.hotel-napoleon.it\/fr\/wp-json\/wp\/v2\/users\/4"}],"replies":[{"embeddable":true,"href":"https:\/\/www.hotel-napoleon.it\/fr\/wp-json\/wp\/v2\/comments?post=4658"}],"version-history":[{"count":0,"href":"https:\/\/www.hotel-napoleon.it\/fr\/wp-json\/wp\/v2\/pages\/4658\/revisions"}],"wp:attachment":[{"href":"https:\/\/www.hotel-napoleon.it\/fr\/wp-json\/wp\/v2\/media?parent=4658"}],"curies":[{"name":"wp","href":"https:\/\/api.w.org\/{rel}","templated":true}]}}