{"id":4662,"date":"2022-12-12T16:17:57","date_gmt":"2022-12-12T15:17:57","guid":{"rendered":"https:\/\/www.hotel-napoleon.it\/?page_id=4662"},"modified":"2022-12-12T16:18:52","modified_gmt":"2022-12-12T15:18:52","slug":"hotel-pet-friendly-a-gabicce-mare-un-sejour-a-lepreuve-des-pattes","status":"publish","type":"page","link":"https:\/\/www.hotel-napoleon.it\/fr\/hotel-pet-friendly-a-gabicce-mare-un-sejour-a-lepreuve-des-pattes\/","title":{"rendered":"H\u00f4tel pet-friendly \u00e0 Gabicce Mare : un s\u00e9jour \u00e0 l&rsquo;\u00e9preuve des pattes !"},"content":{"rendered":"<h2>En vacances avec votre ami \u00e0 quatre pattes ? A l&rsquo;H\u00f4tel Napol\u00e9on c&rsquo;est possible !<\/h2>\n<p>Envie d&rsquo;aller \u00e0 la plage avec votre ami \u00e0 quatre pattes ?<strong> Ici, \u00e0 l&rsquo;H\u00f4tel Napol\u00e9on de Gabicce Mare<\/strong>, nous acceptons les chiens de toutes tailles, les chats et autres animaux de compagnie !<\/p>\n<h4>Pourquoi sommes-nous un h\u00f4tel Pet Friendly ?<\/h4>\n<p>Pour nous, nos amis poilus, <strong>sont consid\u00e9r\u00e9 comme un membre \u00e0 part enti\u00e8re de la famille<\/strong>, et pour cela nous les accueillons ! Ils sont accueillis et choy\u00e9s comme leurs propri\u00e9taires et nous sommes pr\u00eats \u00e0 vous faire vivre un s\u00e9jour sp\u00e9cial et sans soucis au bord de la mer.<\/p>\n<p>\u00c0 l&rsquo;H\u00f4tel Napol\u00e9on, les animaux domestiques <strong>peuvent se d\u00e9placer librement dans la chambre<\/strong> et dans tous les espaces communs mais, par respect pour tous les autres clients, ils ne sont <strong>PAS<\/strong> autoris\u00e9s \u00e0 acc\u00e9der au restaurant et \u00e0 la piscine.<\/p>\n<p>Enfin, nous portons une attention particuli\u00e8re au nettoyage des chambres en \u00e9tablissant personnellement avec vous le meilleur moment en fonction de vos disponibilit\u00e9s.<\/p>\n<p>Qu&rsquo;est-ce que tu attends? vous pouvez emmener votre ami \u00e0 quatre pattes avec vous en vacances et passer des moments inoubliables avec lui en sa compagnie.<\/p>\n","protected":false},"excerpt":{"rendered":"<p>En vacances avec votre ami \u00e0 quatre pattes ? A l&rsquo;H\u00f4tel Napol\u00e9on c&rsquo;est possible ! Envie d&rsquo;aller \u00e0 la plage avec votre ami \u00e0 quatre pattes ? Ici, \u00e0 l&rsquo;H\u00f4tel Napol\u00e9on de Gabicce Mare, nous acceptons les chiens de toutes tailles, les chats et autres animaux de compagnie ! Pourquoi sommes-nous un h\u00f4tel Pet Friendly ? Pour nous, nos amis poilus, sont consid\u00e9r\u00e9 comme un membre \u00e0 part enti\u00e8re de &#8230;<\/p>\n","protected":false},"author":4,"featured_media":0,"parent":0,"menu_order":0,"comment_status":"closed","ping_status":"closed","template":"","meta":{"_acf_changed":false},"class_list":["post-4662","page","type-page","status-publish","hentry"],"acf":[],"_links":{"self":[{"href":"https:\/\/www.hotel-napoleon.it\/fr\/wp-json\/wp\/v2\/pages\/4662","targetHints":{"allow":["GET"]}}],"collection":[{"href":"https:\/\/www.hotel-napoleon.it\/fr\/wp-json\/wp\/v2\/pages"}],"about":[{"href":"https:\/\/www.hotel-napoleon.it\/fr\/wp-json\/wp\/v2\/types\/page"}],"author":[{"embeddable":true,"href":"https:\/\/www.hotel-napoleon.it\/fr\/wp-json\/wp\/v2\/users\/4"}],"replies":[{"embeddable":true,"href":"https:\/\/www.hotel-napoleon.it\/fr\/wp-json\/wp\/v2\/comments?post=4662"}],"version-history":[{"count":0,"href":"https:\/\/www.hotel-napoleon.it\/fr\/wp-json\/wp\/v2\/pages\/4662\/revisions"}],"wp:attachment":[{"href":"https:\/\/www.hotel-napoleon.it\/fr\/wp-json\/wp\/v2\/media?parent=4662"}],"curies":[{"name":"wp","href":"https:\/\/api.w.org\/{rel}","templated":true}]}}